{"id":1342,"date":"2026-03-17T08:56:05","date_gmt":"2026-03-17T08:56:05","guid":{"rendered":"https:\/\/tolcu.com\/?page_id=1342"},"modified":"2026-04-22T09:33:31","modified_gmt":"2026-04-22T09:33:31","slug":"%d9%81%d8%b3%d8%a7%d8%aa%d9%8a%d9%86-%d8%b2%d9%81%d8%a7%d9%81-%d9%85%d9%86-%d8%aa%d8%b1%d9%83%d9%8a%d8%a7-%d8%ac%d9%84%d9%86%d9%84%d9%8a%d9%83-%d8%a7%d8%b3%d8%b7%d9%86%d8%a8%d9%88%d9%84-%d8%a7%d8%b2","status":"publish","type":"page","link":"https:\/\/tolcu.com\/ar\/brautkleid-aus-der-tuerkei-gelinlik-istanbul-izmir\/","title":{"rendered":"\u0641\u0633\u062a\u0627\u0646 \u0632\u0641\u0627\u0641 \u0645\u0646 \u062a\u0631\u0643\u064a\u0627"},"content":{"rendered":"<div class=\"wp-block-group alignfull is-style-ext-preset--group--natural-1--section ext-animate--on has-background-background-color has-background has-global-padding is-layout-constrained wp-container-core-group-is-layout-f72f1611 wp-block-group-is-layout-constrained\" style=\"margin-top:0;margin-bottom:0;padding-top:var(--wp--preset--spacing--70);padding-bottom:var(--wp--preset--spacing--70)\">\n<div class=\"wp-block-group alignwide ext-is-logical-start ext-animate--on has-global-padding is-content-justification-left is-layout-constrained wp-container-core-group-is-layout-6729bdbe wp-block-group-is-layout-constrained\">\n<h1 class=\"wp-block-heading ext-animate--on has-x-large-font-size\">\u0641\u0633\u0627\u062a\u064a\u0646 \u0632\u0641\u0627\u0641 \u0645\u0646 \u062a\u0631\u0643\u064a\u0627 \u0623\u0633\u0639\u0627\u0631<\/h1>\n\n\n\n<p class=\"has-text-align-left ext-animate--on\"><\/p>\n<\/div>\n\n\n\n<div class=\"wp-block-group alignwide ext-is-logical-start ext-animate--on has-global-padding is-content-justification-left is-layout-constrained wp-container-core-group-is-layout-6729bdbe wp-block-group-is-layout-constrained\">\n<h2 class=\"wp-block-heading ext-animate--on has-medium-font-size\">\u0623\u0633\u0639\u0627\u0631 \u0641\u0633\u0627\u062a\u064a\u0646 \u0627\u0644\u0632\u0641\u0627\u0641 \u0641\u064a \u0625\u0633\u0637\u0646\u0628\u0648\u0644 \u0648\u0625\u0632\u0645\u064a\u0631 \u0648\u0623\u0646\u0642\u0631\u0629<\/h2>\n\n\n\n<p class=\"has-text-align-left ext-animate--on\"><\/p>\n<\/div>\n\n\n\n<h2 style=\"text-align: center;\" data-section-id=\"r7hqz4\" data-start=\"116\" data-end=\"208\">\u062a\u0648\u0644\u062c\u0648 \u0623\u0632\u064a\u0627\u0621 \u0627\u0644\u0632\u0641\u0627\u0641 \u0648\u0627\u0644\u0633\u0647\u0631\u0629 \u2013 \u0641\u0633\u0627\u062a\u064a\u0646 \u0632\u0641\u0627\u0641 \u0642\u0631\u064a\u0628\u0629 \u0645\u0646 \u0645\u0627\u0646\u0647\u0627\u064a\u0645 \u0628\u0623\u0633\u0639\u0627\u0631 \u0639\u0627\u062f\u0644\u0629 \u0643\u0645\u0627 \u0641\u064a \u062a\u0631\u0643\u064a\u0627<\/h2>\n<p style=\"text-align: center;\" data-start=\"210\" data-end=\"368\">\u0623\u0647\u0644\u0627\u064b \u0628\u0643 \u0641\u064a <strong data-start=\"225\" data-end=\"253\">\u062a\u0648\u0644\u062c\u0648 \u0623\u0632\u064a\u0627\u0621 \u0627\u0644\u0639\u0631\u0648\u0633 \u0648\u0627\u0644\u0645\u0633\u0627\u0621<\/strong> \u0641\u064a \u0644\u0648\u062f\u0641\u064a\u063a\u0633\u0647\u0627\u0641\u0646 \u2013 \u062e\u0628\u064a\u0631\u0643\u0645 \u0641\u064a <strong data-start=\"291\" data-end=\"321\">\u0641\u0633\u0627\u062a\u064a\u0646 \u0632\u0641\u0627\u0641 \u0628\u0627\u0644\u0642\u0631\u0628 \u0645\u0646 \u0645\u0627\u0646\u0647\u0627\u064a\u0645<\/strong>, \u060c \u0623\u0632\u064a\u0627\u0621 \u0627\u0644\u0633\u0647\u0631\u0629 \u0648\u0623\u0632\u064a\u0627\u0621 \u0627\u0644\u0632\u0641\u0627\u0641 \u0627\u0644\u0645\u0635\u0645\u0645\u0629 \u062e\u0635\u064a\u0635\u064b\u0627.<\/p>\n<p style=\"text-align: center;\" data-start=\"370\" data-end=\"403\">\u0646\u062d\u0646 \u0646\u0642\u062f\u0645 \u0645\u062c\u0645\u0648\u0639\u0629 \u0648\u0627\u0633\u0639\u0629 \u0645\u0646:<\/p>\n<ul style=\"text-align: center;\" data-start=\"404\" data-end=\"535\">\n<li data-section-id=\"qu5c9a\" data-start=\"404\" data-end=\"421\">\n<p data-start=\"406\" data-end=\"421\">\u0641\u0633\u0627\u062a\u064a\u0646 \u0632\u0641\u0627\u0641<\/p>\n<\/li>\n<li data-section-id=\"bv8l4i\" data-start=\"422\" data-end=\"439\">\n<p data-start=\"424\" data-end=\"439\">\u0641\u0633\u0627\u062a\u064a\u0646 \u0633\u0647\u0631\u0629<\/p>\n<\/li>\n<li data-section-id=\"154tnni\" data-start=\"440\" data-end=\"462\">\n<p data-start=\"442\" data-end=\"462\">\u0641\u0633\u0627\u062a\u064a\u0646 \u062d\u0646\u0627\u0621<\/p>\n<\/li>\n<li data-section-id=\"icuik4\" data-start=\"463\" data-end=\"475\">\n<p data-start=\"465\" data-end=\"475\">\u0643\u0641\u062a\u0627\u0646<\/p>\n<\/li>\n<li data-section-id=\"104ze4u\" data-start=\"476\" data-end=\"490\">\n<p data-start=\"478\" data-end=\"490\">\u062d\u062c\u0627\u0628 \u0645\u0648\u062f<\/p>\n<\/li>\n<li data-section-id=\"1fjq2qk\" data-start=\"491\" data-end=\"513\">\n<p data-start=\"493\" data-end=\"513\">\u0641\u0633\u0627\u062a\u064a\u0646 \u0627\u0644\u0645\u0623\u0630\u0648\u0646<\/p>\n<\/li>\n<li data-section-id=\"1hvpne\" data-start=\"514\" data-end=\"535\">\n<p data-start=\"516\" data-end=\"535\">\u0628\u062f\u0644\u0627\u062a \u0627\u0644\u0639\u0631\u064a\u0633<\/p>\n<\/li>\n<\/ul>\n<p style=\"text-align: center;\" data-start=\"537\" data-end=\"628\">\u0643\u0644 \u0634\u064a\u0621 \u0639\u0646 <strong data-start=\"549\" data-end=\"597\">\u0628\u0623\u0633\u0639\u0627\u0631 \u0645\u0639\u0642\u0648\u0644\u0629 - \u062a\u0636\u0627\u0647\u064a \u062a\u0631\u0643\u064a\u0627<\/strong>, \u0648\u0644\u0643\u0646 \u0628\u062f\u0648\u0646 \u062c\u0647\u062f \u0648\u0645\u062e\u0627\u0637\u0631\u0629.<\/p>\n<hr data-start=\"630\" data-end=\"633\" \/>\n<h2 style=\"text-align: center;\" data-section-id=\"aqzxmt\" data-start=\"635\" data-end=\"687\">\u0641\u0633\u0627\u062a\u064a\u0646 \u0627\u0644\u0632\u0641\u0627\u0641 \u062a\u0631\u0643\u064a\u0627 \u0623\u0645 \u0623\u0644\u0645\u0627\u0646\u064a\u0627\u061f \u0627\u0644\u0645\u0642\u0627\u0631\u0646\u0629<\/h2>\n<p style=\"text-align: center;\" data-start=\"689\" data-end=\"824\">\u064a\u062a\u0633\u0627\u0621\u0644 \u0627\u0644\u0639\u062f\u064a\u062f \u0645\u0646 \u0627\u0644\u0639\u0631\u0627\u0626\u0633:<br data-start=\"725\" data-end=\"728\" \/><strong data-start=\"728\" data-end=\"824\">\u201e\u0647\u0644 \u064a\u0633\u062a\u062d\u0642 \u0641\u0633\u062a\u0627\u0646 \u0632\u0641\u0627\u0641 \u0645\u0646 \u062a\u0631\u0643\u064a\u0627 \u2013 \u0645\u062b\u0644 \u0627\u0633\u0637\u0646\u0628\u0648\u0644\u060c \u0625\u0632\u0645\u064a\u0631\u060c \u0623\u0646\u0642\u0631\u0629 \u0623\u0648 \u0623\u0646\u0637\u0627\u0644\u064a\u0627\u061f\u201c<\/strong><\/p>\n<p style=\"text-align: center;\" data-start=\"826\" data-end=\"931\">\u063a\u0627\u0644\u0628\u064b\u0627 \u0645\u0627 \u062a\u0643\u0648\u0646 \u0641\u0633\u0627\u062a\u064a\u0646 \u0627\u0644\u0632\u0641\u0627\u0641 \u0641\u064a \u062a\u0631\u0643\u064a\u0627 \u0623\u0631\u062e\u0635 \u062b\u0645\u0646\u0627\u064b - \u0648\u0644\u0643\u0646 \u063a\u0627\u0644\u0628\u0627\u064b \u0645\u0627 \u064a\u062a\u0645 \u0627\u0644\u0627\u0633\u062a\u0647\u0627\u0646\u0629 \u0628\u0627\u0644\u062a\u0643\u0627\u0644\u064a\u0641 \u0627\u0644\u0645\u062e\u0641\u064a\u0629:<\/p>\n<ul style=\"text-align: center;\" data-start=\"933\" data-end=\"1136\">\n<li data-section-id=\"1lvh4ga\" data-start=\"933\" data-end=\"978\">\n<p data-start=\"935\" data-end=\"978\">\u062a\u0630\u0627\u0643\u0631 \u0637\u064a\u0631\u0627\u0646 (\u063a\u0627\u0644\u0628\u0627\u064b \u0644\u0639\u062f\u0629 \u0623\u0634\u062e\u0627\u0635)<\/p>\n<\/li>\n<li data-section-id=\"1s7nx0l\" data-start=\"979\" data-end=\"1005\">\n<p data-start=\"981\" data-end=\"1005\">\u0641\u0646\u062f\u0642 \u0648\u0625\u0642\u0627\u0645\u0629<\/p>\n<\/li>\n<li data-section-id=\"tbx0n5\" data-start=\"1006\" data-end=\"1030\">\n<p data-start=\"1008\" data-end=\"1030\">\ud83d\ude95 \u0627\u0644\u0646\u0642\u0644 \u0641\u064a \u0627\u0644\u0645\u0648\u0642\u0639<\/p>\n<\/li>\n<li data-section-id=\"wnqgjr\" data-start=\"1031\" data-end=\"1062\">\n<p data-start=\"1033\" data-end=\"1062\">\u0631\u0633\u0648\u0645 \u0627\u0644\u062c\u0645\u0627\u0631\u0643 \u0648\u0627\u0644\u0623\u0645\u062a\u0639\u0629<\/p>\n<\/li>\n<li data-section-id=\"vtxl2t\" data-start=\"1063\" data-end=\"1095\">\n<p data-start=\"1065\" data-end=\"1095\">\ud83e\uddf5 \u062a\u063a\u064a\u064a\u0631\u0627\u062a \u0641\u064a \u0623\u0644\u0645\u0627\u0646\u064a\u0627<\/p>\n<\/li>\n<li data-section-id=\"bgigw6\" data-start=\"1096\" data-end=\"1136\">\n<p data-start=\"1098\" data-end=\"1136\">\u2757 \u0644\u0627 \u064a\u0648\u062c\u062f \u062c\u0647\u0629 \u0627\u062a\u0635\u0627\u0644 \u0639\u0646\u062f \u062d\u062f\u0648\u062b \u0645\u0634\u0627\u0643\u0644<\/p>\n<\/li>\n<\/ul>\n<p style=\"text-align: center;\" data-start=\"1138\" data-end=\"1221\">\ud83d\udc49 \u0627\u0644\u062e\u0644\u0627\u0635\u0629: \u063a\u0627\u0644\u0628\u064b\u0627 \u0645\u0627 \u064a\u0643\u0648\u0646\u062a \u0627\u0644\u0636\u062c\u0629 \u0627\u0644\u0645\u0641\u062a\u0631\u0636\u0629 \u0623\u063a\u0644\u0649 \u0648\u0623\u0643\u062b\u0631 \u0625\u0631\u0647\u0627\u0642\u064b\u0627 \u0645\u0645\u0627 \u0643\u0627\u0646 \u0645\u062a\u0648\u0642\u0639\u064b\u0627.<\/p>\n<hr data-start=\"1223\" data-end=\"1226\" \/>\n<h2 style=\"text-align: center;\" data-section-id=\"163pkgm\" data-start=\"1228\" data-end=\"1281\">\u0641\u0633\u0627\u062a\u064a\u0646 \u0632\u0641\u0627\u0641 \u0645\u062b\u0644 \u062a\u0644\u0643 \u0627\u0644\u0645\u0648\u062c\u0648\u062f\u0629 \u0641\u064a \u0627\u0633\u0637\u0646\u0628\u0648\u0644 - \u0628\u0627\u0644\u0642\u0631\u0628 \u0645\u0646 \u0645\u0627\u0646\u0647\u0627\u064a\u0645 \u0645\u0628\u0627\u0634\u0631\u0629<\/h2>\n<p style=\"text-align: center;\" data-start=\"1283\" data-end=\"1343\">\u0628\u0627\u064a <strong data-start=\"1287\" data-end=\"1329\">\u062a\u0648\u0644\u062c\u0648 \u0644\u0644\u0641\u0633\u0627\u062a\u064a\u0646 \u0648\u0627\u0644\u0645\u0644\u0627\u0628\u0633 \u0627\u0644\u0645\u0633\u0627\u0626\u064a\u0629 \u0628\u0627\u0644\u0642\u0631\u0628 \u0645\u0646 \u0645\u0627\u0646\u0647\u0627\u064a\u0645<\/strong> \u062a\u062d\u0635\u0644 \u0639\u0644\u0649<\/p>\n<p style=\"text-align: center;\" data-start=\"1345\" data-end=\"1577\">\u2714 \u0623\u0633\u0639\u0627\u0631 \u0645\u062b\u0644 \u062a\u0631\u0643\u064a\u0627<br data-start=\"1371\" data-end=\"1374\" \/>\u2714 \u0627\u0633\u062a\u0634\u0627\u0631\u0629 \u0634\u062e\u0635\u064a\u0629 \u0641\u064a \u0627\u0644\u0645\u0648\u0642\u0639<br data-start=\"1404\" data-end=\"1407\" \/>\u2714 \u062e\u062f\u0645\u0629 \u062a\u0639\u062f\u064a\u0644 \u0627\u062d\u062a\u0631\u0627\u0641\u064a\u0629<br data-start=\"1468\" data-end=\"1471\" \/>\u2714 \u0644\u0627 \u062a\u0648\u062c\u062f \u062a\u0643\u0627\u0644\u064a\u0641 \u0633\u0641\u0631 \u0623\u0648 \u0625\u0636\u0627\u0641\u064a\u0629<br data-start=\"1503\" data-end=\"1506\" \/>\u2714 \u0627\u0644\u0623\u0645\u0627\u0646 \u0648\u0627\u0644\u0636\u0645\u0627\u0646<br data-start=\"1529\" data-end=\"1532\" \/>\u2714 \u062a\u062c\u0631\u0628\u0629 \u0645\u0644\u0627\u0628\u0633 \u0645\u0631\u064a\u062d\u0629 \u0645\u0639 \u0627\u0644\u0639\u0627\u0626\u0644\u0629 \u0648\u0627\u0644\u0623\u0635\u062f\u0642\u0627\u0621<\/p>\n<p style=\"text-align: center;\" data-start=\"1579\" data-end=\"1654\">\ud83d\udca1 \u062a\u0648\u0641\u0631\u0648\u0646 \u0627\u0644\u0648\u0642\u062a \u0648\u0627\u0644\u0645\u0627\u0644 \u0648\u0627\u0644\u0623\u0639\u0635\u0627\u0628 \u2013 \u0648\u062a\u062d\u0635\u0644\u0648\u0646 \u0639\u0644\u0649 \u0641\u0633\u062a\u0627\u0646 \u0623\u062d\u0644\u0627\u0645\u0643\u0645 \u0631\u063a\u0645 \u0630\u0644\u0643.<\/p>\n<hr data-start=\"1656\" data-end=\"1659\" \/>\n<h2 style=\"text-align: center;\" data-section-id=\"1jxq7j7\" data-start=\"1661\" data-end=\"1728\">\u0644\u0645\u0627\u0630\u0627 \u062a\u0648\u0644\u0643\u0648 \u0647\u0648 \u0627\u0644\u062e\u064a\u0627\u0631 \u0627\u0644\u0623\u0641\u0636\u0644 \u0644\u0641\u0633\u0627\u062a\u064a\u0646 \u0627\u0644\u0632\u0641\u0627\u0641 \u0641\u064a \u0645\u0646\u0637\u0642\u0629 \u0645\u0627\u0646\u0647\u0627\u064a\u0645<\/h2>\n<ul style=\"text-align: center;\" data-start=\"1730\" data-end=\"1892\">\n<li data-section-id=\"ik0csd\" data-start=\"1730\" data-end=\"1781\">\n<p data-start=\"1732\" data-end=\"1781\">\u0645\u062c\u0645\u0648\u0639\u0629 \u0643\u0628\u064a\u0631\u0629 \u0645\u0646 \u0627\u0644\u062a\u0635\u0627\u0645\u064a\u0645 \u0627\u0644\u0639\u0635\u0631\u064a\u0629 \u0648\u0627\u0644\u0643\u0644\u0627\u0633\u064a\u0643\u064a\u0629<\/p>\n<\/li>\n<li data-section-id=\"1w9bux0\" data-start=\"1782\" data-end=\"1819\">\n<p data-start=\"1784\" data-end=\"1819\">\u0623\u0642\u0645\u0634\u0629 \u0639\u0627\u0644\u064a\u0629 \u0627\u0644\u062c\u0648\u062f\u0629 \u0648\u0635\u0646\u0627\u0639\u0629 \u0645\u062a\u0642\u0646\u0629<\/p>\n<\/li>\n<li data-section-id=\"utubty\" data-start=\"1820\" data-end=\"1860\">\n<p data-start=\"1822\" data-end=\"1860\">\u0627\u0633\u062a\u0634\u0627\u0631\u0629 \u0641\u0631\u062f\u064a\u0629 \u0644\u0643\u0644 \u0639\u0631\u0648\u0633<\/p>\n<\/li>\n<li data-section-id=\"1tey2nz\" data-start=\"1861\" data-end=\"1892\">\n<p data-start=\"1863\" data-end=\"1892\">\u0645\u0648\u0642\u0639 \u0645\u0631\u0643\u0632\u064a \u0628\u0627\u0644\u0642\u0631\u0628 \u0645\u0646 \u0645\u0627\u0646\u0647\u0627\u064a\u0645<\/p>\n<\/li>\n<li data-section-id=\"1tey2nz\" data-start=\"1861\" data-end=\"1892\">\u0645\u0646\u0630 \u0639\u0627\u0645 2006 \u0641\u064a \u0627\u0644\u0633\u0648\u0642<\/li>\n<\/ul>\n<p style=\"text-align: center;\" data-start=\"1894\" data-end=\"2006\">\u0633\u0648\u0627\u0621 \u0643\u0627\u0646 \u0628\u0633\u064a\u0637\u0627\u064b \u0623\u0648 \u0623\u0646\u064a\u0642\u0627\u064b \u0623\u0648 \u0641\u0627\u062e\u0631\u0627\u064b\u060c \u0633\u062a\u062c\u062f \u0644\u062f\u064a\u0646\u0627 \u0645\u0627 \u064a\u0646\u0627\u0633\u0628\u0643 \u062a\u0645\u0627\u0645\u0627\u064b. <strong data-start=\"1968\" data-end=\"2005\">\u0641\u0633\u0627\u062a\u064a\u0646 \u0632\u0641\u0627\u0641 \u0641\u064a \u0645\u0627\u0646\u0647\u0627\u064a\u0645 \u0648\u0627\u0644\u0645\u0646\u0627\u0637\u0642 \u0627\u0644\u0645\u062c\u0627\u0648\u0631\u0629<\/strong>.<\/p>\n<hr data-start=\"2008\" data-end=\"2011\" \/>\n<h2 style=\"text-align: center;\" data-section-id=\"1lm3wqo\" data-start=\"2013\" data-end=\"2040\">\u0627\u062d\u062c\u0632 \u0645\u0648\u0639\u062f\u0627\u064b \u0627\u0644\u0622\u0646<\/h2>\n<p style=\"text-align: center;\" data-start=\"2042\" data-end=\"2132\"><strong data-start=\"2042\" data-end=\"2070\">\u062a\u0648\u0644\u062c\u0648 \u0623\u0632\u064a\u0627\u0621 \u0627\u0644\u0639\u0631\u0648\u0633 \u0648\u0627\u0644\u0645\u0633\u0627\u0621<\/strong><br data-start=\"2070\" data-end=\"2073\" \/>\u0634\u0627\u0631\u0639 \u0628\u0633\u0645\u0627\u0631\u0643 78<br data-start=\"2090\" data-end=\"2093\" \/>67059 \u0644\u0648\u062f\u0641\u064a\u063a\u0633\u0647\u0627\u0641\u0646<br data-start=\"2111\" data-end=\"2114\" \/>+49621 52938717<\/p>\n<p style=\"text-align: center;\" data-start=\"2134\" data-end=\"2255\">\ud83d\udc49 \u0627\u062d\u062c\u0632 \u0645\u0648\u0639\u062f \u0627\u0633\u062a\u0634\u0627\u0631\u062a\u0643 \u0627\u0644\u0634\u062e\u0635\u064a\u0629 \u0627\u0644\u0622\u0646 \u0648\u0627\u0639\u062b\u0631 \u0639\u0644\u0649 \u0641\u0633\u062a\u0627\u0646 \u0623\u062d\u0644\u0627\u0645\u0643 \u2013 <strong data-start=\"2226\" data-end=\"2254\">\u0628\u062f\u0648\u0646 \u0631\u062d\u0644\u0629 \u0625\u0644\u0649 \u062a\u0631\u0643\u064a\u0627<\/strong>.<\/p>\n\n\n\n<div class=\"wp-block-columns alignwide are-vertically-aligned-top ext-animate--on is-layout-flex wp-container-core-columns-is-layout-87beb0d0 wp-block-columns-is-layout-flex\">\n<div class=\"wp-block-column is-vertically-aligned-top ext-animate--on is-layout-flow wp-container-core-column-is-layout-f5bb311e wp-block-column-is-layout-flow\">\n<figure class=\"wp-block-image size-large is-style-ext-preset--image--natural-1--image-1--content-bottom ext-animate--on is-style-ext-preset--image--natural-1--image-1--content-bottom--2\"><img loading=\"lazy\" decoding=\"async\" width=\"490\" height=\"1024\" src=\"https:\/\/tolcu.com\/wp-content\/uploads\/2026\/03\/IMG-20260316-WA0025-6-490x1024.jpg\" alt=\"\" class=\"wp-image-1297\" style=\"aspect-ratio:1;object-fit:cover\" srcset=\"https:\/\/tolcu.com\/wp-content\/uploads\/2026\/03\/IMG-20260316-WA0025-6-490x1024.jpg 490w, https:\/\/tolcu.com\/wp-content\/uploads\/2026\/03\/IMG-20260316-WA0025-6-143x300.jpg 143w, https:\/\/tolcu.com\/wp-content\/uploads\/2026\/03\/IMG-20260316-WA0025-6.jpg 704w\" sizes=\"auto, (max-width: 490px) 100vw, 490px\" \/><\/figure>\n<\/div>\n\n\n\n<div class=\"wp-block-column is-vertically-aligned-top ext-animate--on is-layout-flow wp-container-core-column-is-layout-f5bb311e wp-block-column-is-layout-flow\">\n<figure class=\"wp-block-image is-style-ext-preset--image--natural-1--image-1--content-bottom ext-animate--on is-style-ext-preset--image--natural-1--image-1--content-bottom--3\"><img loading=\"lazy\" decoding=\"async\" width=\"960\" height=\"1440\" src=\"https:\/\/tolcu.com\/wp-content\/uploads\/2026\/03\/66d4b77f1a0059b7fdb641a4263d88f17b83de67.jpg\" alt=\"\" class=\"wp-image-1400\" style=\"aspect-ratio:1;object-fit:cover\" srcset=\"https:\/\/tolcu.com\/wp-content\/uploads\/2026\/03\/66d4b77f1a0059b7fdb641a4263d88f17b83de67.jpg 960w, https:\/\/tolcu.com\/wp-content\/uploads\/2026\/03\/66d4b77f1a0059b7fdb641a4263d88f17b83de67-200x300.jpg 200w, https:\/\/tolcu.com\/wp-content\/uploads\/2026\/03\/66d4b77f1a0059b7fdb641a4263d88f17b83de67-683x1024.jpg 683w, https:\/\/tolcu.com\/wp-content\/uploads\/2026\/03\/66d4b77f1a0059b7fdb641a4263d88f17b83de67-768x1152.jpg 768w\" sizes=\"auto, (max-width: 960px) 100vw, 960px\" \/><\/figure>\n<\/div>\n\n\n\n<div class=\"wp-block-column is-vertically-aligned-top ext-animate--on is-layout-flow wp-container-core-column-is-layout-f5bb311e wp-block-column-is-layout-flow\">\n<figure class=\"wp-block-image size-large is-style-ext-preset--image--natural-1--image-1--content-bottom ext-animate--on is-style-ext-preset--image--natural-1--image-1--content-bottom--4\"><img loading=\"lazy\" decoding=\"async\" width=\"765\" height=\"1024\" src=\"https:\/\/tolcu.com\/wp-content\/uploads\/2026\/03\/IMG-20260316-WA0030-8-765x1024.jpg\" alt=\"\" class=\"wp-image-1314\" style=\"aspect-ratio:1;object-fit:cover\" srcset=\"https:\/\/tolcu.com\/wp-content\/uploads\/2026\/03\/IMG-20260316-WA0030-8-765x1024.jpg 765w, https:\/\/tolcu.com\/wp-content\/uploads\/2026\/03\/IMG-20260316-WA0030-8-224x300.jpg 224w, https:\/\/tolcu.com\/wp-content\/uploads\/2026\/03\/IMG-20260316-WA0030-8-768x1028.jpg 768w, https:\/\/tolcu.com\/wp-content\/uploads\/2026\/03\/IMG-20260316-WA0030-8-1148x1536.jpg 1148w, https:\/\/tolcu.com\/wp-content\/uploads\/2026\/03\/IMG-20260316-WA0030-8.jpg 1530w\" sizes=\"auto, (max-width: 765px) 100vw, 765px\" \/><\/figure>\n<\/div>\n<\/div>\n<\/div>\n\n\n\n<div style=\"display: flex; justify-content: center;\">\u0625\u0639\u0644\u0627\u0646\u0627\u062a \u0627\u0644\u0639\u0645\u0648\u0644\u0629\n<a href=\"https:\/\/a.check24.net\/misc\/click.php?pid=63309&#038;aid=258&#038;deep=pauschalreisen-vergleich&#038;cat=9\" target=\"_blank\"><img loading=\"lazy\" decoding=\"async\" src=\"https:\/\/a.check24.net\/misc\/view.php?pid=63309&#038;aid=258&#038;cat=9\" width=\"300\" height=\"250\" style=\"max-width: 100%; height: auto;\" ><\/a>\n<\/div>\n\n\n\n<div class=\"wp-block-group alignfull is-style-ext-preset--group--natural-1--section ext-animate--on has-tertiary-background-color has-background has-global-padding is-layout-constrained wp-container-core-group-is-layout-18437aeb wp-block-group-is-layout-constrained\" style=\"margin-top:0;margin-bottom:0;padding-top:var(--wp--preset--spacing--70);padding-right:0;padding-bottom:var(--wp--preset--spacing--70);padding-left:0\">\n<div class=\"wp-block-group alignwide is-style-ext-preset--group--natural-1--item-card-1--align-start ext-animate--on has-global-padding is-layout-constrained wp-block-group-is-layout-constrained is-style-ext-preset--group--natural-1--item-card-1--align-start--6\">\n<div class=\"wp-block-cover alignwide is-style-ext-preset--cover--natural-1--cover-overlay-1 ext-animate--on is-style-ext-preset--cover--natural-1--cover-overlay-1--7\" style=\"padding-top:var(--wp--preset--spacing--50);padding-right:var(--wp--preset--spacing--30);padding-bottom:var(--wp--preset--spacing--50);padding-left:var(--wp--preset--spacing--30)\"><img loading=\"lazy\" decoding=\"async\" width=\"961\" height=\"1440\" class=\"wp-block-cover__image-background wp-image-1401\" alt=\"\" src=\"https:\/\/tolcu.com\/wp-content\/uploads\/2026\/03\/1af6f9ebd67d67d539dc55f006f9b26b80fd6f06.jpg\" data-object-fit=\"cover\" srcset=\"https:\/\/tolcu.com\/wp-content\/uploads\/2026\/03\/1af6f9ebd67d67d539dc55f006f9b26b80fd6f06.jpg 961w, https:\/\/tolcu.com\/wp-content\/uploads\/2026\/03\/1af6f9ebd67d67d539dc55f006f9b26b80fd6f06-200x300.jpg 200w, https:\/\/tolcu.com\/wp-content\/uploads\/2026\/03\/1af6f9ebd67d67d539dc55f006f9b26b80fd6f06-683x1024.jpg 683w, https:\/\/tolcu.com\/wp-content\/uploads\/2026\/03\/1af6f9ebd67d67d539dc55f006f9b26b80fd6f06-768x1151.jpg 768w\" sizes=\"auto, (max-width: 961px) 100vw, 961px\" \/><span aria-hidden=\"true\" class=\"wp-block-cover__background has-background-dim-80 has-background-dim\" style=\"background-color:#010101\"><\/span><div class=\"wp-block-cover__inner-container has-global-padding is-layout-constrained wp-container-core-cover-is-layout-1c074333 wp-block-cover-is-layout-constrained\">\n<div class=\"wp-block-group alignwide ext-animate--on has-global-padding is-layout-constrained wp-container-core-group-is-layout-f3b35183 wp-block-group-is-layout-constrained\" style=\"padding-top:0;padding-right:0;padding-bottom:0;padding-left:0\">\n<h2 class=\"wp-block-heading has-text-align-center ext-animate--on has-x-large-font-size\" style=\"margin-bottom:24px\">\u0627\u0628\u062d\u062b\u064a \u0639\u0646 \u0641\u0633\u062a\u0627\u0646 \u0632\u0641\u0627\u0641 \u0623\u062d\u0644\u0627\u0645\u0643 \u0627\u0644\u064a\u0648\u0645<\/h2>\n\n\n\n<p class=\"has-text-align-center ext-animate--on\" style=\"font-size:clamp(14px, 0.875rem + ((1vw - 3.2px) * 0.417), 18px);\">\u0627\u0643\u062a\u0634\u0641 \u0644\u0645\u0627\u0630\u0627 \u0641\u0633\u062a\u0627\u0646 \u0627\u0644\u0632\u0641\u0627\u0641 \u0645\u0646 \u062a\u0631\u0643\u064a\u0627 \u0644\u064a\u0633 \u062f\u0627\u0626\u0645\u064b\u0627 \u0627\u0644\u062e\u064a\u0627\u0631 \u0627\u0644\u0623\u0641\u0636\u0644\u060c \u0648\u0627\u0643\u062a\u0634\u0641 \u0643\u064a\u0641 \u064a\u0645\u0643\u0646\u0643 \u0627\u0644\u0639\u062b\u0648\u0631 \u0639\u0644\u0649 \u0627\u0644\u0641\u0633\u062a\u0627\u0646 \u0627\u0644\u0645\u062b\u0627\u0644\u064a \u0627\u0644\u0630\u064a \u064a\u0646\u0627\u0633\u0628 \u0623\u0633\u0644\u0648\u0628\u0643 \u0648\u0645\u064a\u0632\u0627\u0646\u064a\u062a\u0643. \u0627\u0633\u062a\u0641\u062f \u0645\u0646 \u0646\u0635\u0627\u0626\u062d\u0646\u0627 \u0644\u0627\u062e\u062a\u064a\u0627\u0631 \u062e\u0627\u0644\u064d \u0645\u0646 \u0627\u0644\u0625\u062c\u0647\u0627\u062f.<\/p>\n\n\n\n<div class=\"wp-block-buttons ext-animate--on is-content-justification-center is-layout-flex wp-container-core-buttons-is-layout-a89b3969 wp-block-buttons-is-layout-flex\">\n<div class=\"wp-block-button is-style-ext-preset--button--natural-1--button-1 ext-animate--on is-style-ext-preset--button--natural-1--button-1--8\"><a class=\"wp-block-button__link wp-element-button\" href=\"https:\/\/tolcu.com\/brautkleider-gelinlik-mannheim-turkische\/\">\u0627\u0643\u062a\u0634\u0641 \u0627\u0644\u0622\u0646<\/a><\/div>\n<\/div>\n<\/div>\n<\/div><\/div>\n<\/div>\n<\/div>","protected":false},"excerpt":{"rendered":"<p>Brautkleid aus T\u00fcrkei Preise Gelinlik Istanbul Izmir Ankara Fiyatlari Tolcu Braut- &amp; Abendmode \u2013 Brautkleider nahe Mannheim zu fairen Preisen wie in der T\u00fcrkei Willkommen bei Tolcu Braut- &amp; Abendmode in Ludwigshafen \u2013 Ihrem Experten f\u00fcr Brautkleider nahe Mannheim, Abendmode und ma\u00dfgeschneiderte Hochzeitsmode. Wir bieten eine gro\u00dfe Auswahl an: Brautkleidern Abendkleidern Hennaabendkleidern Kaftanen Hijab-Mode Standesamtkleidern [&hellip;]<\/p>\n","protected":false},"author":1,"featured_media":0,"parent":0,"menu_order":0,"comment_status":"closed","ping_status":"closed","template":"page-with-title","meta":{"pgc_sgb_lightbox_settings":"","footnotes":""},"class_list":["post-1342","page","type-page","status-publish","hentry"],"_links":{"self":[{"href":"https:\/\/tolcu.com\/ar\/wp-json\/wp\/v2\/pages\/1342","targetHints":{"allow":["GET"]}}],"collection":[{"href":"https:\/\/tolcu.com\/ar\/wp-json\/wp\/v2\/pages"}],"about":[{"href":"https:\/\/tolcu.com\/ar\/wp-json\/wp\/v2\/types\/page"}],"author":[{"embeddable":true,"href":"https:\/\/tolcu.com\/ar\/wp-json\/wp\/v2\/users\/1"}],"replies":[{"embeddable":true,"href":"https:\/\/tolcu.com\/ar\/wp-json\/wp\/v2\/comments?post=1342"}],"version-history":[{"count":3,"href":"https:\/\/tolcu.com\/ar\/wp-json\/wp\/v2\/pages\/1342\/revisions"}],"predecessor-version":[{"id":2294,"href":"https:\/\/tolcu.com\/ar\/wp-json\/wp\/v2\/pages\/1342\/revisions\/2294"}],"wp:attachment":[{"href":"https:\/\/tolcu.com\/ar\/wp-json\/wp\/v2\/media?parent=1342"}],"curies":[{"name":"wp","href":"https:\/\/api.w.org\/{rel}","templated":true}]}}