{"id":1384,"date":"2026-03-17T09:23:28","date_gmt":"2026-03-17T09:23:28","guid":{"rendered":"https:\/\/tolcu.com\/?page_id=1384"},"modified":"2026-04-15T21:01:59","modified_gmt":"2026-04-15T21:01:59","slug":"%d8%b9%d9%86%d8%a7-%d8%a3%d8%b2%d9%8a%d8%a7%d8%a1-%d8%a7%d9%84%d8%b9%d8%b1%d8%a7%d8%a6%d8%b3-%d9%85%d8%aa%d8%ac%d8%b1-%d9%85%d8%aa%d8%ae%d8%b5%d8%b5","status":"publish","type":"page","link":"https:\/\/tolcu.com\/ar\/ueber-uns-brautmode-fachgeschaft\/","title":{"rendered":"\u0646\u0628\u0630\u0629 \u0639\u0646\u0627"},"content":{"rendered":"<div class=\"wp-block-group alignfull is-style-ext-preset--group--natural-1--section ext-animate--on has-background-background-color has-background has-global-padding is-layout-constrained wp-block-group-is-layout-constrained\" style=\"margin-top:0;margin-bottom:0;padding-top:var(--wp--preset--spacing--70);padding-bottom:var(--wp--preset--spacing--70)\">\n<div class=\"wp-block-columns alignwide are-vertically-aligned-center ext-animate--on is-layout-flex wp-container-core-columns-is-layout-174606dc wp-block-columns-is-layout-flex\">\n<div class=\"wp-block-column is-vertically-aligned-center ext-animate--on is-layout-flow wp-block-column-is-layout-flow\">\n<h2 class=\"wp-block-heading ext-animate--on\">\u0645\u0646\u0630 \u0639\u0627\u0645 2006\u060c \u0646\u062c\u0639\u0644 \u0643\u0644 \u0632\u0641\u0627\u0641 \u0644\u0627 \u064a\u064f\u0646\u0633\u0649 \u0645\u0639 \u0623\u0632\u064a\u0627\u0621 \u0632\u0641\u0627\u0641 \u0641\u0631\u064a\u062f\u0629.<\/h2>\n\n\n\n<p class=\"ext-animate--on\" style=\"margin-top:1.5rem\">\u0646\u062d\u0646 \u0623\u062d\u062f \u0623\u0634\u0647\u0631 \u0628\u064a\u0648\u062a \u0623\u0632\u064a\u0627\u0621 \u0627\u0644\u0632\u0641\u0627\u0641 \u0627\u0644\u062a\u0631\u0643\u064a\u0629 \u0641\u064a \u0623\u0644\u0645\u0627\u0646\u064a\u0627!<\/p>\n\n\n\n<p class=\"ext-animate--on\">\u0646\u062d\u0646 \u0645\u062e\u062a\u0644\u0641\u0648\u0646 - \u0623\u0641\u0636\u0644 \u0627\u0644\u0623\u0633\u0639\u0627\u0631 \u0648\u0623\u0639\u0644\u0649 \u062c\u0648\u062f\u0629\u060c \u0628\u0623\u0633\u0639\u0627\u0631 \u0645\u062b\u0644 \u062a\u0631\u0643\u064a\u0627.<\/p>\n\n\n\n<p class=\"ext-animate--on\">\u0645\u0646\u062a\u062c\u0627\u062a \u062e\u0627\u0635\u0629\u060c \u0639\u0644\u0627\u0645\u0629 \u062a\u062c\u0627\u0631\u064a\u0629 \u062e\u0627\u0635\u0629\u060c \u0623\u0633\u0639\u0627\u0631 \u062e\u0627\u0635\u0629\u060c \u0639\u0645\u0644 \u062e\u0627\u0635.<\/p>\n\n\n\n<p class=\"ext-animate--on\">\u0645\u0646\u0630 \u0639\u0627\u0645 2006\u060c \u064a\u0645\u062b\u0644 \u0628\u064a\u062a \u0627\u0644\u0623\u0632\u064a\u0627\u0621 \u062a\u0648\u0644\u0643\u0648 \u0627\u0644\u062e\u0628\u0631\u0629 \u0648\u0627\u0644\u062e\u062f\u0645\u0629.<\/p>\n\n\n\n<p class=\"ext-animate--on\">\u0645\u0639\u0631\u0648\u0636 \u0641\u064a \u0627\u0644\u062a\u0644\u0641\u0632\u064a\u0648\u0646 \u0627\u0644\u0623\u0644\u0645\u0627\u0646\u064a (SWR &amp; VOX)\u060c \u0628\u0645\u0627 \u0641\u064a \u0630\u0644\u0643 \u0632\u064a\u0627\u0631\u0629 \u062f\u0627\u0646\u064a\u064a\u0644\u0627 \u0643\u0627\u062a\u0632\u0646\u0628\u0631\u063a\u0631.<\/p>\n\n\n\n<p class=\"ext-animate--on\">\u0645\u0639\u0631\u0648\u0641 \u0645\u0646 \u0627\u0644\u062a\u0644\u0641\u0632\u064a\u0648\u0646 \u0627\u0644\u0623\u0644\u0645\u0627\u0646\u064a:<\/p>\n\n\n\n<p class=\"ext-animate--on\">\u062d\u064a\u062b \u062a\u0642\u0639 \u0627\u0644\u062d\u0628 - \u0643\u0644 \u0632\u0648\u062c\u064a\u0646 \u0645\u062e\u062a\u0644\u0641\u0627\u0646 (VOX)<\/p>\n\n\n\n<p class=\"ext-animate--on\">\u0645\u0633\u0643\u0646 \u0645\u0646 \u0627\u0644\u062a\u0648\u0644 - \u0628\u0644\u0627\u0644 \u0648\u0645\u062a\u062c\u0631\u0647 \u0644\u062d\u0641\u0644\u0627\u062a \u0627\u0644\u0632\u0641\u0627\u0641 (SWR-BW)<\/p>\n\n\n\n<p class=\"ext-animate--on\">\u062c\u0648\u0644\u0629 \u062d\u0648\u0644 \u0644\u0648\u062f\u0641\u064a\u063a\u0633\u0647\u0627\u0641\u0646 \u2013 \u0631\u062d\u0644\u0629 \u0627\u0633\u062a\u0643\u0634\u0627\u0641\u064a\u0629 \u0625\u0644\u0649 \u0627\u0644\u0648\u0637\u0646 (SWR-BW)<br>\u0632\u0627\u0631\u062a\u0646\u0627 \u0627\u0644\u0645\u0630\u064a\u0639\u0629 \u0648\u0639\u0627\u0631\u0636\u0629 \u0627\u0644\u0623\u0632\u064a\u0627\u0621 \u0627\u0644\u0623\u0644\u0645\u0627\u0646\u064a\u0629 \u062f\u0627\u0646\u064a\u064a\u0644\u0627 \u0643\u0627\u062a\u0632\u0646\u0628\u0631\u063a\u0631 \u0623\u064a\u0636\u064b\u0627.<\/p>\n\n\n\n<p class=\"ext-animate--on\">\u0628\u064a\u0646 \u0627\u0644\u062a\u0648\u0644 \u0648\u0627\u0644\u062f\u0645\u0648\u0639 (VOX)<\/p>\n\n\n\n<p class=\"ext-animate--on\">\u0623\u0646\u062a \u062a\u062d\u0644\u0645\u064a\u0646 - \u0648\u0646\u062d\u0646 \u0646\u062e\u064a\u0637 \u0641\u0633\u062a\u0627\u0646 \u0623\u062d\u0644\u0627\u0645\u0643: \u0641\u0633\u062a\u0627\u0646 \u0632\u0641\u0627\u0641\u060c \u0641\u0633\u062a\u0627\u0646 \u062d\u0646\u0627\u060c \u0642\u0641\u0637\u0627\u0646\u060c \u0641\u0633\u062a\u0627\u0646 \u062e\u0637\u0648\u0628\u0629 \u0623\u0648 \u0641\u0633\u062a\u0627\u0646 \u0632\u0641\u0627\u0641 \u0645\u062f\u0646\u064a.<br>\u0633\u0648\u0627\u0621 \u0643\u0627\u0646 \u0634\u0641\u0627\u0641\u064b\u0627 \u0623\u0648 \u0645\u063a\u0637\u0649\u060c \u062d\u0648\u0631\u064a\u0629 \u0627\u0644\u0628\u062d\u0631\u060c \u0623\u0645\u064a\u0631\u0629\u060c \u0623\u0648 \u062e\u0637 A.<\/p>\n\n\n\n<p class=\"ext-animate--on\">\u064a\u0639\u062f \u0645\u0648\u062f \u0647\u0627\u0648\u0633 \u062a\u0648\u0644\u062c\u0648 \u0645\u0646 \u0623\u0634\u0647\u0631 \u0645\u0648\u0627\u0642\u0639 \u0627\u0644\u0623\u0632\u064a\u0627\u0621 \u0627\u0644\u062a\u0631\u0643\u064a\u0629 \u0644\u0644\u0639\u0631\u0627\u0626\u0633 \u0641\u064a \u0623\u0648\u0631\u0648\u0628\u0627.<\/p>\n\n\n\n<p class=\"ext-animate--on\" style=\"margin-top:1.5rem\">\u0639\u0645\u064a\u0644\u0627\u062a \u0645\u0646 \u062c\u0645\u064a\u0639 \u0623\u0646\u062d\u0627\u0621 \u0623\u0644\u0645\u0627\u0646\u064a\u0627 \u0648\u0627\u0644\u0639\u062f\u064a\u062f \u0645\u0646 \u0627\u0644\u0628\u0644\u062f\u0627\u0646 \u0645\u062b\u0644 \u0633\u0648\u064a\u0633\u0631\u0627 \u0648\u0627\u0644\u0646\u0645\u0633\u0627 \u0648\u0641\u0631\u0646\u0633\u0627 \u0648\u0628\u0644\u062c\u064a\u0643\u0627 \u0648\u0647\u0648\u0644\u0646\u062f\u0627 \u0648\u0627\u0644\u062f\u0646\u0645\u0627\u0631\u0643 \u0648\u0625\u064a\u0637\u0627\u0644\u064a\u0627 \u0648\u0625\u0646\u062c\u0644\u062a\u0631\u0627 \u0648\u0645\u0635\u0631.<\/p>\n\n\n\n<p class=\"ext-animate--on\">\u062a\u0648\u0644\u062c\u0648 \u0639\u0644\u0627\u0645\u0629 \u062a\u062c\u0627\u0631\u064a\u0629 \u0645\u0633\u062c\u0644\u0629<\/p>\n<\/div>\n\n\n\n<div class=\"wp-block-column is-vertically-aligned-center ext-animate--on is-layout-flow wp-block-column-is-layout-flow\">\n<figure class=\"wp-block-image size-full is-style-ext-preset--image--natural-1--image-1--content-left ext-animate--on is-style-ext-preset--image--natural-1--image-1--content-left--2\"><img loading=\"lazy\" decoding=\"async\" width=\"1080\" height=\"1005\" src=\"https:\/\/tolcu.com\/wp-content\/uploads\/2026\/03\/Screenshot_20260318_122446_Instagram.jpg\" alt=\"\" class=\"wp-image-1944\" srcset=\"https:\/\/tolcu.com\/wp-content\/uploads\/2026\/03\/Screenshot_20260318_122446_Instagram.jpg 1080w, https:\/\/tolcu.com\/wp-content\/uploads\/2026\/03\/Screenshot_20260318_122446_Instagram-300x279.jpg 300w, https:\/\/tolcu.com\/wp-content\/uploads\/2026\/03\/Screenshot_20260318_122446_Instagram-1024x953.jpg 1024w, https:\/\/tolcu.com\/wp-content\/uploads\/2026\/03\/Screenshot_20260318_122446_Instagram-768x715.jpg 768w\" sizes=\"auto, (max-width: 1080px) 100vw, 1080px\" \/><\/figure>\n<\/div>\n<\/div>\n<\/div>\n\n\n\n<div class=\"wp-block-group alignfull is-style-ext-preset--group--natural-1--section ext-animate--on has-background-background-color has-background has-global-padding is-layout-constrained wp-container-core-group-is-layout-f72f1611 wp-block-group-is-layout-constrained\" style=\"margin-top:0;margin-bottom:0;padding-top:var(--wp--preset--spacing--70);padding-bottom:var(--wp--preset--spacing--70)\">\n<div class=\"wp-block-group alignwide ext-is-logical-start ext-animate--on has-global-padding is-content-justification-left is-layout-constrained wp-container-core-group-is-layout-6729bdbe wp-block-group-is-layout-constrained\">\n<h2 class=\"wp-block-heading ext-animate--on\">\u0645\u0646\u0630 \u0639\u0627\u0645 2006\u060c \u0646\u0635\u0645\u0645 \u0632\u0641\u0627\u0641 \u0623\u062d\u0644\u0627\u0645\u0643 \u0628\u0641\u0633\u0627\u062a\u064a\u0646 \u0632\u0641\u0627\u0641 \u0641\u0631\u064a\u062f\u0629.<\/h2>\n\n\n\n<p class=\"has-text-align-left ext-animate--on\">\u0627\u0643\u062a\u0634\u0641 \u062a\u0634\u0643\u064a\u0644\u062a\u0646\u0627 \u0627\u0644\u0645\u062a\u0646\u0648\u0639\u0629 \u0645\u0646 \u0641\u0633\u0627\u062a\u064a\u0646 \u0627\u0644\u0632\u0641\u0627\u0641\u060c \u0645\u0646 \u0627\u0644\u0643\u0644\u0627\u0633\u064a\u0643\u064a\u0629 \u0625\u0644\u0649 \u062d\u062c\u0645 XXL\u060c \u0645\u062b\u0627\u0644\u064a\u0629 \u0644\u0643\u0644 \u0627\u0644\u0623\u0633\u0627\u0644\u064a\u0628.<\/p>\n<\/div>\n<\/div>\n\n\n\n<div class=\"wp-block-group alignfull is-style-ext-preset--group--natural-1--section ext-animate--on has-background-background-color has-background has-global-padding is-layout-constrained wp-block-group-is-layout-constrained\" style=\"margin-top:0;margin-bottom:0;padding-top:var(--wp--preset--spacing--70);padding-bottom:var(--wp--preset--spacing--70)\"><\/div>","protected":false},"excerpt":{"rendered":"<p>Seit 2006 machen wir jede Hochzeit mit einzigartiger Brautmode unvergesslich. Wir sind eines der bekanntesten t\u00fcrkischen Hochzeitsmodeh\u00e4user in Deutschland! Wir sind anders \u2013 beste Preise &amp; h\u00f6chste Qualit\u00e4t, zu Preisen wie in der T\u00fcrkei. Eigene Produkte, eigene Marke, eigene Preise, eigenes Gesch\u00e4ft. Modehaus Tolcu steht seit 2006 f\u00fcr Erfahrung und Service. Bekannt aus dem deutschen [&hellip;]<\/p>\n","protected":false},"author":1,"featured_media":0,"parent":0,"menu_order":0,"comment_status":"closed","ping_status":"closed","template":"page-with-title","meta":{"pgc_sgb_lightbox_settings":"","footnotes":""},"class_list":["post-1384","page","type-page","status-publish","hentry"],"_links":{"self":[{"href":"https:\/\/tolcu.com\/ar\/wp-json\/wp\/v2\/pages\/1384","targetHints":{"allow":["GET"]}}],"collection":[{"href":"https:\/\/tolcu.com\/ar\/wp-json\/wp\/v2\/pages"}],"about":[{"href":"https:\/\/tolcu.com\/ar\/wp-json\/wp\/v2\/types\/page"}],"author":[{"embeddable":true,"href":"https:\/\/tolcu.com\/ar\/wp-json\/wp\/v2\/users\/1"}],"replies":[{"embeddable":true,"href":"https:\/\/tolcu.com\/ar\/wp-json\/wp\/v2\/comments?post=1384"}],"version-history":[{"count":1,"href":"https:\/\/tolcu.com\/ar\/wp-json\/wp\/v2\/pages\/1384\/revisions"}],"predecessor-version":[{"id":1945,"href":"https:\/\/tolcu.com\/ar\/wp-json\/wp\/v2\/pages\/1384\/revisions\/1945"}],"wp:attachment":[{"href":"https:\/\/tolcu.com\/ar\/wp-json\/wp\/v2\/media?parent=1384"}],"curies":[{"name":"wp","href":"https:\/\/api.w.org\/{rel}","templated":true}]}}