{"id":24,"date":"2026-03-15T13:14:16","date_gmt":"2026-03-15T13:14:16","guid":{"rendered":"https:\/\/tolcu.com\/portfolio\/"},"modified":"2026-04-15T20:48:37","modified_gmt":"2026-04-15T20:48:37","slug":"%d8%af%d8%a7%d9%85-%d8%a3%d9%87%d9%84%d9%83-%d9%8a%d8%a7-%d8%b9%d8%b1%d9%8a%d8%b3","status":"publish","type":"page","link":"https:\/\/tolcu.com\/ar\/damatlik-brautigam\/","title":{"rendered":"\u0628\u062f\u0644\u0627\u062a \u0631\u062c\u0627\u0644\u064a\u0629 \u0628\u062f\u0644\u0627\u062a \u0632\u0641\u0627\u0641 \u0628\u062f\u0644\u0627\u062a \u0631\u062c\u0627\u0644\u064a\u0629 \u0645\u0627\u0646\u0647\u0627\u064a\u0645"},"content":{"rendered":"<div class=\"wp-block-group alignfull is-style-ext-preset--group--natural-1--section has-background-background-color has-background has-global-padding is-layout-constrained wp-container-core-group-is-layout-7276a2bb wp-block-group-is-layout-constrained\" style=\"margin-top:0;margin-bottom:0;padding-top:var(--wp--preset--spacing--60);padding-right:var(--wp--preset--spacing--30);padding-bottom:var(--wp--preset--spacing--60);padding-left:var(--wp--preset--spacing--30)\">\n<div class=\"wp-block-columns alignwide are-vertically-aligned-center is-layout-flex wp-container-core-columns-is-layout-47c06fe3 wp-block-columns-is-layout-flex\">\n<div class=\"wp-block-column is-vertically-aligned-center is-layout-flow wp-container-core-column-is-layout-f5bb311e wp-block-column-is-layout-flow\" style=\"flex-basis:50%\">\n<figure class=\"wp-block-image size-full ext-animate--on\"><img loading=\"lazy\" decoding=\"async\" width=\"1024\" height=\"1024\" src=\"https:\/\/tolcu.com\/wp-content\/uploads\/2026\/03\/image-8.jpg\" alt=\"\" class=\"wp-image-938\" srcset=\"https:\/\/tolcu.com\/wp-content\/uploads\/2026\/03\/image-8.jpg 1024w, https:\/\/tolcu.com\/wp-content\/uploads\/2026\/03\/image-8-300x300.jpg 300w, https:\/\/tolcu.com\/wp-content\/uploads\/2026\/03\/image-8-150x150.jpg 150w, https:\/\/tolcu.com\/wp-content\/uploads\/2026\/03\/image-8-768x768.jpg 768w\" sizes=\"auto, (max-width: 1024px) 100vw, 1024px\" \/><\/figure>\n<\/div>\n\n\n\n<div class=\"wp-block-column is-vertically-aligned-center is-layout-flow wp-block-column-is-layout-flow\" style=\"flex-basis:60%\">\n<h1 class=\"wp-block-heading ext-animate--on has-large-font-size\">\u0628\u062f\u0644\u0627\u062a \u0627\u0644\u0639\u0631\u064a\u0633 \u0648\u0628\u062f\u0644\u0627\u062a \u0627\u0644\u0631\u062c\u0627\u0644 \u062f\u0627\u0645\u0627\u0637\u0644\u064a\u0643 2026 \u0628\u0627\u0644\u0642\u0631\u0628 \u0645\u0646 \u0645\u0627\u0646\u0647\u0627\u064a\u0645<\/h1>\n\n\n\n<h2 class=\"wp-block-heading ext-animate--on has-large-font-size\">\u0628\u062f\u0644\u0627\u062a \u0631\u062c\u0627\u0644\u064a\u0629 \u0627\u062d\u062a\u0641\u0627\u0644\u064a\u0629 \u0644\u0644\u0632\u0648\u0627\u062c\u060c \u0627\u0644\u062e\u0637\u0648\u0628\u0629\u060c \u0648\u062d\u0641\u0644 \u0627\u0644\u062a\u062e\u0631\u062c<\/h2>\n\n\n\n<p class=\"ext-animate--on\">\u062a\u0648\u0644\u062c\u0648.\u0643\u0648\u0645 \u0647\u0648 \u0645\u062a\u062c\u0631\u0643 \u0627\u0644\u0627\u062d\u062a\u0631\u0627\u0641\u064a \u0627\u0644\u062d\u0635\u0631\u064a \u0644\u0628\u062f\u0644\u0627\u062a \u0627\u0644\u0639\u0631\u0633\u0627\u0646 \u0639\u0627\u0644\u064a\u0629 \u0627\u0644\u062c\u0648\u062f\u0629\u060c \u0648\u0628\u062f\u0644\u0627\u062a \u0627\u0644\u0631\u062c\u0627\u0644\u060c \u0648\u0627\u0644\u0645\u0644\u0627\u0628\u0633 \u0627\u0644\u0627\u062d\u062a\u0641\u0627\u0644\u064a\u0629 \u0628\u0627\u0644\u0642\u0631\u0628 \u0645\u0646 \u0645\u0627\u0646\u0647\u0627\u064a\u0645. \u0646\u062d\u0646 \u0646\u0642\u062f\u0645 \u0627\u0633\u062a\u0634\u0627\u0631\u0627\u062a \u0634\u062e\u0635\u064a\u0629\u060c \u0648\u0645\u0642\u0627\u0633\u0627\u062a \u0645\u062b\u0627\u0644\u064a\u0629\u060c \u0648\u0623\u0646\u0627\u0642\u0629 \u0644\u0627 \u062a\u062a\u0623\u062b\u0631 \u0628\u0645\u0631\u0648\u0631 \u0627\u0644\u0632\u0645\u0646.<\/p>\n\n\n\n<p class=\"ext-animate--on\">\u0633\u0648\u0627\u0621 \u0643\u0646\u062a \u0627\u0644\u0639\u0631\u064a\u0633\u060c \u0636\u064a\u0641 \u062d\u0641\u0644 \u0627\u0644\u0632\u0641\u0627\u0641\u060c \u0627\u0644\u0645\u062e\u0637\u0648\u0628\u060c \u0623\u0648 \u062d\u062a\u0649 \u0637\u0627\u0644\u0628 \u064a\u062d\u0636\u0631 \u062d\u0641\u0644\u0629 \u0627\u0644\u062a\u062e\u0631\u062c\u060c \u0633\u062a\u062c\u062f \u0641\u064a \u062a\u0648\u0644\u062c\u0648 \u0627\u0644\u0628\u062f\u0644\u0629 \u0627\u0644\u0645\u0646\u0627\u0633\u0628\u0629 \u0644\u0643\u0644 \u0645\u0646\u0627\u0633\u0628\u0629 \u062e\u0627\u0635\u0629 \u0641\u064a \u0639\u0627\u0645 2026. \u062a\u0634\u0645\u0644 \u0645\u062c\u0645\u0648\u0639\u062a\u0646\u0627 \u0628\u062f\u0644\u0627\u062a \u0639\u0631\u064a\u0633 \u0645\u062e\u062a\u0627\u0631\u0629 \u0628\u0639\u0646\u0627\u064a\u0629\u060c \u0648\u0645\u0644\u0627\u0628\u0633 \u0639\u0631\u0633\u0627\u0646\u060c \u0648\u0628\u062f\u0644\u0627\u062a \u0631\u062c\u0627\u0644\u064a\u0629\u060c \u0648\u0623\u0632\u064a\u0627\u0621 \u0627\u062d\u062a\u0641\u0627\u0644\u064a\u0629 \u0631\u0627\u0642\u064a\u0629\u060c \u0648\u0627\u0644\u062a\u064a \u062a\u062a\u0645\u064a\u0632 \u0628\u0623\u0642\u0645\u0634\u0629 \u0639\u0627\u0644\u064a\u0629 \u0627\u0644\u062c\u0648\u062f\u0629\u060c \u0642\u0635\u0627\u062a \u0639\u0635\u0631\u064a\u0629\u060c \u0648\u062a\u0634\u0637\u064a\u0628\u0627\u062a \u0645\u0646 \u0627\u0644\u062f\u0631\u062c\u0629 \u0627\u0644\u0623\u0648\u0644\u0649. \u064a\u062a\u0645 \u062a\u0639\u062f\u064a\u0644 \u0643\u0644 \u0628\u062f\u0644\u0629 \u0628\u0634\u0643\u0644 \u0641\u0631\u062f\u064a \u0644\u0636\u0645\u0627\u0646 \u0627\u0644\u062a\u0646\u0633\u064a\u0642 \u0627\u0644\u0645\u062b\u0627\u0644\u064a \u0628\u064a\u0646 \u0627\u0644\u0623\u0646\u0627\u0642\u0629 \u0648\u0627\u0644\u0631\u0627\u062d\u0629 \u0648\u0627\u0644\u062c\u0648\u062f\u0629.<\/p>\n\n\n\n<p class=\"ext-animate--on\">\u0644\u0645\u0627\u0630\u0627 Tolcu.com \u0641\u064a \u0645\u0627\u0646\u0647\u0627\u064a\u0645\u061f<\/p>\n\n\n\n<p class=\"ext-animate--on\">\u0627\u0633\u062a\u0634\u0627\u0631\u0629 \u0634\u062e\u0635\u064a\u0629 \u0641\u064a \u0627\u0644\u0645\u0648\u0642\u0639<\/p>\n\n\n\n<p class=\"ext-animate--on\">\u0628\u062f\u0644\u0627\u062a \u0639\u0631\u064a\u0633 \u062d\u0635\u0631\u064a\u0629 \u0648\u0628\u062f\u0644\u0627\u062a \u0631\u062c\u0627\u0644\u064a\u0629 \u0627\u062d\u062a\u0641\u0627\u0644\u064a\u0629<\/p>\n\n\n\n<p class=\"ext-animate--on\">\u062a\u0635\u0627\u0645\u064a\u0645 \u0639\u0635\u0631\u064a\u0629 \u0648\u0643\u0644\u0627\u0633\u064a\u0643\u064a\u0629 \u0644\u062d\u0641\u0644\u0627\u062a \u0627\u0644\u0632\u0641\u0627\u0641\u060c \u0648\u0627\u0644\u062e\u0637\u0648\u0628\u0629\u060c \u0648\u062d\u0641\u0644\u0627\u062a \u0627\u0644\u062a\u062e\u0631\u062c\u060c \u0623\u0648 \u0627\u0644\u0645\u0646\u0627\u0633\u0628\u0627\u062a \u0627\u0644\u062e\u0627\u0635\u0629 \u0644\u0639\u0627\u0645 2026<\/p>\n\n\n\n<p class=\"ext-animate--on\" style=\"margin-top:16px\">\u0642\u0645 \u0628\u0632\u064a\u0627\u0631\u0629 \u062a\u0648\u0644\u0643\u0648 \u0628\u0627\u0644\u0642\u0631\u0628 \u0645\u0646 \u0645\u0627\u0646\u0647\u0627\u064a\u0645 \u0648\u0627\u0633\u062a\u0645\u062a\u0639 \u0628\u0623\u0641\u0636\u0644 \u0623\u0632\u064a\u0627\u0621 \u0627\u0644\u0631\u062c\u0627\u0644 - \u0644\u062d\u0641\u0644\u0627\u062a \u0627\u0644\u0632\u0641\u0627\u0641\u060c \u0627\u0644\u062e\u0637\u0648\u0628\u0629\u060c \u062d\u0641\u0644\u0627\u062a \u0627\u0644\u062a\u062e\u0631\u062c\u060c \u0623\u0648 \u0627\u0644\u0645\u0646\u0627\u0633\u0628\u0627\u062a \u0627\u0644\u062e\u0627\u0635\u0629. Tolcu.com - \u062e\u0628\u064a\u0631\u0643 \u0641\u064a \u0628\u062f\u0644\u0627\u062a \u0627\u0644\u0639\u0631\u064a\u0633\u060c \u0648\u0628\u062f\u0644\u0627\u062a \u0627\u0644\u0631\u062c\u0627\u0644\u060c \u0648\u0623\u0632\u064a\u0627\u0621 \u0627\u0644\u0645\u0646\u0627\u0633\u0628\u0627\u062a \u0627\u0644\u0631\u0633\u0645\u064a\u0629 \u0644\u0639\u0627\u0645 2026.<\/p>\n<\/div>\n<\/div>\n<\/div>\n\n\n\n<div class=\"wp-block-buttons ext-animate--on is-layout-flex wp-block-buttons-is-layout-flex\">\n<div class=\"wp-block-button\"><a class=\"wp-block-button__link has-text-align-center wp-element-button\" href=\"https:\/\/tolcu.com\/kontakt\/\">\u0627\u062d\u062c\u0632 \u0645\u0648\u0639\u062f\u064b\u0627 \u0627\u0644\u0622\u0646<\/a><\/div>\n<\/div>\n\n\n\n<div class=\"wp-block-group alignfull is-style-ext-preset--group--natural-1--section has-background-background-color has-background has-global-padding is-layout-constrained wp-container-core-group-is-layout-e955bbaf wp-block-group-is-layout-constrained\" style=\"margin-top:0;margin-bottom:0;padding-top:var(--wp--preset--spacing--70);padding-bottom:var(--wp--preset--spacing--70)\">\n<div class=\"wp-block-columns alignwide is-layout-flex wp-container-core-columns-is-layout-28f84493 wp-block-columns-is-layout-flex\">\n<div class=\"wp-block-column is-vertically-aligned-stretch ext-animate--on is-layout-flow wp-block-column-is-layout-flow\">\n<div class=\"wp-block-group is-style-default has-tertiary-background-color has-background is-vertical is-content-justification-stretch is-layout-flex wp-container-core-group-is-layout-4cb539e6 wp-block-group-is-layout-flex\" style=\"min-height:100%;padding-top:0;padding-right:0;padding-bottom:0;padding-left:0\">\n<figure class=\"wp-block-image size-full\"><img loading=\"lazy\" decoding=\"async\" width=\"951\" height=\"1186\" src=\"https:\/\/tolcu.com\/wp-content\/uploads\/2026\/03\/herrenanzug-braun-2026-mannheim-turkische.jpg\" alt=\"\" class=\"wp-image-2198\" style=\"aspect-ratio:1;object-fit:cover\"\/><\/figure>\n\n\n\n<div class=\"wp-block-group is-style-default wp-container-content-9cfa9a5a is-vertical is-content-justification-stretch is-layout-flex wp-container-core-group-is-layout-d1099038 wp-block-group-is-layout-flex\" style=\"margin-top:0;padding-top:1.5rem;padding-right:1.5rem;padding-bottom:1.5rem;padding-left:1.5rem\">\n<figure class=\"wp-block-image size-large ext-animate--on\"><img loading=\"lazy\" decoding=\"async\" width=\"576\" height=\"1024\" src=\"https:\/\/tolcu.com\/wp-content\/uploads\/2026\/03\/xx-uebergrosse-Herrenanzuge-576x1024.webp\" alt=\"\" class=\"wp-image-920\" srcset=\"https:\/\/tolcu.com\/wp-content\/uploads\/2026\/03\/xx-uebergrosse-Herrenanzuge-576x1024.webp 576w, https:\/\/tolcu.com\/wp-content\/uploads\/2026\/03\/xx-uebergrosse-Herrenanzuge-169x300.webp 169w, https:\/\/tolcu.com\/wp-content\/uploads\/2026\/03\/xx-uebergrosse-Herrenanzuge-768x1365.webp 768w, https:\/\/tolcu.com\/wp-content\/uploads\/2026\/03\/xx-uebergrosse-Herrenanzuge-864x1536.webp 864w, https:\/\/tolcu.com\/wp-content\/uploads\/2026\/03\/xx-uebergrosse-Herrenanzuge.webp 1080w\" sizes=\"auto, (max-width: 576px) 100vw, 576px\" \/><\/figure>\n<\/div>\n<\/div>\n<\/div>\n\n\n\n<div class=\"wp-block-column is-vertically-aligned-stretch ext-animate--on is-layout-flow wp-block-column-is-layout-flow\">\n<div class=\"wp-block-group is-style-ext-preset--group--natural-1--item-card-1--align-start has-tertiary-background-color has-background is-vertical is-content-justification-stretch is-layout-flex wp-container-core-group-is-layout-4cb539e6 wp-block-group-is-layout-flex is-style-ext-preset--group--natural-1--item-card-1--align-start--3\" style=\"min-height:100%;padding-top:0;padding-right:0;padding-bottom:0;padding-left:0\">\n<figure class=\"wp-block-image size-large\"><img loading=\"lazy\" decoding=\"async\" width=\"1024\" height=\"768\" src=\"https:\/\/tolcu.com\/wp-content\/uploads\/2026\/03\/2018-damatlik-mannheim-1-1024x768.jpg\" alt=\"\" class=\"wp-image-922\" style=\"aspect-ratio:1;object-fit:cover\" srcset=\"https:\/\/tolcu.com\/wp-content\/uploads\/2026\/03\/2018-damatlik-mannheim-1-1024x768.jpg 1024w, https:\/\/tolcu.com\/wp-content\/uploads\/2026\/03\/2018-damatlik-mannheim-1-300x225.jpg 300w, https:\/\/tolcu.com\/wp-content\/uploads\/2026\/03\/2018-damatlik-mannheim-1-768x576.jpg 768w, https:\/\/tolcu.com\/wp-content\/uploads\/2026\/03\/2018-damatlik-mannheim-1-1536x1152.jpg 1536w, https:\/\/tolcu.com\/wp-content\/uploads\/2026\/03\/2018-damatlik-mannheim-1.jpg 2048w\" sizes=\"auto, (max-width: 1024px) 100vw, 1024px\" \/><\/figure>\n\n\n\n<div class=\"wp-block-group is-style-default wp-container-content-9cfa9a5a is-vertical is-content-justification-stretch is-layout-flex wp-container-core-group-is-layout-2f2da33a wp-block-group-is-layout-flex\" style=\"margin-top:0;padding-top:1.5rem;padding-right:1.5rem;padding-bottom:1.5rem;padding-left:1.5rem\">\n<figure class=\"wp-block-image ext-animate--on\"><img loading=\"lazy\" decoding=\"async\" width=\"1024\" height=\"1024\" src=\"https:\/\/tolcu.com\/wp-content\/uploads\/2026\/03\/image-10.jpg\" alt=\"\" class=\"wp-image-946\" srcset=\"https:\/\/tolcu.com\/wp-content\/uploads\/2026\/03\/image-10.jpg 1024w, https:\/\/tolcu.com\/wp-content\/uploads\/2026\/03\/image-10-300x300.jpg 300w, https:\/\/tolcu.com\/wp-content\/uploads\/2026\/03\/image-10-150x150.jpg 150w, https:\/\/tolcu.com\/wp-content\/uploads\/2026\/03\/image-10-768x768.jpg 768w\" sizes=\"auto, (max-width: 1024px) 100vw, 1024px\" \/><\/figure>\n<\/div>\n<\/div>\n<\/div>\n<\/div>\n<\/div>","protected":false},"excerpt":{"rendered":"<p>Br\u00e4utigam Anz\u00fcge &amp; Herrenanz\u00fcge Damatlik 2026 in der N\u00e4he von Mannheim Festliche Herrenanz\u00fcge f\u00fcr Hochzeit, Verlobung &amp; Abiball Tolcu.com ist Ihr exklusives Fachgesch\u00e4ft f\u00fcr hochwertige Br\u00e4utigam Anz\u00fcge, Herrenanz\u00fcge und festliche Kleidung in der N\u00e4he von Mannheim. Wir bieten pers\u00f6nliche Beratung, perfekte Passform und zeitlose Eleganz. Ob Br\u00e4utigam, Hochzeitsgast, Verlobter oder Abiballbesucher \u2013 bei Tolcu finden [&hellip;]<\/p>\n","protected":false},"author":1,"featured_media":0,"parent":0,"menu_order":0,"comment_status":"closed","ping_status":"closed","template":"page-with-title","meta":{"pgc_sgb_lightbox_settings":"","footnotes":""},"class_list":["post-24","page","type-page","status-publish","hentry"],"_links":{"self":[{"href":"https:\/\/tolcu.com\/ar\/wp-json\/wp\/v2\/pages\/24","targetHints":{"allow":["GET"]}}],"collection":[{"href":"https:\/\/tolcu.com\/ar\/wp-json\/wp\/v2\/pages"}],"about":[{"href":"https:\/\/tolcu.com\/ar\/wp-json\/wp\/v2\/types\/page"}],"author":[{"embeddable":true,"href":"https:\/\/tolcu.com\/ar\/wp-json\/wp\/v2\/users\/1"}],"replies":[{"embeddable":true,"href":"https:\/\/tolcu.com\/ar\/wp-json\/wp\/v2\/comments?post=24"}],"version-history":[{"count":3,"href":"https:\/\/tolcu.com\/ar\/wp-json\/wp\/v2\/pages\/24\/revisions"}],"predecessor-version":[{"id":2201,"href":"https:\/\/tolcu.com\/ar\/wp-json\/wp\/v2\/pages\/24\/revisions\/2201"}],"wp:attachment":[{"href":"https:\/\/tolcu.com\/ar\/wp-json\/wp\/v2\/media?parent=24"}],"curies":[{"name":"wp","href":"https:\/\/api.w.org\/{rel}","templated":true}]}}