{"id":1342,"date":"2026-03-17T08:56:05","date_gmt":"2026-03-17T08:56:05","guid":{"rendered":"https:\/\/tolcu.com\/?page_id=1342"},"modified":"2026-03-18T19:26:48","modified_gmt":"2026-03-18T19:26:48","slug":"wedding-dress-from-turkey-bridal-gown-istanbul-izmir","status":"publish","type":"page","link":"https:\/\/tolcu.com\/en\/brautkleid-aus-der-tuerkei-gelinlik-istanbul-izmir\/","title":{"rendered":"Wedding dress from Turkey"},"content":{"rendered":"<div class=\"wp-block-group alignfull is-style-ext-preset--group--natural-1--section ext-animate--on has-background-background-color has-background has-global-padding is-layout-constrained wp-container-core-group-is-layout-f72f1611 wp-block-group-is-layout-constrained\" style=\"margin-top:0;margin-bottom:0;padding-top:var(--wp--preset--spacing--70);padding-bottom:var(--wp--preset--spacing--70)\">\n<div class=\"wp-block-group alignwide ext-is-logical-start ext-animate--on has-global-padding is-content-justification-left is-layout-constrained wp-container-core-group-is-layout-6729bdbe wp-block-group-is-layout-constrained\">\n<h1 class=\"wp-block-heading ext-animate--on has-x-large-font-size\">Wedding dress from Turkey prices<\/h1>\n\n\n\n<p class=\"has-text-align-left ext-animate--on\"><\/p>\n<\/div>\n\n\n\n<div class=\"wp-block-group alignwide ext-is-logical-start ext-animate--on has-global-padding is-content-justification-left is-layout-constrained wp-container-core-group-is-layout-6729bdbe wp-block-group-is-layout-constrained\">\n<h2 class=\"wp-block-heading ext-animate--on has-medium-font-size\">Wedding Dress Istanbul Izmir Ankara Prices<\/h2>\n\n\n\n<p class=\"has-text-align-left ext-animate--on\"><\/p>\n<\/div>\n\n\n\n<h2 style=\"text-align: center;\" data-section-id=\"r7hqz4\" data-start=\"116\" data-end=\"208\">Tolcu Bridal Wear &amp; Evening Wear \u2013 Wedding dresses near Mannheim at fair prices, like in Turkey<\/h2>\n<p style=\"text-align: center;\" data-start=\"210\" data-end=\"368\">Welcome to <strong data-start=\"225\" data-end=\"253\">Tolcu Wedding &amp; Evening Wear<\/strong> in Ludwigshafen \u2013 your experts for <strong data-start=\"291\" data-end=\"321\">Wedding dresses near Mannheim<\/strong>, Evening wear and bespoke wedding attire.<\/p>\n<p style=\"text-align: center;\" data-start=\"370\" data-end=\"403\">We offer a wide selection of:<\/p>\n<ul style=\"text-align: center;\" data-start=\"404\" data-end=\"535\">\n<li data-section-id=\"qu5c9a\" data-start=\"404\" data-end=\"421\">\n<p data-start=\"406\" data-end=\"421\">Wedding dresses<\/p>\n<\/li>\n<li data-section-id=\"bv8l4i\" data-start=\"422\" data-end=\"439\">\n<p data-start=\"424\" data-end=\"439\">Evening dresses<\/p>\n<\/li>\n<li data-section-id=\"154tnni\" data-start=\"440\" data-end=\"462\">\n<p data-start=\"442\" data-end=\"462\">Henna party dresses<\/p>\n<\/li>\n<li data-section-id=\"icuik4\" data-start=\"463\" data-end=\"475\">\n<p data-start=\"465\" data-end=\"475\">Kaftan<\/p>\n<\/li>\n<li data-section-id=\"104ze4u\" data-start=\"476\" data-end=\"490\">\n<p data-start=\"478\" data-end=\"490\">Hijab Fashion<\/p>\n<\/li>\n<li data-section-id=\"1fjq2qk\" data-start=\"491\" data-end=\"513\">\n<p data-start=\"493\" data-end=\"513\">Civil wedding dresses<\/p>\n<\/li>\n<li data-section-id=\"1hvpne\" data-start=\"514\" data-end=\"535\">\n<p data-start=\"516\" data-end=\"535\">Groom's Suits<\/p>\n<\/li>\n<\/ul>\n<p style=\"text-align: center;\" data-start=\"537\" data-end=\"628\">\ud83d\udc49 All about <strong data-start=\"549\" data-end=\"597\">Fair prices \u2013 comparable to Turkey<\/strong>, but without effort and risk.<\/p>\n<hr data-start=\"630\" data-end=\"633\" \/>\n<h2 style=\"text-align: center;\" data-section-id=\"aqzxmt\" data-start=\"635\" data-end=\"687\">Wedding Dress Turkey or Germany? The Comparison<\/h2>\n<p style=\"text-align: center;\" data-start=\"689\" data-end=\"824\">Many brides ask themselves the question:<br data-start=\"725\" data-end=\"728\" \/><strong data-start=\"728\" data-end=\"824\">\u201eIs a wedding dress from Turkey \u2013 for example, from Istanbul, Izmir, Ankara or Antalya \u2013 worth it?\u201c<\/strong><\/p>\n<p style=\"text-align: center;\" data-start=\"826\" data-end=\"931\">Wedding dresses in Turkey often seem cheaper, but the hidden costs are often underestimated:<\/p>\n<ul style=\"text-align: center;\" data-start=\"933\" data-end=\"1136\">\n<li data-section-id=\"1lvh4ga\" data-start=\"933\" data-end=\"978\">\n<p data-start=\"935\" data-end=\"978\">\u2708\ufe0f Airline tickets (often for multiple people)<\/p>\n<\/li>\n<li data-section-id=\"1s7nx0l\" data-start=\"979\" data-end=\"1005\">\n<p data-start=\"981\" data-end=\"1005\">\ud83c\udfe8 Hotel &amp; Catering<\/p>\n<\/li>\n<li data-section-id=\"tbx0n5\" data-start=\"1006\" data-end=\"1030\">\n<p data-start=\"1008\" data-end=\"1030\">Taxis\/Local transport<\/p>\n<\/li>\n<li data-section-id=\"wnqgjr\" data-start=\"1031\" data-end=\"1062\">\n<p data-start=\"1033\" data-end=\"1062\">\ud83d\udce6 Customs and baggage fees<\/p>\n<\/li>\n<li data-section-id=\"vtxl2t\" data-start=\"1063\" data-end=\"1095\">\n<p data-start=\"1065\" data-end=\"1095\">\ud83e\uddf5 Changes in Germany<\/p>\n<\/li>\n<li data-section-id=\"bgigw6\" data-start=\"1096\" data-end=\"1136\">\n<p data-start=\"1098\" data-end=\"1136\">\u2757 No contact person for problems<\/p>\n<\/li>\n<\/ul>\n<p style=\"text-align: center;\" data-start=\"1138\" data-end=\"1221\">Conclusion: The supposed bargain often proves more expensive and stressful than anticipated.<\/p>\n<hr data-start=\"1223\" data-end=\"1226\" \/>\n<h2 style=\"text-align: center;\" data-section-id=\"163pkgm\" data-start=\"1228\" data-end=\"1281\">Wedding dresses like in Istanbul \u2013 very close to Mannheim<\/h2>\n<p style=\"text-align: center;\" data-start=\"1283\" data-end=\"1343\">At <strong data-start=\"1287\" data-end=\"1329\">Bridal and Evening Wear near Mannheim<\/strong> receive<\/p>\n<p style=\"text-align: center;\" data-start=\"1345\" data-end=\"1577\">\u2714 Prices like in Turkey<br data-start=\"1371\" data-end=\"1374\" \/>\u2714 Personalised consultation on-site<br data-start=\"1404\" data-end=\"1407\" \/>\u2714 Professional Alteration Service<br data-start=\"1468\" data-end=\"1471\" \/>\u2714 No travel or additional costs<br data-start=\"1503\" data-end=\"1506\" \/>\u2714 Safety &amp; guarantee<br data-start=\"1529\" data-end=\"1532\" \/>\u2714 Relaxed fitting with family &amp; friends<\/p>\n<p style=\"text-align: center;\" data-start=\"1579\" data-end=\"1654\">You save time, money, and stress \u2013 and still get your dream dress.<\/p>\n<hr data-start=\"1656\" data-end=\"1659\" \/>\n<h2 style=\"text-align: center;\" data-section-id=\"1jxq7j7\" data-start=\"1661\" data-end=\"1728\">Warum Tolcu die beste Wahl f\u00fcr Brautkleider im Raum Mannheim ist<\/h2>\n<ul style=\"text-align: center;\" data-start=\"1730\" data-end=\"1892\">\n<li data-section-id=\"ik0csd\" data-start=\"1730\" data-end=\"1781\">\n<p data-start=\"1732\" data-end=\"1781\">Wide selection of modern &amp; classic designs<\/p>\n<\/li>\n<li data-section-id=\"1w9bux0\" data-start=\"1782\" data-end=\"1819\">\n<p data-start=\"1784\" data-end=\"1819\">High-quality fabrics &amp; workmanship<\/p>\n<\/li>\n<li data-section-id=\"utubty\" data-start=\"1820\" data-end=\"1860\">\n<p data-start=\"1822\" data-end=\"1860\">Personalised advice for every bride<\/p>\n<\/li>\n<li data-section-id=\"1tey2nz\" data-start=\"1861\" data-end=\"1892\">\n<p data-start=\"1863\" data-end=\"1892\">Central location near Mannheim<\/p>\n<\/li>\n<li data-section-id=\"1tey2nz\" data-start=\"1861\" data-end=\"1892\">on the market since 2006<\/li>\n<\/ul>\n<p style=\"text-align: center;\" data-start=\"1894\" data-end=\"2006\">Whether simple, elegant or opulent \u2013 you'll find your perfect one with us <strong data-start=\"1968\" data-end=\"2005\">Wedding dresses in Mannheim &amp; surrounding areas<\/strong>.<\/p>\n<hr data-start=\"2008\" data-end=\"2011\" \/>\n<h2 style=\"text-align: center;\" data-section-id=\"1lm3wqo\" data-start=\"2013\" data-end=\"2040\">Book an appointment now<\/h2>\n<p style=\"text-align: center;\" data-start=\"2042\" data-end=\"2132\"><strong data-start=\"2042\" data-end=\"2070\">Tolcu Wedding &amp; Evening Wear<\/strong><br data-start=\"2070\" data-end=\"2073\" \/>Bismarckstra\u00dfe 78<br data-start=\"2090\" data-end=\"2093\" \/>67059 Ludwigshafen<br data-start=\"2111\" data-end=\"2114\" \/>+49621 52938717<\/p>\n<p style=\"text-align: center;\" data-start=\"2134\" data-end=\"2255\">Book your personal consultation appointment now and find your dream dress \u2013 <strong data-start=\"2226\" data-end=\"2254\">without a trip to Turkey<\/strong>.<\/p>\n\n\n\n<div class=\"wp-block-columns alignwide are-vertically-aligned-top ext-animate--on is-layout-flex wp-container-core-columns-is-layout-87beb0d0 wp-block-columns-is-layout-flex\">\n<div class=\"wp-block-column is-vertically-aligned-top ext-animate--on is-layout-flow wp-container-core-column-is-layout-f5bb311e wp-block-column-is-layout-flow\">\n<figure class=\"wp-block-image size-large is-style-ext-preset--image--natural-1--image-1--content-bottom ext-animate--on is-style-ext-preset--image--natural-1--image-1--content-bottom--2\"><img loading=\"lazy\" decoding=\"async\" width=\"490\" height=\"1024\" src=\"https:\/\/tolcu.com\/wp-content\/uploads\/2026\/03\/IMG-20260316-WA0025-6-490x1024.jpg\" alt=\"\" class=\"wp-image-1297\" style=\"aspect-ratio:1;object-fit:cover\" srcset=\"https:\/\/tolcu.com\/wp-content\/uploads\/2026\/03\/IMG-20260316-WA0025-6-490x1024.jpg 490w, https:\/\/tolcu.com\/wp-content\/uploads\/2026\/03\/IMG-20260316-WA0025-6-143x300.jpg 143w, https:\/\/tolcu.com\/wp-content\/uploads\/2026\/03\/IMG-20260316-WA0025-6.jpg 704w\" sizes=\"auto, (max-width: 490px) 100vw, 490px\" \/><\/figure>\n<\/div>\n\n\n\n<div class=\"wp-block-column is-vertically-aligned-top ext-animate--on is-layout-flow wp-container-core-column-is-layout-f5bb311e wp-block-column-is-layout-flow\">\n<figure class=\"wp-block-image is-style-ext-preset--image--natural-1--image-1--content-bottom ext-animate--on is-style-ext-preset--image--natural-1--image-1--content-bottom--3\"><img loading=\"lazy\" decoding=\"async\" width=\"960\" height=\"1440\" class=\"wp-image-1400\" src=\"https:\/\/tolcu.com\/wp-content\/uploads\/2026\/03\/66d4b77f1a0059b7fdb641a4263d88f17b83de67.jpg\" alt=\"\" style=\"aspect-ratio:1;object-fit:cover\" srcset=\"https:\/\/tolcu.com\/wp-content\/uploads\/2026\/03\/66d4b77f1a0059b7fdb641a4263d88f17b83de67.jpg 960w, https:\/\/tolcu.com\/wp-content\/uploads\/2026\/03\/66d4b77f1a0059b7fdb641a4263d88f17b83de67-200x300.jpg 200w, https:\/\/tolcu.com\/wp-content\/uploads\/2026\/03\/66d4b77f1a0059b7fdb641a4263d88f17b83de67-683x1024.jpg 683w, https:\/\/tolcu.com\/wp-content\/uploads\/2026\/03\/66d4b77f1a0059b7fdb641a4263d88f17b83de67-768x1152.jpg 768w\" sizes=\"auto, (max-width: 960px) 100vw, 960px\" \/><\/figure>\n<\/div>\n\n\n\n<div class=\"wp-block-column is-vertically-aligned-top ext-animate--on is-layout-flow wp-container-core-column-is-layout-f5bb311e wp-block-column-is-layout-flow\">\n<figure class=\"wp-block-image size-large is-style-ext-preset--image--natural-1--image-1--content-bottom ext-animate--on is-style-ext-preset--image--natural-1--image-1--content-bottom--4\"><img loading=\"lazy\" decoding=\"async\" width=\"765\" height=\"1024\" src=\"https:\/\/tolcu.com\/wp-content\/uploads\/2026\/03\/IMG-20260316-WA0030-8-765x1024.jpg\" alt=\"\" class=\"wp-image-1314\" style=\"aspect-ratio:1;object-fit:cover\" srcset=\"https:\/\/tolcu.com\/wp-content\/uploads\/2026\/03\/IMG-20260316-WA0030-8-765x1024.jpg 765w, https:\/\/tolcu.com\/wp-content\/uploads\/2026\/03\/IMG-20260316-WA0030-8-224x300.jpg 224w, https:\/\/tolcu.com\/wp-content\/uploads\/2026\/03\/IMG-20260316-WA0030-8-768x1028.jpg 768w, https:\/\/tolcu.com\/wp-content\/uploads\/2026\/03\/IMG-20260316-WA0030-8-1148x1536.jpg 1148w, https:\/\/tolcu.com\/wp-content\/uploads\/2026\/03\/IMG-20260316-WA0030-8.jpg 1530w\" sizes=\"auto, (max-width: 765px) 100vw, 765px\" \/><\/figure>\n<\/div>\n<\/div>\n<\/div>\n\n\n\n<div class=\"wp-block-group alignfull is-style-ext-preset--group--natural-1--section ext-animate--on has-tertiary-background-color has-background has-global-padding is-layout-constrained wp-container-core-group-is-layout-18437aeb wp-block-group-is-layout-constrained\" style=\"margin-top:0;margin-bottom:0;padding-top:var(--wp--preset--spacing--70);padding-right:0;padding-bottom:var(--wp--preset--spacing--70);padding-left:0\">\n<div class=\"wp-block-group alignwide is-style-ext-preset--group--natural-1--item-card-1--align-start ext-animate--on has-global-padding is-layout-constrained wp-block-group-is-layout-constrained is-style-ext-preset--group--natural-1--item-card-1--align-start--6\">\n<div class=\"wp-block-cover alignwide is-style-ext-preset--cover--natural-1--cover-overlay-1 ext-animate--on is-style-ext-preset--cover--natural-1--cover-overlay-1--7\" style=\"padding-top:var(--wp--preset--spacing--50);padding-right:var(--wp--preset--spacing--30);padding-bottom:var(--wp--preset--spacing--50);padding-left:var(--wp--preset--spacing--30)\"><img loading=\"lazy\" decoding=\"async\" width=\"961\" height=\"1440\" class=\"wp-block-cover__image-background wp-image-1401\" alt=\"\" src=\"https:\/\/tolcu.com\/wp-content\/uploads\/2026\/03\/1af6f9ebd67d67d539dc55f006f9b26b80fd6f06.jpg\" data-object-fit=\"cover\" srcset=\"https:\/\/tolcu.com\/wp-content\/uploads\/2026\/03\/1af6f9ebd67d67d539dc55f006f9b26b80fd6f06.jpg 961w, https:\/\/tolcu.com\/wp-content\/uploads\/2026\/03\/1af6f9ebd67d67d539dc55f006f9b26b80fd6f06-200x300.jpg 200w, https:\/\/tolcu.com\/wp-content\/uploads\/2026\/03\/1af6f9ebd67d67d539dc55f006f9b26b80fd6f06-683x1024.jpg 683w, https:\/\/tolcu.com\/wp-content\/uploads\/2026\/03\/1af6f9ebd67d67d539dc55f006f9b26b80fd6f06-768x1151.jpg 768w\" sizes=\"auto, (max-width: 961px) 100vw, 961px\" \/><span aria-hidden=\"true\" class=\"wp-block-cover__background has-background-dim-80 has-background-dim\" style=\"background-color:#010101\"><\/span><div class=\"wp-block-cover__inner-container has-global-padding is-layout-constrained wp-container-core-cover-is-layout-1c074333 wp-block-cover-is-layout-constrained\">\n<div class=\"wp-block-group alignwide ext-animate--on has-global-padding is-layout-constrained wp-container-core-group-is-layout-f3b35183 wp-block-group-is-layout-constrained\" style=\"padding-top:0;padding-right:0;padding-bottom:0;padding-left:0\">\n<h2 class=\"wp-block-heading has-text-align-center ext-animate--on has-x-large-font-size\" style=\"margin-bottom:24px\">Find your dream wedding dress today<\/h2>\n\n\n\n<p class=\"has-text-align-center ext-animate--on\" style=\"font-size:clamp(14px, 0.875rem + ((1vw - 3.2px) * 0.417), 18px);\">Discover why a wedding dress from Turkey might not always be the best choice, and learn how to find the perfect dress to suit your style and budget. Use our tips for a stress-free selection.<\/p>\n\n\n\n<div class=\"wp-block-buttons ext-animate--on is-content-justification-center is-layout-flex wp-container-core-buttons-is-layout-a89b3969 wp-block-buttons-is-layout-flex\">\n<div class=\"wp-block-button is-style-ext-preset--button--natural-1--button-1 ext-animate--on is-style-ext-preset--button--natural-1--button-1--8\"><a class=\"wp-block-button__link wp-element-button\" href=\"https:\/\/tolcu.com\/brautkleider-gelinlik-mannheim-turkische\/\">Discover now<\/a><\/div>\n<\/div>\n<\/div>\n<\/div><\/div>\n<\/div>\n<\/div>","protected":false},"excerpt":{"rendered":"<p>Brautkleid aus T\u00fcrkei Preise Gelinlik Istanbul Izmir Ankara Fiyatlari Tolcu Braut- &amp; Abendmode \u2013 Brautkleider nahe Mannheim zu fairen Preisen wie in der T\u00fcrkei Willkommen bei Tolcu Braut- &amp; Abendmode in Ludwigshafen \u2013 Ihrem Experten f\u00fcr Brautkleider nahe Mannheim, Abendmode und ma\u00dfgeschneiderte Hochzeitsmode. Wir bieten eine gro\u00dfe Auswahl an: Brautkleidern Abendkleidern Hennaabendkleidern Kaftanen Hijab-Mode Standesamtkleidern [&hellip;]<\/p>\n","protected":false},"author":1,"featured_media":0,"parent":0,"menu_order":0,"comment_status":"closed","ping_status":"closed","template":"page-with-title","meta":{"pgc_sgb_lightbox_settings":"","footnotes":""},"class_list":["post-1342","page","type-page","status-publish","hentry"],"_links":{"self":[{"href":"https:\/\/tolcu.com\/en\/wp-json\/wp\/v2\/pages\/1342","targetHints":{"allow":["GET"]}}],"collection":[{"href":"https:\/\/tolcu.com\/en\/wp-json\/wp\/v2\/pages"}],"about":[{"href":"https:\/\/tolcu.com\/en\/wp-json\/wp\/v2\/types\/page"}],"author":[{"embeddable":true,"href":"https:\/\/tolcu.com\/en\/wp-json\/wp\/v2\/users\/1"}],"replies":[{"embeddable":true,"href":"https:\/\/tolcu.com\/en\/wp-json\/wp\/v2\/comments?post=1342"}],"version-history":[{"count":1,"href":"https:\/\/tolcu.com\/en\/wp-json\/wp\/v2\/pages\/1342\/revisions"}],"predecessor-version":[{"id":1934,"href":"https:\/\/tolcu.com\/en\/wp-json\/wp\/v2\/pages\/1342\/revisions\/1934"}],"wp:attachment":[{"href":"https:\/\/tolcu.com\/en\/wp-json\/wp\/v2\/media?parent=1342"}],"curies":[{"name":"wp","href":"https:\/\/api.w.org\/{rel}","templated":true}]}}