{"id":1384,"date":"2026-03-17T09:23:28","date_gmt":"2026-03-17T09:23:28","guid":{"rendered":"https:\/\/tolcu.com\/?page_id=1384"},"modified":"2026-03-18T19:44:49","modified_gmt":"2026-03-18T19:44:49","slug":"about-us-wedding-dress-boutique","status":"publish","type":"page","link":"https:\/\/tolcu.com\/en\/ueber-uns-brautmode-fachgeschaft\/","title":{"rendered":"About Us"},"content":{"rendered":"<div class=\"wp-block-group alignfull is-style-ext-preset--group--natural-1--section ext-animate--on has-background-background-color has-background has-global-padding is-layout-constrained wp-block-group-is-layout-constrained\" style=\"margin-top:0;margin-bottom:0;padding-top:var(--wp--preset--spacing--70);padding-bottom:var(--wp--preset--spacing--70)\">\n<div class=\"wp-block-columns alignwide are-vertically-aligned-center ext-animate--on is-layout-flex wp-container-core-columns-is-layout-174606dc wp-block-columns-is-layout-flex\">\n<div class=\"wp-block-column is-vertically-aligned-center ext-animate--on is-layout-flow wp-block-column-is-layout-flow\">\n<h2 class=\"wp-block-heading ext-animate--on\">Since 2006, we've made every wedding unforgettable with unique bridal fashion.<\/h2>\n\n\n\n<p class=\"ext-animate--on\" style=\"margin-top:1.5rem\">We are one of the most well-known Turkish bridal fashion houses in Germany!<\/p>\n\n\n\n<p class=\"ext-animate--on\">We're different \u2013 best prices &amp; highest quality, at prices like in Turkey.<\/p>\n\n\n\n<p class=\"ext-animate--on\">Own products, own brand, own prices, own business.<\/p>\n\n\n\n<p class=\"ext-animate--on\">Modehaus Tolcu has stood for experience and service since 2006.<\/p>\n\n\n\n<p class=\"ext-animate--on\">As seen on German television (SWR &amp; VOX), including a visit from Daniela Katzenberger.<\/p>\n\n\n\n<p class=\"ext-animate--on\">As seen on German television:<\/p>\n\n\n\n<p class=\"ext-animate--on\">Where Love Lands \u2013 Every Couple is Different (VOX)<\/p>\n\n\n\n<p class=\"ext-animate--on\">Home in Tulle \u2013 Bilal and his Wedding Shop (SWR-BW)<\/p>\n\n\n\n<p class=\"ext-animate--on\">Around Ludwigshafen \u2013 Expedition into Heimat (SWR-BW)<br>The German presenter and model Daniela Katzenberger also visited us.<\/p>\n\n\n\n<p class=\"ext-animate--on\">Between Tulle &amp; Tears (VOX)<\/p>\n\n\n\n<p class=\"ext-animate--on\">You dream it \u2013 we'll sew your perfect dress: wedding dresses, Henna dresses, kaftans, engagement or civil ceremony dresses.<br>Whether transparent or covered, mermaid, princess or A-line.<\/p>\n\n\n\n<p class=\"ext-animate--on\">Modehaus Tolcu is one of the best-known Turkish bridal fashion websites in Europe.<\/p>\n\n\n\n<p class=\"ext-animate--on\" style=\"margin-top:1.5rem\">Customers from all over Germany and many countries such as Switzerland, Austria, France, Belgium, the Netherlands, Denmark, Italy, England and Egypt.<\/p>\n\n\n\n<p class=\"ext-animate--on\">Tolcu is a registered trademark<\/p>\n<\/div>\n\n\n\n<div class=\"wp-block-column is-vertically-aligned-center ext-animate--on is-layout-flow wp-block-column-is-layout-flow\">\n<figure class=\"wp-block-image size-full is-style-ext-preset--image--natural-1--image-1--content-left ext-animate--on is-style-ext-preset--image--natural-1--image-1--content-left--2\"><img loading=\"lazy\" decoding=\"async\" width=\"1080\" height=\"1005\" src=\"https:\/\/tolcu.com\/wp-content\/uploads\/2026\/03\/Screenshot_20260318_122446_Instagram.jpg\" alt=\"\" class=\"wp-image-1944\" srcset=\"https:\/\/tolcu.com\/wp-content\/uploads\/2026\/03\/Screenshot_20260318_122446_Instagram.jpg 1080w, https:\/\/tolcu.com\/wp-content\/uploads\/2026\/03\/Screenshot_20260318_122446_Instagram-300x279.jpg 300w, https:\/\/tolcu.com\/wp-content\/uploads\/2026\/03\/Screenshot_20260318_122446_Instagram-1024x953.jpg 1024w, https:\/\/tolcu.com\/wp-content\/uploads\/2026\/03\/Screenshot_20260318_122446_Instagram-768x715.jpg 768w\" sizes=\"auto, (max-width: 1080px) 100vw, 1080px\" \/><\/figure>\n<\/div>\n<\/div>\n<\/div>\n\n\n\n<div class=\"wp-block-group alignfull is-style-ext-preset--group--natural-1--section ext-animate--on has-background-background-color has-background has-global-padding is-layout-constrained wp-container-core-group-is-layout-f72f1611 wp-block-group-is-layout-constrained\" style=\"margin-top:0;margin-bottom:0;padding-top:var(--wp--preset--spacing--70);padding-bottom:var(--wp--preset--spacing--70)\">\n<div class=\"wp-block-group alignwide ext-is-logical-start ext-animate--on has-global-padding is-content-justification-left is-layout-constrained wp-container-core-group-is-layout-6729bdbe wp-block-group-is-layout-constrained\">\n<h2 class=\"wp-block-heading ext-animate--on\">Since 2006, we've been designing your dream wedding with unique bridal fashion.<\/h2>\n\n\n\n<p class=\"has-text-align-left ext-animate--on\">Discover our range of wedding dresses, from classic to plus-size, perfect for every style.<\/p>\n<\/div>\n<\/div>\n\n\n\n<div class=\"wp-block-group alignfull is-style-ext-preset--group--natural-1--section ext-animate--on has-background-background-color has-background has-global-padding is-layout-constrained wp-block-group-is-layout-constrained\" style=\"margin-top:0;margin-bottom:0;padding-top:var(--wp--preset--spacing--70);padding-bottom:var(--wp--preset--spacing--70)\"><\/div>","protected":false},"excerpt":{"rendered":"<p>Seit 2006 machen wir jede Hochzeit mit einzigartiger Brautmode unvergesslich. Wir sind eines der bekanntesten t\u00fcrkischen Hochzeitsmodeh\u00e4user in Deutschland! Wir sind anders \u2013 beste Preise &amp; h\u00f6chste Qualit\u00e4t, zu Preisen wie in der T\u00fcrkei. Eigene Produkte, eigene Marke, eigene Preise, eigenes Gesch\u00e4ft. Modehaus Tolcu steht seit 2006 f\u00fcr Erfahrung und Service. Bekannt aus dem deutschen [&hellip;]<\/p>\n","protected":false},"author":1,"featured_media":0,"parent":0,"menu_order":0,"comment_status":"closed","ping_status":"closed","template":"page-with-title","meta":{"pgc_sgb_lightbox_settings":"","footnotes":""},"class_list":["post-1384","page","type-page","status-publish","hentry"],"_links":{"self":[{"href":"https:\/\/tolcu.com\/en\/wp-json\/wp\/v2\/pages\/1384","targetHints":{"allow":["GET"]}}],"collection":[{"href":"https:\/\/tolcu.com\/en\/wp-json\/wp\/v2\/pages"}],"about":[{"href":"https:\/\/tolcu.com\/en\/wp-json\/wp\/v2\/types\/page"}],"author":[{"embeddable":true,"href":"https:\/\/tolcu.com\/en\/wp-json\/wp\/v2\/users\/1"}],"replies":[{"embeddable":true,"href":"https:\/\/tolcu.com\/en\/wp-json\/wp\/v2\/comments?post=1384"}],"version-history":[{"count":1,"href":"https:\/\/tolcu.com\/en\/wp-json\/wp\/v2\/pages\/1384\/revisions"}],"predecessor-version":[{"id":1945,"href":"https:\/\/tolcu.com\/en\/wp-json\/wp\/v2\/pages\/1384\/revisions\/1945"}],"wp:attachment":[{"href":"https:\/\/tolcu.com\/en\/wp-json\/wp\/v2\/media?parent=1384"}],"curies":[{"name":"wp","href":"https:\/\/api.w.org\/{rel}","templated":true}]}}