{"id":30,"date":"2026-03-15T13:14:27","date_gmt":"2026-03-15T13:14:27","guid":{"rendered":"https:\/\/tolcu.com\/impressum\/"},"modified":"2026-04-22T09:40:52","modified_gmt":"2026-04-22T09:40:52","slug":"imprint","status":"publish","type":"page","link":"https:\/\/tolcu.com\/en\/impressum\/","title":{"rendered":"Imprint"},"content":{"rendered":"<div class=\"wp-block-group alignfull is-style-ext-preset--group--natural-1--section has-background-background-color has-background has-global-padding is-layout-constrained wp-container-core-group-is-layout-6150fac0 wp-block-group-is-layout-constrained\" style=\"margin-top:0;margin-bottom:0;padding-top:var(--wp--preset--spacing--70);padding-bottom:var(--wp--preset--spacing--70)\">\n<p class=\"ext-animate--on\"><strong>Important note: This imprint template has been created with the utmost care. Nevertheless, we do not accept any liability for the completeness and accuracy of the content, nor for its legal certainty. It is the responsibility of the user to independently adapt the template to the currently applicable legal provisions and to check its up-to-dateness. Liability for damages arising directly or indirectly from the use of this template is excluded.<\/strong> <br><br> <strong>Website operator<\/strong><br> Tolcu Bridal &amp; Eveningwear<br> Bismarckstrasse 78<br> 67059 Ludwigshafen<br> Germany<br><br> <strong>Contact details:<\/strong><br> Telephone: +49621-52938717<br> Email: info@tolcu.com<br> Website: www.tolcu.com<br><br> <strong>Authorised representative<\/strong><br> Bilal Tolcu<br> (Managing Director) Nazif Tolcu<br><br> <strong>Company registration:<\/strong><br> Register court: Ludwigshafen District Court<br> Company registration number: ((REGISTRIERUNGSNUMMER))<br> VAT identification number according to \u00a7 27a UStG: DE310579066<\/p>\n\n\n\n<p class=\"ext-animate--on\"><strong>Business Identification Number<\/strong> 27\/176\/83136<br><\/p>\n\n\n\n<p class=\"ext-animate--on\"><strong>Last updated:<\/strong><br>15..03.26<\/p>\n\n\n\n<div style=\"display: flex; justify-content: center;\">Affiliate marketing\n<a href=\"https:\/\/a.check24.net\/misc\/click.php?pid=63309&#038;aid=258&#038;deep=pauschalreisen-vergleich&#038;cat=9\" target=\"_blank\"><img loading=\"lazy\" decoding=\"async\" src=\"https:\/\/a.check24.net\/misc\/view.php?pid=63309&#038;aid=258&#038;cat=9\" width=\"300\" height=\"250\" style=\"max-width: 100%; height: auto;\" ><\/a>\n<\/div>\n<\/div>","protected":false},"excerpt":{"rendered":"<p>Wichtiger Hinweis: Diese Impressum-Vorlage wurde mit gr\u00f6\u00dfter Sorgfalt erstellt. Dennoch \u00fcbernehmen wir keine Gew\u00e4hr f\u00fcr die Vollst\u00e4ndigkeit und Richtigkeit der Inhalte sowie f\u00fcr deren Rechtssicherheit. Es liegt in der Verantwortung des Nutzers, die Vorlage eigenst\u00e4ndig an die jeweils geltenden gesetzlichen Bestimmungen anzupassen und auf ihre Aktualit\u00e4t zu pr\u00fcfen. Eine Haftung f\u00fcr Sch\u00e4den, die direkt oder [&hellip;]<\/p>\n","protected":false},"author":1,"featured_media":0,"parent":0,"menu_order":0,"comment_status":"closed","ping_status":"closed","template":"page-with-title","meta":{"pgc_sgb_lightbox_settings":"","footnotes":""},"class_list":["post-30","page","type-page","status-publish","hentry"],"_links":{"self":[{"href":"https:\/\/tolcu.com\/en\/wp-json\/wp\/v2\/pages\/30","targetHints":{"allow":["GET"]}}],"collection":[{"href":"https:\/\/tolcu.com\/en\/wp-json\/wp\/v2\/pages"}],"about":[{"href":"https:\/\/tolcu.com\/en\/wp-json\/wp\/v2\/types\/page"}],"author":[{"embeddable":true,"href":"https:\/\/tolcu.com\/en\/wp-json\/wp\/v2\/users\/1"}],"replies":[{"embeddable":true,"href":"https:\/\/tolcu.com\/en\/wp-json\/wp\/v2\/comments?post=30"}],"version-history":[{"count":12,"href":"https:\/\/tolcu.com\/en\/wp-json\/wp\/v2\/pages\/30\/revisions"}],"predecessor-version":[{"id":2307,"href":"https:\/\/tolcu.com\/en\/wp-json\/wp\/v2\/pages\/30\/revisions\/2307"}],"wp:attachment":[{"href":"https:\/\/tolcu.com\/en\/wp-json\/wp\/v2\/media?parent=30"}],"curies":[{"name":"wp","href":"https:\/\/api.w.org\/{rel}","templated":true}]}}