{"id":1342,"date":"2026-03-17T08:56:05","date_gmt":"2026-03-17T08:56:05","guid":{"rendered":"https:\/\/tolcu.com\/?page_id=1342"},"modified":"2026-04-22T09:33:31","modified_gmt":"2026-04-22T09:33:31","slug":"robe-de-mariee-de-turquie-gelinlik-istanbul-izmir","status":"publish","type":"page","link":"https:\/\/tolcu.com\/fr\/brautkleid-aus-der-tuerkei-gelinlik-istanbul-izmir\/","title":{"rendered":"Robe de mari\u00e9e de Turquie"},"content":{"rendered":"<div class=\"wp-block-group alignfull is-style-ext-preset--group--natural-1--section ext-animate--on has-background-background-color has-background has-global-padding is-layout-constrained wp-container-core-group-is-layout-f72f1611 wp-block-group-is-layout-constrained\" style=\"margin-top:0;margin-bottom:0;padding-top:var(--wp--preset--spacing--70);padding-bottom:var(--wp--preset--spacing--70)\">\n<div class=\"wp-block-group alignwide ext-is-logical-start ext-animate--on has-global-padding is-content-justification-left is-layout-constrained wp-container-core-group-is-layout-6729bdbe wp-block-group-is-layout-constrained\">\n<h1 class=\"wp-block-heading ext-animate--on has-x-large-font-size\">Robe de mari\u00e9e de Turquie Prix<\/h1>\n\n\n\n<p class=\"has-text-align-left ext-animate--on\"><\/p>\n<\/div>\n\n\n\n<div class=\"wp-block-group alignwide ext-is-logical-start ext-animate--on has-global-padding is-content-justification-left is-layout-constrained wp-container-core-group-is-layout-6729bdbe wp-block-group-is-layout-constrained\">\n<h2 class=\"wp-block-heading ext-animate--on has-medium-font-size\">Gelinlik Istanbul Izmir Ankara Fiyatlari<\/h2>\n\n\n\n<p class=\"has-text-align-left ext-animate--on\"><\/p>\n<\/div>\n\n\n\n<h2 style=\"text-align: center;\" data-section-id=\"r7hqz4\" data-start=\"116\" data-end=\"208\">Tolcu Braut- &amp; Abendmode - Robes de mari\u00e9e pr\u00e8s de Mannheim \u00e0 des prix \u00e9quitables comme en Turquie<\/h2>\n<p style=\"text-align: center;\" data-start=\"210\" data-end=\"368\">Bienvenue chez <strong data-start=\"225\" data-end=\"253\">Tolcu Mode de mariage et de soir\u00e9e<\/strong> \u00e0 Ludwigshafen - votre expert en <strong data-start=\"291\" data-end=\"321\">Robes de mari\u00e9e pr\u00e8s de Mannheim<\/strong>, mode de soir\u00e9e et mode de mariage sur mesure.<\/p>\n<p style=\"text-align: center;\" data-start=\"370\" data-end=\"403\">Nous proposons un large choix :<\/p>\n<ul style=\"text-align: center;\" data-start=\"404\" data-end=\"535\">\n<li data-section-id=\"qu5c9a\" data-start=\"404\" data-end=\"421\">\n<p data-start=\"406\" data-end=\"421\">Robes de mari\u00e9e<\/p>\n<\/li>\n<li data-section-id=\"bv8l4i\" data-start=\"422\" data-end=\"439\">\n<p data-start=\"424\" data-end=\"439\">Robes de soir\u00e9e<\/p>\n<\/li>\n<li data-section-id=\"154tnni\" data-start=\"440\" data-end=\"462\">\n<p data-start=\"442\" data-end=\"462\">Robes du soir au henn\u00e9<\/p>\n<\/li>\n<li data-section-id=\"icuik4\" data-start=\"463\" data-end=\"475\">\n<p data-start=\"465\" data-end=\"475\">Caftans<\/p>\n<\/li>\n<li data-section-id=\"104ze4u\" data-start=\"476\" data-end=\"490\">\n<p data-start=\"478\" data-end=\"490\">Mode du hijab<\/p>\n<\/li>\n<li data-section-id=\"1fjq2qk\" data-start=\"491\" data-end=\"513\">\n<p data-start=\"493\" data-end=\"513\">Robes de c\u00e9r\u00e9monie<\/p>\n<\/li>\n<li data-section-id=\"1hvpne\" data-start=\"514\" data-end=\"535\">\n<p data-start=\"516\" data-end=\"535\">Costumes de mari\u00e9<\/p>\n<\/li>\n<\/ul>\n<p style=\"text-align: center;\" data-start=\"537\" data-end=\"628\">\ud83d\udc49 Tout sur <strong data-start=\"549\" data-end=\"597\">des prix \u00e9quitables - comparables \u00e0 ceux de la Turquie<\/strong>, Mais sans effort ni risque.<\/p>\n<hr data-start=\"630\" data-end=\"633\" \/>\n<h2 style=\"text-align: center;\" data-section-id=\"aqzxmt\" data-start=\"635\" data-end=\"687\">Robe de mari\u00e9e Turquie ou Allemagne ? La comparaison<\/h2>\n<p style=\"text-align: center;\" data-start=\"689\" data-end=\"824\">Beaucoup de mari\u00e9es se posent cette question :<br data-start=\"725\" data-end=\"728\" \/><strong data-start=\"728\" data-end=\"824\">\u201eVaut-il la peine d'acheter une robe de mari\u00e9e en Turquie - par exemple \u00e0 Istanbul, Izmir, Ankara ou Antalya ?\u201c<\/strong><\/p>\n<p style=\"text-align: center;\" data-start=\"826\" data-end=\"931\">Les robes de mari\u00e9e en Turquie semblent souvent moins ch\u00e8res - mais les co\u00fbts cach\u00e9s sont souvent sous-estim\u00e9s :<\/p>\n<ul style=\"text-align: center;\" data-start=\"933\" data-end=\"1136\">\n<li data-section-id=\"1lvh4ga\" data-start=\"933\" data-end=\"978\">\n<p data-start=\"935\" data-end=\"978\">\u2708\ufe0f Billets d'avion (souvent pour plusieurs personnes)<\/p>\n<\/li>\n<li data-section-id=\"1s7nx0l\" data-start=\"979\" data-end=\"1005\">\n<p data-start=\"981\" data-end=\"1005\">\ud83c\udfe8 H\u00f4tel &amp; restauration<\/p>\n<\/li>\n<li data-section-id=\"tbx0n5\" data-start=\"1006\" data-end=\"1030\">\n<p data-start=\"1008\" data-end=\"1030\">\ud83d\ude95 Transport sur place<\/p>\n<\/li>\n<li data-section-id=\"wnqgjr\" data-start=\"1031\" data-end=\"1062\">\n<p data-start=\"1033\" data-end=\"1062\">\ud83d\udce6 Frais de douane et de bagages<\/p>\n<\/li>\n<li data-section-id=\"vtxl2t\" data-start=\"1063\" data-end=\"1095\">\n<p data-start=\"1065\" data-end=\"1095\">\ud83e\uddf5 Modifications en Allemagne<\/p>\n<\/li>\n<li data-section-id=\"bgigw6\" data-start=\"1096\" data-end=\"1136\">\n<p data-start=\"1098\" data-end=\"1136\">\u2757 Pas d'interlocuteur en cas de probl\u00e8me<\/p>\n<\/li>\n<\/ul>\n<p style=\"text-align: center;\" data-start=\"1138\" data-end=\"1221\">\ud83d\udc49 Conclusion : la pr\u00e9tendue bonne affaire se r\u00e9v\u00e8le souvent plus ch\u00e8re et plus stressante que pr\u00e9vu.<\/p>\n<hr data-start=\"1223\" data-end=\"1226\" \/>\n<h2 style=\"text-align: center;\" data-section-id=\"163pkgm\" data-start=\"1228\" data-end=\"1281\">Robes de mari\u00e9e comme \u00e0 Istanbul - pr\u00e8s de Mannheim<\/h2>\n<p style=\"text-align: center;\" data-start=\"1283\" data-end=\"1343\">Sur <strong data-start=\"1287\" data-end=\"1329\">Tolcu Mode de mariage &amp; de soir\u00e9e pr\u00e8s de Mannheim<\/strong> vous obtenez<\/p>\n<p style=\"text-align: center;\" data-start=\"1345\" data-end=\"1577\">\u2714 Des prix comme en Turquie<br data-start=\"1371\" data-end=\"1374\" \/>\u2714 Conseil personnalis\u00e9 sur place<br data-start=\"1404\" data-end=\"1407\" \/>\u2714 Service de retouches professionnelles<br data-start=\"1468\" data-end=\"1471\" \/>\u2714 Pas de frais de d\u00e9placement ou de frais suppl\u00e9mentaires<br data-start=\"1503\" data-end=\"1506\" \/>\u2714 S\u00e9curit\u00e9 &amp; garantie<br data-start=\"1529\" data-end=\"1532\" \/>\u2714 Essayage d\u00e9contract\u00e9 en famille &amp; entre amis<\/p>\n<p style=\"text-align: center;\" data-start=\"1579\" data-end=\"1654\">\ud83d\udca1 Vous \u00e9conomisez du temps, de l'argent et des nerfs - tout en obtenant la robe de vos r\u00eaves.<\/p>\n<hr data-start=\"1656\" data-end=\"1659\" \/>\n<h2 style=\"text-align: center;\" data-section-id=\"1jxq7j7\" data-start=\"1661\" data-end=\"1728\">Pourquoi Tolcu est le meilleur choix pour les robes de mari\u00e9e dans la r\u00e9gion de Mannheim<\/h2>\n<ul style=\"text-align: center;\" data-start=\"1730\" data-end=\"1892\">\n<li data-section-id=\"ik0csd\" data-start=\"1730\" data-end=\"1781\">\n<p data-start=\"1732\" data-end=\"1781\">Grand choix de designs modernes &amp; classiques<\/p>\n<\/li>\n<li data-section-id=\"1w9bux0\" data-start=\"1782\" data-end=\"1819\">\n<p data-start=\"1784\" data-end=\"1819\">Tissus &amp; finitions de qualit\u00e9<\/p>\n<\/li>\n<li data-section-id=\"utubty\" data-start=\"1820\" data-end=\"1860\">\n<p data-start=\"1822\" data-end=\"1860\">Des conseils personnalis\u00e9s pour chaque mari\u00e9e<\/p>\n<\/li>\n<li data-section-id=\"1tey2nz\" data-start=\"1861\" data-end=\"1892\">\n<p data-start=\"1863\" data-end=\"1892\">Situation centrale pr\u00e8s de Mannheim<\/p>\n<\/li>\n<li data-section-id=\"1tey2nz\" data-start=\"1861\" data-end=\"1892\">sur le march\u00e9 depuis 2006<\/li>\n<\/ul>\n<p style=\"text-align: center;\" data-start=\"1894\" data-end=\"2006\">Que ce soit simple, \u00e9l\u00e9gant ou opulent, vous trouverez chez nous votre parfait <strong data-start=\"1968\" data-end=\"2005\">Robe de mari\u00e9e \u00e0 Mannheim &amp; environs<\/strong>.<\/p>\n<hr data-start=\"2008\" data-end=\"2011\" \/>\n<h2 style=\"text-align: center;\" data-section-id=\"1lm3wqo\" data-start=\"2013\" data-end=\"2040\">Prenez rendez-vous maintenant<\/h2>\n<p style=\"text-align: center;\" data-start=\"2042\" data-end=\"2132\"><strong data-start=\"2042\" data-end=\"2070\">Tolcu Mode de mariage et de soir\u00e9e<\/strong><br data-start=\"2070\" data-end=\"2073\" \/>78, rue Bismarck<br data-start=\"2090\" data-end=\"2093\" \/>67059 Ludwigshafen<br data-start=\"2111\" data-end=\"2114\" \/>\ud83d\udcde +49621 52938717<\/p>\n<p style=\"text-align: center;\" data-start=\"2134\" data-end=\"2255\">\ud83d\udc49 Prenez maintenant rendez-vous pour une consultation personnelle et trouvez la robe de vos r\u00eaves - <strong data-start=\"2226\" data-end=\"2254\">sans voyage en Turquie<\/strong>.<\/p>\n\n\n\n<div class=\"wp-block-columns alignwide are-vertically-aligned-top ext-animate--on is-layout-flex wp-container-core-columns-is-layout-87beb0d0 wp-block-columns-is-layout-flex\">\n<div class=\"wp-block-column is-vertically-aligned-top ext-animate--on is-layout-flow wp-container-core-column-is-layout-f5bb311e wp-block-column-is-layout-flow\">\n<figure class=\"wp-block-image size-large is-style-ext-preset--image--natural-1--image-1--content-bottom ext-animate--on is-style-ext-preset--image--natural-1--image-1--content-bottom--2\"><img loading=\"lazy\" decoding=\"async\" width=\"490\" height=\"1024\" src=\"https:\/\/tolcu.com\/wp-content\/uploads\/2026\/03\/IMG-20260316-WA0025-6-490x1024.jpg\" alt=\"\" class=\"wp-image-1297\" style=\"aspect-ratio:1;object-fit:cover\" srcset=\"https:\/\/tolcu.com\/wp-content\/uploads\/2026\/03\/IMG-20260316-WA0025-6-490x1024.jpg 490w, https:\/\/tolcu.com\/wp-content\/uploads\/2026\/03\/IMG-20260316-WA0025-6-143x300.jpg 143w, https:\/\/tolcu.com\/wp-content\/uploads\/2026\/03\/IMG-20260316-WA0025-6.jpg 704w\" sizes=\"auto, (max-width: 490px) 100vw, 490px\" \/><\/figure>\n<\/div>\n\n\n\n<div class=\"wp-block-column is-vertically-aligned-top ext-animate--on is-layout-flow wp-container-core-column-is-layout-f5bb311e wp-block-column-is-layout-flow\">\n<figure class=\"wp-block-image is-style-ext-preset--image--natural-1--image-1--content-bottom ext-animate--on is-style-ext-preset--image--natural-1--image-1--content-bottom--3\"><img loading=\"lazy\" decoding=\"async\" width=\"960\" height=\"1440\" src=\"https:\/\/tolcu.com\/wp-content\/uploads\/2026\/03\/66d4b77f1a0059b7fdb641a4263d88f17b83de67.jpg\" alt=\"\" class=\"wp-image-1400\" style=\"aspect-ratio:1;object-fit:cover\" srcset=\"https:\/\/tolcu.com\/wp-content\/uploads\/2026\/03\/66d4b77f1a0059b7fdb641a4263d88f17b83de67.jpg 960w, https:\/\/tolcu.com\/wp-content\/uploads\/2026\/03\/66d4b77f1a0059b7fdb641a4263d88f17b83de67-200x300.jpg 200w, https:\/\/tolcu.com\/wp-content\/uploads\/2026\/03\/66d4b77f1a0059b7fdb641a4263d88f17b83de67-683x1024.jpg 683w, https:\/\/tolcu.com\/wp-content\/uploads\/2026\/03\/66d4b77f1a0059b7fdb641a4263d88f17b83de67-768x1152.jpg 768w\" sizes=\"auto, (max-width: 960px) 100vw, 960px\" \/><\/figure>\n<\/div>\n\n\n\n<div class=\"wp-block-column is-vertically-aligned-top ext-animate--on is-layout-flow wp-container-core-column-is-layout-f5bb311e wp-block-column-is-layout-flow\">\n<figure class=\"wp-block-image size-large is-style-ext-preset--image--natural-1--image-1--content-bottom ext-animate--on is-style-ext-preset--image--natural-1--image-1--content-bottom--4\"><img loading=\"lazy\" decoding=\"async\" width=\"765\" height=\"1024\" src=\"https:\/\/tolcu.com\/wp-content\/uploads\/2026\/03\/IMG-20260316-WA0030-8-765x1024.jpg\" alt=\"\" class=\"wp-image-1314\" style=\"aspect-ratio:1;object-fit:cover\" srcset=\"https:\/\/tolcu.com\/wp-content\/uploads\/2026\/03\/IMG-20260316-WA0030-8-765x1024.jpg 765w, https:\/\/tolcu.com\/wp-content\/uploads\/2026\/03\/IMG-20260316-WA0030-8-224x300.jpg 224w, https:\/\/tolcu.com\/wp-content\/uploads\/2026\/03\/IMG-20260316-WA0030-8-768x1028.jpg 768w, https:\/\/tolcu.com\/wp-content\/uploads\/2026\/03\/IMG-20260316-WA0030-8-1148x1536.jpg 1148w, https:\/\/tolcu.com\/wp-content\/uploads\/2026\/03\/IMG-20260316-WA0030-8.jpg 1530w\" sizes=\"auto, (max-width: 765px) 100vw, 765px\" \/><\/figure>\n<\/div>\n<\/div>\n<\/div>\n\n\n\n<div style=\"display: flex; justify-content: center;\">Publicit\u00e9 d'affiliation\n<a href=\"https:\/\/a.check24.net\/misc\/click.php?pid=63309&#038;aid=258&#038;deep=pauschalreisen-vergleich&#038;cat=9\" target=\"_blank\"><img loading=\"lazy\" decoding=\"async\" src=\"https:\/\/a.check24.net\/misc\/view.php?pid=63309&#038;aid=258&#038;cat=9\" width=\"300\" height=\"250\" style=\"max-width: 100%; height: auto;\" ><\/a>\n<\/div>\n\n\n\n<div class=\"wp-block-group alignfull is-style-ext-preset--group--natural-1--section ext-animate--on has-tertiary-background-color has-background has-global-padding is-layout-constrained wp-container-core-group-is-layout-18437aeb wp-block-group-is-layout-constrained\" style=\"margin-top:0;margin-bottom:0;padding-top:var(--wp--preset--spacing--70);padding-right:0;padding-bottom:var(--wp--preset--spacing--70);padding-left:0\">\n<div class=\"wp-block-group alignwide is-style-ext-preset--group--natural-1--item-card-1--align-start ext-animate--on has-global-padding is-layout-constrained wp-block-group-is-layout-constrained is-style-ext-preset--group--natural-1--item-card-1--align-start--6\">\n<div class=\"wp-block-cover alignwide is-style-ext-preset--cover--natural-1--cover-overlay-1 ext-animate--on is-style-ext-preset--cover--natural-1--cover-overlay-1--7\" style=\"padding-top:var(--wp--preset--spacing--50);padding-right:var(--wp--preset--spacing--30);padding-bottom:var(--wp--preset--spacing--50);padding-left:var(--wp--preset--spacing--30)\"><img loading=\"lazy\" decoding=\"async\" width=\"961\" height=\"1440\" class=\"wp-block-cover__image-background wp-image-1401\" alt=\"\" src=\"https:\/\/tolcu.com\/wp-content\/uploads\/2026\/03\/1af6f9ebd67d67d539dc55f006f9b26b80fd6f06.jpg\" data-object-fit=\"cover\" srcset=\"https:\/\/tolcu.com\/wp-content\/uploads\/2026\/03\/1af6f9ebd67d67d539dc55f006f9b26b80fd6f06.jpg 961w, https:\/\/tolcu.com\/wp-content\/uploads\/2026\/03\/1af6f9ebd67d67d539dc55f006f9b26b80fd6f06-200x300.jpg 200w, https:\/\/tolcu.com\/wp-content\/uploads\/2026\/03\/1af6f9ebd67d67d539dc55f006f9b26b80fd6f06-683x1024.jpg 683w, https:\/\/tolcu.com\/wp-content\/uploads\/2026\/03\/1af6f9ebd67d67d539dc55f006f9b26b80fd6f06-768x1151.jpg 768w\" sizes=\"auto, (max-width: 961px) 100vw, 961px\" \/><span aria-hidden=\"true\" class=\"wp-block-cover__background has-background-dim-80 has-background-dim\" style=\"background-color:#010101\"><\/span><div class=\"wp-block-cover__inner-container has-global-padding is-layout-constrained wp-container-core-cover-is-layout-1c074333 wp-block-cover-is-layout-constrained\">\n<div class=\"wp-block-group alignwide ext-animate--on has-global-padding is-layout-constrained wp-container-core-group-is-layout-f3b35183 wp-block-group-is-layout-constrained\" style=\"padding-top:0;padding-right:0;padding-bottom:0;padding-left:0\">\n<h2 class=\"wp-block-heading has-text-align-center ext-animate--on has-x-large-font-size\" style=\"margin-bottom:24px\">Trouvez aujourd'hui la robe de mari\u00e9e de vos r\u00eaves<\/h2>\n\n\n\n<p class=\"has-text-align-center ext-animate--on\" style=\"font-size:clamp(14px, 0.875rem + ((1vw - 3.2px) * 0.417), 18px);\">D\u00e9couvrez pourquoi une robe de mari\u00e9e de Turquie n'est pas toujours le meilleur choix et apprenez comment trouver la robe parfaite adapt\u00e9e \u00e0 votre style et \u00e0 votre budget. Profitez de nos conseils pour faire votre choix sans stress.<\/p>\n\n\n\n<div class=\"wp-block-buttons ext-animate--on is-content-justification-center is-layout-flex wp-container-core-buttons-is-layout-a89b3969 wp-block-buttons-is-layout-flex\">\n<div class=\"wp-block-button is-style-ext-preset--button--natural-1--button-1 ext-animate--on is-style-ext-preset--button--natural-1--button-1--8\"><a class=\"wp-block-button__link wp-element-button\" href=\"https:\/\/tolcu.com\/brautkleider-gelinlik-mannheim-turkische\/\">D\u00e9couvrir maintenant<\/a><\/div>\n<\/div>\n<\/div>\n<\/div><\/div>\n<\/div>\n<\/div>","protected":false},"excerpt":{"rendered":"<p>Brautkleid aus T\u00fcrkei Preise Gelinlik Istanbul Izmir Ankara Fiyatlari Tolcu Braut- &amp; Abendmode \u2013 Brautkleider nahe Mannheim zu fairen Preisen wie in der T\u00fcrkei Willkommen bei Tolcu Braut- &amp; Abendmode in Ludwigshafen \u2013 Ihrem Experten f\u00fcr Brautkleider nahe Mannheim, Abendmode und ma\u00dfgeschneiderte Hochzeitsmode. Wir bieten eine gro\u00dfe Auswahl an: Brautkleidern Abendkleidern Hennaabendkleidern Kaftanen Hijab-Mode Standesamtkleidern [&hellip;]<\/p>\n","protected":false},"author":1,"featured_media":0,"parent":0,"menu_order":0,"comment_status":"closed","ping_status":"closed","template":"page-with-title","meta":{"pgc_sgb_lightbox_settings":"","footnotes":""},"class_list":["post-1342","page","type-page","status-publish","hentry"],"_links":{"self":[{"href":"https:\/\/tolcu.com\/fr\/wp-json\/wp\/v2\/pages\/1342","targetHints":{"allow":["GET"]}}],"collection":[{"href":"https:\/\/tolcu.com\/fr\/wp-json\/wp\/v2\/pages"}],"about":[{"href":"https:\/\/tolcu.com\/fr\/wp-json\/wp\/v2\/types\/page"}],"author":[{"embeddable":true,"href":"https:\/\/tolcu.com\/fr\/wp-json\/wp\/v2\/users\/1"}],"replies":[{"embeddable":true,"href":"https:\/\/tolcu.com\/fr\/wp-json\/wp\/v2\/comments?post=1342"}],"version-history":[{"count":3,"href":"https:\/\/tolcu.com\/fr\/wp-json\/wp\/v2\/pages\/1342\/revisions"}],"predecessor-version":[{"id":2294,"href":"https:\/\/tolcu.com\/fr\/wp-json\/wp\/v2\/pages\/1342\/revisions\/2294"}],"wp:attachment":[{"href":"https:\/\/tolcu.com\/fr\/wp-json\/wp\/v2\/media?parent=1342"}],"curies":[{"name":"wp","href":"https:\/\/api.w.org\/{rel}","templated":true}]}}