{"id":1384,"date":"2026-03-17T09:23:28","date_gmt":"2026-03-17T09:23:28","guid":{"rendered":"https:\/\/tolcu.com\/?page_id=1384"},"modified":"2026-04-22T09:47:29","modified_gmt":"2026-04-22T09:47:29","slug":"a-propos-de-nous-magasin-de-mode-nuptiale","status":"publish","type":"page","link":"https:\/\/tolcu.com\/fr\/ueber-uns-brautmode-fachgeschaft\/","title":{"rendered":"\u00c0 propos de nous"},"content":{"rendered":"<div class=\"wp-block-group alignfull is-style-ext-preset--group--natural-1--section ext-animate--on has-background-background-color has-background has-global-padding is-layout-constrained wp-block-group-is-layout-constrained\" style=\"margin-top:0;margin-bottom:0;padding-top:var(--wp--preset--spacing--70);padding-bottom:var(--wp--preset--spacing--70)\">\n<div class=\"wp-block-columns alignwide are-vertically-aligned-center ext-animate--on is-layout-flex wp-container-core-columns-is-layout-174606dc wp-block-columns-is-layout-flex\">\n<div class=\"wp-block-column is-vertically-aligned-center ext-animate--on is-layout-flow wp-block-column-is-layout-flow\">\n<h2 class=\"wp-block-heading ext-animate--on\">Depuis 2006, nous rendons chaque mariage inoubliable gr\u00e2ce \u00e0 une mode nuptiale unique.<\/h2>\n\n\n\n<p class=\"ext-animate--on\" style=\"margin-top:1.5rem\">Nous sommes l'une des maisons de mode de mariage turques les plus connues en Allemagne !<\/p>\n\n\n\n<p class=\"ext-animate--on\">Nous sommes diff\u00e9rents - les meilleurs prix &amp; la meilleure qualit\u00e9, \u00e0 des prix comme en Turquie.<\/p>\n\n\n\n<p class=\"ext-animate--on\">Propres produits, propre marque, propres prix, propre magasin.<\/p>\n\n\n\n<p class=\"ext-animate--on\">Depuis 2006, la maison de mode Tolcu est synonyme d'exp\u00e9rience et de service.<\/p>\n\n\n\n<p class=\"ext-animate--on\">Connu \u00e0 la t\u00e9l\u00e9vision allemande (SWR &amp; VOX), avec notamment la visite de Daniela Katzenberger.<\/p>\n\n\n\n<p class=\"ext-animate--on\">Connu \u00e0 la t\u00e9l\u00e9vision allemande :<\/p>\n\n\n\n<p class=\"ext-animate--on\">O\u00f9 l'amour tombe - Chaque couple est diff\u00e9rent (VOX)<\/p>\n\n\n\n<p class=\"ext-animate--on\">La patrie en tulle - Bilal et son magasin de mariage (SWR-BW)<\/p>\n\n\n\n<p class=\"ext-animate--on\">Rund um Ludwigshafen - Exp\u00e9dition dans le pays natal (SWR-BW)<br>La pr\u00e9sentatrice et mannequin allemande Daniela Katzenberger nous a \u00e9galement rendu visite.<\/p>\n\n\n\n<p class=\"ext-animate--on\">Entre tulle et larmes (VOX)<\/p>\n\n\n\n<p class=\"ext-animate--on\">Tu r\u00eaves - nous cousons ta robe parfaite : robe de mari\u00e9e, robe au henn\u00e9, caftan, robe de fian\u00e7ailles ou robe de c\u00e9r\u00e9monie.<br>Qu'elles soient transparentes ou couvertes, en forme de sir\u00e8ne, de princesse ou de ligne A.<\/p>\n\n\n\n<p class=\"ext-animate--on\">Modehaus Tolcu est l'un des sites web turcs de mode nuptiale les plus connus en Europe.<\/p>\n\n\n\n<p class=\"ext-animate--on\" style=\"margin-top:1.5rem\">Des clientes de toute l'Allemagne et de nombreux pays comme la Suisse, l'Autriche, la France, la Belgique, les Pays-Bas, le Danemark, l'Italie, l'Angleterre et l'\u00c9gypte.<\/p>\n\n\n\n<p class=\"ext-animate--on\">Tolcu est une marque d\u00e9pos\u00e9e<\/p>\n<\/div>\n\n\n\n<div class=\"wp-block-column is-vertically-aligned-center ext-animate--on is-layout-flow wp-block-column-is-layout-flow\">\n<figure class=\"wp-block-image size-full is-style-ext-preset--image--natural-1--image-1--content-left ext-animate--on is-style-ext-preset--image--natural-1--image-1--content-left--2\"><img loading=\"lazy\" decoding=\"async\" width=\"1080\" height=\"1005\" src=\"https:\/\/tolcu.com\/wp-content\/uploads\/2026\/03\/Screenshot_20260318_122446_Instagram.jpg\" alt=\"\" class=\"wp-image-1944\" srcset=\"https:\/\/tolcu.com\/wp-content\/uploads\/2026\/03\/Screenshot_20260318_122446_Instagram.jpg 1080w, https:\/\/tolcu.com\/wp-content\/uploads\/2026\/03\/Screenshot_20260318_122446_Instagram-300x279.jpg 300w, https:\/\/tolcu.com\/wp-content\/uploads\/2026\/03\/Screenshot_20260318_122446_Instagram-1024x953.jpg 1024w, https:\/\/tolcu.com\/wp-content\/uploads\/2026\/03\/Screenshot_20260318_122446_Instagram-768x715.jpg 768w\" sizes=\"auto, (max-width: 1080px) 100vw, 1080px\" \/><\/figure>\n<\/div>\n<\/div>\n\n\n\n<div style=\"display: flex; justify-content: center;\">Publicit\u00e9 d'affiliation\n<a href=\"https:\/\/a.check24.net\/misc\/click.php?pid=63309&#038;aid=258&#038;deep=pauschalreisen-vergleich&#038;cat=9\" target=\"_blank\"><img loading=\"lazy\" decoding=\"async\" src=\"https:\/\/a.check24.net\/misc\/view.php?pid=63309&#038;aid=258&#038;cat=9\" width=\"300\" height=\"250\" style=\"max-width: 100%; height: auto;\" ><\/a>\n<\/div>\n<\/div>\n\n\n\n<div class=\"wp-block-group alignfull is-style-ext-preset--group--natural-1--section ext-animate--on has-background-background-color has-background has-global-padding is-layout-constrained wp-container-core-group-is-layout-f72f1611 wp-block-group-is-layout-constrained\" style=\"margin-top:0;margin-bottom:0;padding-top:var(--wp--preset--spacing--70);padding-bottom:var(--wp--preset--spacing--70)\">\n<div class=\"wp-block-group alignwide ext-is-logical-start ext-animate--on has-global-padding is-content-justification-left is-layout-constrained wp-container-core-group-is-layout-6729bdbe wp-block-group-is-layout-constrained\">\n<h2 class=\"wp-block-heading ext-animate--on\">Depuis 2006, nous cr\u00e9ons le mariage de vos r\u00eaves avec une mode nuptiale unique.<\/h2>\n\n\n\n<p class=\"has-text-align-left ext-animate--on\">D\u00e9couvrez notre diversit\u00e9 de robes de mari\u00e9e, du classique au XXL, parfaites pour tous les styles.<\/p>\n<\/div>\n<\/div>\n\n\n\n<div class=\"wp-block-group alignfull is-style-ext-preset--group--natural-1--section ext-animate--on has-background-background-color has-background has-global-padding is-layout-constrained wp-block-group-is-layout-constrained\" style=\"margin-top:0;margin-bottom:0;padding-top:var(--wp--preset--spacing--70);padding-bottom:var(--wp--preset--spacing--70)\"><\/div>","protected":false},"excerpt":{"rendered":"<p>Seit 2006 machen wir jede Hochzeit mit einzigartiger Brautmode unvergesslich. Wir sind eines der bekanntesten t\u00fcrkischen Hochzeitsmodeh\u00e4user in Deutschland! Wir sind anders \u2013 beste Preise &amp; h\u00f6chste Qualit\u00e4t, zu Preisen wie in der T\u00fcrkei. Eigene Produkte, eigene Marke, eigene Preise, eigenes Gesch\u00e4ft. Modehaus Tolcu steht seit 2006 f\u00fcr Erfahrung und Service. Bekannt aus dem deutschen [&hellip;]<\/p>\n","protected":false},"author":1,"featured_media":0,"parent":0,"menu_order":0,"comment_status":"closed","ping_status":"closed","template":"page-with-title","meta":{"pgc_sgb_lightbox_settings":"","footnotes":""},"class_list":["post-1384","page","type-page","status-publish","hentry"],"_links":{"self":[{"href":"https:\/\/tolcu.com\/fr\/wp-json\/wp\/v2\/pages\/1384","targetHints":{"allow":["GET"]}}],"collection":[{"href":"https:\/\/tolcu.com\/fr\/wp-json\/wp\/v2\/pages"}],"about":[{"href":"https:\/\/tolcu.com\/fr\/wp-json\/wp\/v2\/types\/page"}],"author":[{"embeddable":true,"href":"https:\/\/tolcu.com\/fr\/wp-json\/wp\/v2\/users\/1"}],"replies":[{"embeddable":true,"href":"https:\/\/tolcu.com\/fr\/wp-json\/wp\/v2\/comments?post=1384"}],"version-history":[{"count":3,"href":"https:\/\/tolcu.com\/fr\/wp-json\/wp\/v2\/pages\/1384\/revisions"}],"predecessor-version":[{"id":2313,"href":"https:\/\/tolcu.com\/fr\/wp-json\/wp\/v2\/pages\/1384\/revisions\/2313"}],"wp:attachment":[{"href":"https:\/\/tolcu.com\/fr\/wp-json\/wp\/v2\/media?parent=1384"}],"curies":[{"name":"wp","href":"https:\/\/api.w.org\/{rel}","templated":true}]}}