{"id":23,"date":"2026-03-15T13:14:15","date_gmt":"2026-03-15T13:14:15","guid":{"rendered":"https:\/\/tolcu.com\/galerie\/"},"modified":"2026-04-22T09:32:05","modified_gmt":"2026-04-22T09:32:05","slug":"sunnet-kiyafeti-cout-de-la-circoncision","status":"publish","type":"page","link":"https:\/\/tolcu.com\/fr\/sunnet-kiyafeti-beschneidungs-kostume\/","title":{"rendered":"Costumes de circoncision Mannheim"},"content":{"rendered":"<div class=\"wp-block-group alignfull is-style-ext-preset--group--natural-1--section has-background-background-color has-background has-global-padding is-layout-constrained wp-container-core-group-is-layout-f72f1611 wp-block-group-is-layout-constrained\" id=\"gallery\" style=\"margin-top:0;margin-bottom:0;padding-top:var(--wp--preset--spacing--70);padding-bottom:var(--wp--preset--spacing--70)\">\n<div class=\"wp-block-group alignwide ext-is-logical-start has-global-padding is-content-justification-left is-layout-constrained wp-container-core-group-is-layout-6729bdbe wp-block-group-is-layout-constrained\">\n<h1 class=\"wp-block-heading ext-animate--on has-medium-font-size\"><strong>S\u00fcnnet-Takimi Costumes de circoncision Mannheim <\/strong><\/h1>\n\n\n\n<h2 class=\"wp-block-heading ext-animate--on has-medium-font-size\">S\u00fcnnet Davetiye S\u00fcnnet Sekerleri Mannheim<\/h2>\n<\/div>\n\n\n\n<div class=\"auto-style7\" style=\"text-align: center;\"><strong><span class=\"auto-style10\">D'autres mod\u00e8les dans le magasin !<\/span><br \/><\/strong><\/div>\n<div class=\"auto-style6\">\n<div class=\"auto-style6\" style=\"text-align: center;\"><span class=\"auto-style5\"><strong>Pour un achat complet, par exemple un costume de circoncision pour le p\u00e8re, un costume pour la m\u00e8re, une robe, des cartes d'invitation \u00e0 la circoncision, des bonbonni\u00e8res S\u00fcnnet, nous faisons une offre group\u00e9e !<\/strong><\/span><strong><br class=\"auto-style5\" \/><\/strong><\/div>\n<div class=\"auto-style8\" style=\"text-align: center;\"><strong>Nous ne vendons pas les accessoires s\u00e9par\u00e9ment ! Nous n'envoyons aucun produit par la poste !<\/strong><\/div>\n<\/div>\n\n\n\n<div class=\"wp-block-columns alignwide is-layout-flex wp-container-core-columns-is-layout-87beb0d0 wp-block-columns-is-layout-flex\">\n<div class=\"wp-block-column is-vertically-aligned-top ext-animate--on is-layout-flow wp-container-core-column-is-layout-f5bb311e wp-block-column-is-layout-flow\">\n<figure class=\"wp-block-image size-full ext-animate--on\"><img loading=\"lazy\" decoding=\"async\" width=\"960\" height=\"960\" src=\"https:\/\/tolcu.com\/wp-content\/uploads\/2026\/03\/sunnet-kiyafetleri-mannheim.jpg\" alt=\"\" class=\"wp-image-1054\" srcset=\"https:\/\/tolcu.com\/wp-content\/uploads\/2026\/03\/sunnet-kiyafetleri-mannheim.jpg 960w, https:\/\/tolcu.com\/wp-content\/uploads\/2026\/03\/sunnet-kiyafetleri-mannheim-300x300.jpg 300w, https:\/\/tolcu.com\/wp-content\/uploads\/2026\/03\/sunnet-kiyafetleri-mannheim-150x150.jpg 150w, https:\/\/tolcu.com\/wp-content\/uploads\/2026\/03\/sunnet-kiyafetleri-mannheim-768x768.jpg 768w\" sizes=\"auto, (max-width: 960px) 100vw, 960px\" \/><\/figure>\n<\/div>\n<\/div>\n\n\n\n<div style=\"display: flex; justify-content: center;\">Publicit\u00e9 d'affiliation\n<a href=\"https:\/\/a.check24.net\/misc\/click.php?pid=63309&#038;aid=258&#038;deep=pauschalreisen-vergleich&#038;cat=9\" target=\"_blank\"><img loading=\"lazy\" decoding=\"async\" src=\"https:\/\/a.check24.net\/misc\/view.php?pid=63309&#038;aid=258&#038;cat=9\" width=\"300\" height=\"250\" style=\"max-width: 100%; height: auto;\" ><\/a>\n<\/div>\n<\/div>","protected":false},"excerpt":{"rendered":"<p>S\u00fcnnet-Takimi Costumes de Circoncision Mannheim Invitation de Circoncision Bonbons de Circoncision Mannheim Plus de mod\u00e8les en magasin ! Pour tout achat complet (ex. costume de circoncision pour le p\u00e8re, un costume pour la m\u00e8re, une robe, des cartes d'invitation de circoncision, des bonbonni\u00e8res de circoncision), nous vous proposerons un prix sp\u00e9cial ! Nous ne vendons pas d'accessoires s\u00e9par\u00e9ment ! Nous n'exp\u00e9dions aucun produit par la poste ! Publicit\u00e9 d'affiliation<\/p>","protected":false},"author":1,"featured_media":0,"parent":0,"menu_order":0,"comment_status":"closed","ping_status":"closed","template":"page-with-title","meta":{"pgc_sgb_lightbox_settings":"","footnotes":""},"class_list":["post-23","page","type-page","status-publish","hentry"],"_links":{"self":[{"href":"https:\/\/tolcu.com\/fr\/wp-json\/wp\/v2\/pages\/23","targetHints":{"allow":["GET"]}}],"collection":[{"href":"https:\/\/tolcu.com\/fr\/wp-json\/wp\/v2\/pages"}],"about":[{"href":"https:\/\/tolcu.com\/fr\/wp-json\/wp\/v2\/types\/page"}],"author":[{"embeddable":true,"href":"https:\/\/tolcu.com\/fr\/wp-json\/wp\/v2\/users\/1"}],"replies":[{"embeddable":true,"href":"https:\/\/tolcu.com\/fr\/wp-json\/wp\/v2\/comments?post=23"}],"version-history":[{"count":4,"href":"https:\/\/tolcu.com\/fr\/wp-json\/wp\/v2\/pages\/23\/revisions"}],"predecessor-version":[{"id":2292,"href":"https:\/\/tolcu.com\/fr\/wp-json\/wp\/v2\/pages\/23\/revisions\/2292"}],"wp:attachment":[{"href":"https:\/\/tolcu.com\/fr\/wp-json\/wp\/v2\/media?parent=23"}],"curies":[{"name":"wp","href":"https:\/\/api.w.org\/{rel}","templated":true}]}}