{"id":24,"date":"2026-03-15T13:14:16","date_gmt":"2026-03-15T13:14:16","guid":{"rendered":"https:\/\/tolcu.com\/portfolio\/"},"modified":"2026-05-11T12:48:27","modified_gmt":"2026-05-11T12:48:27","slug":"damatlik-marieur","status":"publish","type":"page","link":"https:\/\/tolcu.com\/fr\/damatlik-brautigam\/","title":{"rendered":"Costumes pour hommes Costumes de mari\u00e9 Damatlik Mannheim"},"content":{"rendered":"<div class=\"wp-block-group alignfull is-style-ext-preset--group--natural-1--section has-background-background-color has-background has-global-padding is-layout-constrained wp-container-core-group-is-layout-7276a2bb wp-block-group-is-layout-constrained\" style=\"margin-top:0;margin-bottom:0;padding-top:var(--wp--preset--spacing--60);padding-right:var(--wp--preset--spacing--30);padding-bottom:var(--wp--preset--spacing--60);padding-left:var(--wp--preset--spacing--30)\">\n<div class=\"wp-block-columns alignwide are-vertically-aligned-center is-layout-flex wp-container-core-columns-is-layout-47c06fe3 wp-block-columns-is-layout-flex\">\n<div class=\"wp-block-column is-vertically-aligned-center is-layout-flow wp-container-core-column-is-layout-f5bb311e wp-block-column-is-layout-flow\" style=\"flex-basis:50%\">\n<figure class=\"wp-block-image size-full ext-animate--on\"><img loading=\"lazy\" decoding=\"async\" width=\"1024\" height=\"1024\" src=\"https:\/\/tolcu.com\/wp-content\/uploads\/2026\/03\/image-8.jpg\" alt=\"\" class=\"wp-image-938\" srcset=\"https:\/\/tolcu.com\/wp-content\/uploads\/2026\/03\/image-8.jpg 1024w, https:\/\/tolcu.com\/wp-content\/uploads\/2026\/03\/image-8-300x300.jpg 300w, https:\/\/tolcu.com\/wp-content\/uploads\/2026\/03\/image-8-150x150.jpg 150w, https:\/\/tolcu.com\/wp-content\/uploads\/2026\/03\/image-8-768x768.jpg 768w\" sizes=\"auto, (max-width: 1024px) 100vw, 1024px\" \/><\/figure>\n<\/div>\n\n\n\n<div class=\"wp-block-column is-vertically-aligned-center is-layout-flow wp-block-column-is-layout-flow\" style=\"flex-basis:60%\">\n<h1 class=\"wp-block-heading ext-animate--on has-large-font-size\">Br\u00e4utigam Costumes &amp; Hommes Damatlik 2026 pr\u00e8s de Mannheim<\/h1>\n\n\n\n<h2 class=\"wp-block-heading ext-animate--on has-large-font-size\">Costumes de c\u00e9r\u00e9monie pour hommes pour mariage, fian\u00e7ailles &amp; bal de fin d'\u00e9tudes<\/h2>\n\n\n\n<p class=\"ext-animate--on\">Tolcu.com est votre magasin sp\u00e9cialis\u00e9 exclusif pour les costumes de mari\u00e9, les costumes d'homme et les v\u00eatements de c\u00e9r\u00e9monie de haute qualit\u00e9 pr\u00e8s de Mannheim. Nous offrons des conseils personnalis\u00e9s, une coupe parfaite et une \u00e9l\u00e9gance intemporelle.<\/p>\n\n\n\n<p class=\"ext-animate--on\">Que vous soyez mari\u00e9, invit\u00e9 \u00e0 un mariage, fianc\u00e9 ou participant \u00e0 un bal de fin d'ann\u00e9e, vous trouverez chez Tolcu le costume qui convient \u00e0 chaque occasion sp\u00e9ciale en 2026. Notre gamme comprend des costumes de mari\u00e9, des damatliks, des erkek tak\u0131m\u0131, des costumes pour hommes et des v\u00eatements de c\u00e9r\u00e9monie soigneusement s\u00e9lectionn\u00e9s, qui s\u00e9duisent par leurs tissus de qualit\u00e9, leurs coupes modernes et leurs finitions de premier ordre. Chaque costume est adapt\u00e9 individuellement afin que le style, le confort et la qualit\u00e9 soient en parfaite harmonie.<\/p>\n\n\n\n<p class=\"ext-animate--on\">Pourquoi Tolcu.com \u00e0 Mannheim ?<\/p>\n\n\n\n<p class=\"ext-animate--on\">Conseil personnalis\u00e9 sur place<\/p>\n\n\n\n<p class=\"ext-animate--on\">Costumes de mari\u00e9 exclusifs &amp; costumes de c\u00e9r\u00e9monie pour hommes<\/p>\n\n\n\n<p class=\"ext-animate--on\">Designs modernes &amp; classiques pour mariage, fian\u00e7ailles, bal de fin d'\u00e9tudes ou \u00e9v\u00e9nements sp\u00e9ciaux 2026<\/p>\n\n\n\n<p class=\"ext-animate--on\" style=\"margin-top:16px\">Visitez Tolcu pr\u00e8s de Mannheim et d\u00e9couvrez la mode masculine au plus haut niveau - pour un mariage, des fian\u00e7ailles, un bal de fin d'\u00e9tudes ou des occasions particuli\u00e8res. Tolcu.com - votre sp\u00e9cialiste des costumes de mari\u00e9, des costumes pour hommes et de la mode \u00e9v\u00e9nementielle festive 2026.<\/p>\n<\/div>\n<\/div>\n<\/div>\n\n\n\n<div class=\"wp-block-buttons ext-animate--on is-layout-flex wp-block-buttons-is-layout-flex\">\n<div class=\"wp-block-button\"><a class=\"wp-block-button__link has-text-align-center wp-element-button\" href=\"https:\/\/tolcu.com\/kontakt\/\">Fixer un rendez-vous maintenant<\/a><\/div>\n<\/div>\n\n\n\n<div class=\"wp-block-group alignfull is-style-ext-preset--group--natural-1--section has-background-background-color has-background has-global-padding is-layout-constrained wp-container-core-group-is-layout-e955bbaf wp-block-group-is-layout-constrained\" style=\"margin-top:0;margin-bottom:0;padding-top:var(--wp--preset--spacing--70);padding-bottom:var(--wp--preset--spacing--70)\">\n<div style=\"display: flex; justify-content: center;\">Publicit\u00e9 d'affiliation\n<a href=\"https:\/\/a.check24.net\/misc\/click.php?pid=63309&#038;aid=258&#038;deep=pauschalreisen-vergleich&#038;cat=9\" target=\"_blank\"><img loading=\"lazy\" decoding=\"async\" src=\"https:\/\/a.check24.net\/misc\/view.php?pid=63309&#038;aid=258&#038;cat=9\" width=\"300\" height=\"250\" style=\"max-width: 100%; height: auto;\" ><\/a>\n<\/div>\n\n\n\n<div class=\"wp-block-columns alignwide is-layout-flex wp-container-core-columns-is-layout-28f84493 wp-block-columns-is-layout-flex\">\n<div class=\"wp-block-column is-vertically-aligned-stretch ext-animate--on is-layout-flow wp-block-column-is-layout-flow\">\n<div class=\"wp-block-group is-style-default has-tertiary-background-color has-background is-vertical is-content-justification-stretch is-layout-flex wp-container-core-group-is-layout-4cb539e6 wp-block-group-is-layout-flex\" style=\"min-height:100%;padding-top:0;padding-right:0;padding-bottom:0;padding-left:0\">\n<figure class=\"wp-block-image size-full\"><img loading=\"lazy\" decoding=\"async\" width=\"951\" height=\"1186\" src=\"https:\/\/tolcu.com\/wp-content\/uploads\/2026\/03\/herrenanzug-braun-2026-mannheim-turkische.jpg\" alt=\"\" class=\"wp-image-2198\" style=\"aspect-ratio:1;object-fit:cover\"\/><\/figure>\n\n\n\n<div class=\"wp-block-group is-style-default wp-container-content-9cfa9a5a is-vertical is-content-justification-stretch is-layout-flex wp-container-core-group-is-layout-d1099038 wp-block-group-is-layout-flex\" style=\"margin-top:0;padding-top:1.5rem;padding-right:1.5rem;padding-bottom:1.5rem;padding-left:1.5rem\">\n<figure class=\"wp-block-image size-large ext-animate--on\"><img loading=\"lazy\" decoding=\"async\" width=\"576\" height=\"1024\" src=\"https:\/\/tolcu.com\/wp-content\/uploads\/2026\/03\/xx-uebergrosse-Herrenanzuge-576x1024.webp\" alt=\"\" class=\"wp-image-920\" srcset=\"https:\/\/tolcu.com\/wp-content\/uploads\/2026\/03\/xx-uebergrosse-Herrenanzuge-576x1024.webp 576w, https:\/\/tolcu.com\/wp-content\/uploads\/2026\/03\/xx-uebergrosse-Herrenanzuge-169x300.webp 169w, https:\/\/tolcu.com\/wp-content\/uploads\/2026\/03\/xx-uebergrosse-Herrenanzuge-768x1365.webp 768w, https:\/\/tolcu.com\/wp-content\/uploads\/2026\/03\/xx-uebergrosse-Herrenanzuge-864x1536.webp 864w, https:\/\/tolcu.com\/wp-content\/uploads\/2026\/03\/xx-uebergrosse-Herrenanzuge.webp 1080w\" sizes=\"auto, (max-width: 576px) 100vw, 576px\" \/><\/figure>\n<\/div>\n<\/div>\n<\/div>\n\n\n\n<div class=\"wp-block-column is-vertically-aligned-stretch ext-animate--on is-layout-flow wp-block-column-is-layout-flow\">\n<div class=\"wp-block-group is-style-ext-preset--group--natural-1--item-card-1--align-start has-tertiary-background-color has-background is-vertical is-content-justification-stretch is-layout-flex wp-container-core-group-is-layout-4cb539e6 wp-block-group-is-layout-flex is-style-ext-preset--group--natural-1--item-card-1--align-start--3\" style=\"min-height:100%;padding-top:0;padding-right:0;padding-bottom:0;padding-left:0\">\n<figure class=\"wp-block-image size-large\"><img loading=\"lazy\" decoding=\"async\" width=\"1024\" height=\"768\" src=\"https:\/\/tolcu.com\/wp-content\/uploads\/2026\/03\/2018-damatlik-mannheim-1-1024x768.jpg\" alt=\"\" class=\"wp-image-922\" style=\"aspect-ratio:1;object-fit:cover\" srcset=\"https:\/\/tolcu.com\/wp-content\/uploads\/2026\/03\/2018-damatlik-mannheim-1-1024x768.jpg 1024w, https:\/\/tolcu.com\/wp-content\/uploads\/2026\/03\/2018-damatlik-mannheim-1-300x225.jpg 300w, https:\/\/tolcu.com\/wp-content\/uploads\/2026\/03\/2018-damatlik-mannheim-1-768x576.jpg 768w, https:\/\/tolcu.com\/wp-content\/uploads\/2026\/03\/2018-damatlik-mannheim-1-1536x1152.jpg 1536w, https:\/\/tolcu.com\/wp-content\/uploads\/2026\/03\/2018-damatlik-mannheim-1.jpg 2048w\" sizes=\"auto, (max-width: 1024px) 100vw, 1024px\" \/><\/figure>\n\n\n\n<div class=\"wp-block-group is-style-default wp-container-content-9cfa9a5a is-vertical is-content-justification-stretch is-layout-flex wp-container-core-group-is-layout-2f2da33a wp-block-group-is-layout-flex\" style=\"margin-top:0;padding-top:1.5rem;padding-right:1.5rem;padding-bottom:1.5rem;padding-left:1.5rem\">\n<figure class=\"wp-block-image ext-animate--on\"><img loading=\"lazy\" decoding=\"async\" width=\"1024\" height=\"1024\" src=\"https:\/\/tolcu.com\/wp-content\/uploads\/2026\/03\/image-10.jpg\" alt=\"\" class=\"wp-image-946\" srcset=\"https:\/\/tolcu.com\/wp-content\/uploads\/2026\/03\/image-10.jpg 1024w, https:\/\/tolcu.com\/wp-content\/uploads\/2026\/03\/image-10-300x300.jpg 300w, https:\/\/tolcu.com\/wp-content\/uploads\/2026\/03\/image-10-150x150.jpg 150w, https:\/\/tolcu.com\/wp-content\/uploads\/2026\/03\/image-10-768x768.jpg 768w\" sizes=\"auto, (max-width: 1024px) 100vw, 1024px\" \/><\/figure>\n<\/div>\n<\/div>\n<\/div>\n<\/div>\n\n\n\n<figure class=\"wp-block-image size-large is-resized ext-animate--on\"><img loading=\"lazy\" decoding=\"async\" width=\"571\" height=\"1024\" src=\"https:\/\/tolcu.com\/wp-content\/uploads\/2026\/05\/verkaufsoffener-sonntag-brautmode-mannheim-gelinlik-3-571x1024.png\" alt=\"\" class=\"wp-image-2355\" style=\"aspect-ratio:0.5576266939105963;width:374px;height:auto\" srcset=\"https:\/\/tolcu.com\/wp-content\/uploads\/2026\/05\/verkaufsoffener-sonntag-brautmode-mannheim-gelinlik-3-571x1024.png 571w, https:\/\/tolcu.com\/wp-content\/uploads\/2026\/05\/verkaufsoffener-sonntag-brautmode-mannheim-gelinlik-3-167x300.png 167w, https:\/\/tolcu.com\/wp-content\/uploads\/2026\/05\/verkaufsoffener-sonntag-brautmode-mannheim-gelinlik-3-7x12.png 7w, https:\/\/tolcu.com\/wp-content\/uploads\/2026\/05\/verkaufsoffener-sonntag-brautmode-mannheim-gelinlik-3.png 768w\" sizes=\"auto, (max-width: 571px) 100vw, 571px\" \/><\/figure>\n<\/div>","protected":false},"excerpt":{"rendered":"<p>Br\u00e4utigam Anz\u00fcge &amp; Herrenanz\u00fcge Damatlik 2026 in der N\u00e4he von Mannheim Festliche Herrenanz\u00fcge f\u00fcr Hochzeit, Verlobung &amp; Abiball Tolcu.com ist Ihr exklusives Fachgesch\u00e4ft f\u00fcr hochwertige Br\u00e4utigam Anz\u00fcge, Herrenanz\u00fcge und festliche Kleidung in der N\u00e4he von Mannheim. Wir bieten pers\u00f6nliche Beratung, perfekte Passform und zeitlose Eleganz. Ob Br\u00e4utigam, Hochzeitsgast, Verlobter oder Abiballbesucher \u2013 bei Tolcu finden [&hellip;]<\/p>\n","protected":false},"author":1,"featured_media":0,"parent":0,"menu_order":0,"comment_status":"closed","ping_status":"closed","template":"page-with-title","meta":{"pgc_sgb_lightbox_settings":"","footnotes":""},"class_list":["post-24","page","type-page","status-publish","hentry"],"_links":{"self":[{"href":"https:\/\/tolcu.com\/fr\/wp-json\/wp\/v2\/pages\/24","targetHints":{"allow":["GET"]}}],"collection":[{"href":"https:\/\/tolcu.com\/fr\/wp-json\/wp\/v2\/pages"}],"about":[{"href":"https:\/\/tolcu.com\/fr\/wp-json\/wp\/v2\/types\/page"}],"author":[{"embeddable":true,"href":"https:\/\/tolcu.com\/fr\/wp-json\/wp\/v2\/users\/1"}],"replies":[{"embeddable":true,"href":"https:\/\/tolcu.com\/fr\/wp-json\/wp\/v2\/comments?post=24"}],"version-history":[{"count":8,"href":"https:\/\/tolcu.com\/fr\/wp-json\/wp\/v2\/pages\/24\/revisions"}],"predecessor-version":[{"id":2357,"href":"https:\/\/tolcu.com\/fr\/wp-json\/wp\/v2\/pages\/24\/revisions\/2357"}],"wp:attachment":[{"href":"https:\/\/tolcu.com\/fr\/wp-json\/wp\/v2\/media?parent=24"}],"curies":[{"name":"wp","href":"https:\/\/api.w.org\/{rel}","templated":true}]}}