{"id":27,"date":"2026-03-15T13:14:17","date_gmt":"2026-03-15T13:14:17","guid":{"rendered":"https:\/\/tolcu.com\/start\/"},"modified":"2026-05-11T12:43:29","modified_gmt":"2026-05-11T12:43:29","slug":"mode-homme-mannheim-turc","status":"publish","type":"page","link":"https:\/\/tolcu.com\/fr\/","title":{"rendered":"Mode de mariage Mannheim turc"},"content":{"rendered":"<h1 class=\"wp-block-heading has-text-align-center ext-animate--on has-small-font-size\">Robes de mari\u00e9e turques Mannheim<\/h1>\n\n\n\n<h2 class=\"wp-block-heading has-text-align-center ext-animate--on has-small-font-size\">Mode de soir\u00e9e Mannheim Robes de bal de promo Caftan Abiye<\/h2>\n\n\n\n<div class=\"wp-block-group alignfull ext-hero-section is-style-ext-preset--group--natural-1--section has-background-background-color has-background has-global-padding is-layout-constrained wp-container-core-group-is-layout-ebc3d855 wp-block-group-is-layout-constrained\" style=\"margin-top:0;margin-bottom:0;padding-top:0;padding-bottom:var(--wp--preset--spacing--70)\">\n<div class=\"wp-block-group alignfull ext-animate--on has-global-padding is-layout-constrained wp-block-group-is-layout-constrained\">\n<div class=\"wp-block-cover alignfull is-light ext-animate--on\" style=\"min-height:499px;aspect-ratio:unset;\"><img loading=\"lazy\" decoding=\"async\" width=\"1024\" height=\"1536\" class=\"wp-block-cover__image-background wp-image-1512 size-full\" alt=\"\" src=\"https:\/\/tolcu.com\/wp-content\/uploads\/2026\/03\/IMG-20260316-WA0049-3.jpg\" style=\"object-position:52% 26%\" data-object-fit=\"cover\" data-object-position=\"52% 26%\" srcset=\"https:\/\/tolcu.com\/wp-content\/uploads\/2026\/03\/IMG-20260316-WA0049-3.jpg 1024w, https:\/\/tolcu.com\/wp-content\/uploads\/2026\/03\/IMG-20260316-WA0049-3-200x300.jpg 200w, https:\/\/tolcu.com\/wp-content\/uploads\/2026\/03\/IMG-20260316-WA0049-3-683x1024.jpg 683w, https:\/\/tolcu.com\/wp-content\/uploads\/2026\/03\/IMG-20260316-WA0049-3-768x1152.jpg 768w\" sizes=\"auto, (max-width: 1024px) 100vw, 1024px\" \/><span aria-hidden=\"true\" class=\"wp-block-cover__background has-background-dim-0 has-background-dim\" style=\"background-color:#ac9d8c\"><\/span><div class=\"wp-block-cover__inner-container is-layout-flow wp-block-cover-is-layout-flow\">\n<p class=\"has-text-align-center has-large-font-size\"><\/p>\n<\/div><\/div>\n<\/div>\n\n\n\n<div class=\"wp-block-columns alignwide is-layout-flex wp-container-core-columns-is-layout-28f84493 wp-block-columns-is-layout-flex\">\n<div class=\"wp-block-column ext-animate--on is-layout-flow wp-block-column-is-layout-flow\">\n<h1 class=\"wp-block-heading alignwide ext-animate--off\">Mode de mariage exclusive &amp; costumes pour des moments particuliers<\/h1>\n<\/div>\n\n\n\n<div class=\"wp-block-column ext-animate--on is-layout-flow wp-block-column-is-layout-flow\">\n<p class=\"ext-animate--off\">D\u00e9couvrez chez Tolcu Brautmode des robes exclusives, des tenues de soir\u00e9e \u00e9l\u00e9gantes et des costumes de mari\u00e9 parfaitement ajust\u00e9s - pour tous les styles et toutes les tailles, m\u00eame XXL.<\/p>\n\n\n\n<div class=\"wp-block-buttons is-layout-flex wp-block-buttons-is-layout-flex\">\n<div class=\"wp-block-button is-style-ext-preset--button--natural-1--button-1 is-style-ext-preset--button--natural-1--button-1--2\"><a class=\"wp-block-button__link wp-element-button\" href=\"https:\/\/tolcu.com\/kontakt\">Prenez rendez-vous maintenant<\/a><\/div>\n<\/div>\n<\/div>\n<\/div>\n<\/div>\n\n\n\n<div class=\"wp-block-group alignfull is-style-ext-preset--group--natural-1--section has-tertiary-background-color has-background has-global-padding is-layout-constrained wp-container-core-group-is-layout-6714b1d7 wp-block-group-is-layout-constrained\" id=\"about\" style=\"margin-top:0;margin-bottom:0;padding-top:var(--wp--preset--spacing--70);padding-bottom:var(--wp--preset--spacing--70)\">\n<h2 class=\"wp-block-heading has-text-align-center ext-animate--on\">Mode exclusive de mariage et de soir\u00e9e \u00e0 Mannheim<\/h2>\n\n\n\n<p class=\"has-text-align-center ext-animate--on\" style=\"margin-top:1.5rem\">Tolcu propose des robes de mari\u00e9e et de soir\u00e9e de grande qualit\u00e9, en mettant l'accent sur le conseil individuel et sur une grande vari\u00e9t\u00e9 de tailles, afin de donner du style \u00e0 chaque occasion sp\u00e9ciale.<\/p>\n<\/div>\n\n\n\n<div class=\"wp-block-group alignfull is-style-ext-preset--group--natural-1--section has-background-background-color has-background has-global-padding is-layout-constrained wp-container-core-group-is-layout-e955bbaf wp-block-group-is-layout-constrained\" style=\"margin-top:0;margin-bottom:0;padding-top:var(--wp--preset--spacing--70);padding-bottom:var(--wp--preset--spacing--70)\">\n<div class=\"wp-block-group alignwide ext-is-logical-start has-global-padding is-content-justification-left is-layout-constrained wp-container-core-group-is-layout-20186816 wp-block-group-is-layout-constrained\">\n<h2 class=\"wp-block-heading has-text-align-left ext-animate--on\">Des robes de mari\u00e9e et de soir\u00e9e \u00e9l\u00e9gantes pour toutes les occasions<\/h2>\n\n\n\n<p class=\"has-text-align-left ext-animate--on\" style=\"margin-top:1.5rem\">Bienvenue chez Tolcu Brautmode \u00e0 Mannheim, votre expert en robes de mari\u00e9e, <a href=\"https:\/\/tolcu.com\/abendkleider\/\" data-type=\"page\" data-id=\"26\">Mode de soir\u00e9e<\/a> et des costumes, m\u00eame en grandes tailles.<\/p>\n\n\n\n<p class=\"has-text-align-left ext-animate--on\" style=\"margin-top:1.5rem\">Tolcu Brautmode &amp; Festmode est votre premi\u00e8re adresse pour des robes de mari\u00e9e exclusives, des robes de soir\u00e9e et des v\u00eatements de f\u00eate - y compris sur mesure et grandes tailles. Vous trouverez chez nous un grand choix de robes de mari\u00e9e, de robes de bal, de robes de soir\u00e9e, de robes de bal de fin d'\u00e9tudes, de costumes d'hommes et d'accessoires. <a href=\"https:\/\/tolcu.com\/damatlik-brautigam\/\" data-type=\"page\" data-id=\"24\">Costumes de mari\u00e9<\/a>, Le tout \u00e0 essayer et \u00e0 acheter sur place.<\/p>\n\n\n\n<p class=\"ext-animate--on\">Nous pr\u00e9sentons r\u00e9guli\u00e8rement de nouvelles collections avec des designs modernes, des tendances actuelles et des prix attractifs et avantageux. Ainsi, chez Tolcu, vous obtenez toujours de nouvelles tenues de mari\u00e9e et de c\u00e9r\u00e9monie \u00e0 des conditions \u00e9quitables, sans pour autant renoncer \u00e0 la qualit\u00e9.<\/p>\n\n\n\n<p class=\"ext-animate--on\">Un accent particulier est mis sur la musique traditionnelle <a href=\"https:\/\/tolcu.com\/abendkleider-abiye-mannheim-abendmoden\/\" data-type=\"page\" data-id=\"26\">de la mode festive turque.<\/a> Nous proposons d'\u00e9l\u00e9gants bindall\u0131 turcs, des caftans et des robes de soir\u00e9e au henn\u00e9, id\u00e9ales pour les soir\u00e9es au henn\u00e9, les fian\u00e7ailles et les mariages. Nos mod\u00e8les sont neufs, issus des collections actuelles, de haute qualit\u00e9 et disponibles sur mesure ou en grandes tailles.<\/p>\n\n\n\n<p class=\"ext-animate--on\">Nous sommes sp\u00e9cialis\u00e9s dans <a href=\"https:\/\/tolcu.com\/brautkleider-brautmoden-gelinlik-mannheim-turkische\/\" data-type=\"page\" data-id=\"25\">robes de mari\u00e9e sur mesure<\/a>, Des robes de bal, des caftans et des robes de soir\u00e9e au henn\u00e9 - pour toutes les silhouettes et tous les styles. Que vous soyez de taille standard ou plus grande, chez Tolcu, vous b\u00e9n\u00e9ficiez de conseils personnalis\u00e9s, de nouvelles collections et de prix avantageux.<\/p>\n\n\n\n<p class=\"ext-animate--on\">Notre gamme est compl\u00e9t\u00e9e par des costumes de circoncision, des cartes d'invitation \u00e9l\u00e9gantes, des bonbonni\u00e8res de qualit\u00e9 et des cadeaux d'invit\u00e9s con\u00e7us avec soin - le tout provenant d'un seul et m\u00eame fournisseur.<\/p>\n\n\n\n<p class=\"has-text-align-left ext-animate--on\" style=\"margin-top:1.5rem\">Visitez Tolcu Mode de mariage &amp; Mode de f\u00eate et d\u00e9couvrez toujours de nouvelles collections \u00e0 des prix avantageux - sur place, individuelles &amp; de qualit\u00e9.<\/p>\n<\/div>\n\n\n\n<div class=\"wp-block-columns alignwide is-layout-flex wp-container-core-columns-is-layout-28f84493 wp-block-columns-is-layout-flex\">\n<div class=\"wp-block-column is-vertically-aligned-stretch ext-animate--on is-layout-flow wp-block-column-is-layout-flow\">\n<div class=\"wp-block-group is-style-ext-preset--group--natural-1--item-card-1--align-start has-tertiary-background-color has-background is-vertical is-content-justification-stretch is-layout-flex wp-container-core-group-is-layout-4cb539e6 wp-block-group-is-layout-flex is-style-ext-preset--group--natural-1--item-card-1--align-start--5\" style=\"min-height:100%;padding-top:0;padding-right:0;padding-bottom:0;padding-left:0\">\n<figure class=\"wp-block-image\"><a href=\"https:\/\/tolcu.com\/brautkleider-brautmoden-gelinlik-mannheim-turkische\/\"><img loading=\"lazy\" decoding=\"async\" width=\"1024\" height=\"1024\" src=\"https:\/\/tolcu.com\/wp-content\/uploads\/2026\/03\/image-4.jpg\" alt=\"Robes de mari\u00e9e Mannheim \u00e0 partir de 880 euros\" class=\"wp-image-133\" style=\"aspect-ratio:1;object-fit:cover\" srcset=\"https:\/\/tolcu.com\/wp-content\/uploads\/2026\/03\/image-4.jpg 1024w, https:\/\/tolcu.com\/wp-content\/uploads\/2026\/03\/image-4-300x300.jpg 300w, https:\/\/tolcu.com\/wp-content\/uploads\/2026\/03\/image-4-150x150.jpg 150w, https:\/\/tolcu.com\/wp-content\/uploads\/2026\/03\/image-4-768x768.jpg 768w\" sizes=\"auto, (max-width: 1024px) 100vw, 1024px\" \/><\/a><\/figure>\n\n\n\n<div class=\"wp-block-group is-style-default wp-container-content-9cfa9a5a is-vertical is-content-justification-stretch is-layout-flex wp-container-core-group-is-layout-d1099038 wp-block-group-is-layout-flex\" style=\"margin-top:0;padding-top:1.5rem;padding-right:1.5rem;padding-bottom:1.5rem;padding-left:1.5rem\">\n<div class=\"wp-block-columns is-not-stacked-on-mobile is-layout-flex wp-container-core-columns-is-layout-ea69a204 wp-block-columns-is-layout-flex\">\n<div class=\"wp-block-column is-layout-flow wp-block-column-is-layout-flow\" style=\"flex-basis:66.66%\">\n<h3 class=\"wp-block-heading has-medium-font-size\">Robes de mari\u00e9e \u00e0 partir de<\/h3>\n\n\n\n<p style=\"margin-top:4px;margin-bottom:0;font-size:14px\">Mode de mariage Mannheim<\/p>\n\n\n\n<p class=\"ext-animate--on\">Prix TTC.<\/p>\n<\/div>\n\n\n\n<div class=\"wp-block-column is-layout-flow wp-block-column-is-layout-flow\" style=\"flex-basis:33.33%\">\n<h3 class=\"wp-block-heading has-text-align-right\" style=\"font-size:clamp(14px, 0.875rem + ((1vw - 3.2px) * 0.625), 20px);\">880,00 \u20ac*<\/h3>\n<\/div>\n<\/div>\n<\/div>\n<\/div>\n<\/div>\n\n\n\n<div class=\"wp-block-column is-vertically-aligned-stretch ext-animate--on is-layout-flow wp-block-column-is-layout-flow\">\n<div class=\"wp-block-group is-style-ext-preset--group--natural-1--item-card-1--align-start has-tertiary-background-color has-background is-vertical is-content-justification-stretch is-layout-flex wp-container-core-group-is-layout-4cb539e6 wp-block-group-is-layout-flex is-style-ext-preset--group--natural-1--item-card-1--align-start--6\" style=\"min-height:100%;padding-top:0;padding-right:0;padding-bottom:0;padding-left:0\">\n<figure class=\"wp-block-image size-full has-custom-border is-style-default\" style=\"margin-top:0;margin-right:0;margin-bottom:0;margin-left:0\"><a href=\"https:\/\/tolcu.com\/abendkleider-abiye-mannheim-abendmoden\/\"><img loading=\"lazy\" decoding=\"async\" width=\"1080\" height=\"1920\" src=\"https:\/\/tolcu.com\/wp-content\/uploads\/2026\/03\/1000518798.jpg\" alt=\"\" class=\"wp-image-138\" style=\"border-style:none;border-width:0px;border-top-left-radius:0px;border-top-right-radius:0px;border-bottom-left-radius:0px;border-bottom-right-radius:0px;aspect-ratio:1;object-fit:cover\"\/><\/a><\/figure>\n\n\n\n<div class=\"wp-block-group is-style-default wp-container-content-9cfa9a5a is-vertical is-content-justification-stretch is-layout-flex wp-container-core-group-is-layout-d1099038 wp-block-group-is-layout-flex\" style=\"margin-top:0;padding-top:1.5rem;padding-right:1.5rem;padding-bottom:1.5rem;padding-left:1.5rem\">\n<div class=\"wp-block-columns is-not-stacked-on-mobile is-layout-flex wp-container-core-columns-is-layout-ea69a204 wp-block-columns-is-layout-flex\">\n<div class=\"wp-block-column is-layout-flow wp-block-column-is-layout-flow\" style=\"flex-basis:66.66%\">\n<h3 class=\"wp-block-heading has-medium-font-size\">Robes de soir\u00e9e \u00e0 partir de<\/h3>\n\n\n\n<p style=\"margin-top:4px;margin-bottom:0;font-size:14px\">Mode de soir\u00e9e Mannnheim<\/p>\n\n\n\n<p class=\"ext-animate--on\">Prix TTC.<\/p>\n<\/div>\n\n\n\n<div class=\"wp-block-column is-layout-flow wp-block-column-is-layout-flow\" style=\"flex-basis:33.33%\">\n<h3 class=\"wp-block-heading has-text-align-right\" style=\"font-size:clamp(14px, 0.875rem + ((1vw - 3.2px) * 0.625), 20px);\">99,00 \u20ac*<\/h3>\n<\/div>\n<\/div>\n<\/div>\n\n\n\n<figure class=\"wp-block-image size-large ext-animate--on\"><img loading=\"lazy\" decoding=\"async\" width=\"571\" height=\"1024\" src=\"https:\/\/tolcu.com\/wp-content\/uploads\/2026\/05\/verkaufsoffener-sonntag-brautmode-mannheim-gelinlik-571x1024.png\" alt=\"\" class=\"wp-image-2343\" srcset=\"https:\/\/tolcu.com\/wp-content\/uploads\/2026\/05\/verkaufsoffener-sonntag-brautmode-mannheim-gelinlik-571x1024.png 571w, https:\/\/tolcu.com\/wp-content\/uploads\/2026\/05\/verkaufsoffener-sonntag-brautmode-mannheim-gelinlik-167x300.png 167w, https:\/\/tolcu.com\/wp-content\/uploads\/2026\/05\/verkaufsoffener-sonntag-brautmode-mannheim-gelinlik-7x12.png 7w, https:\/\/tolcu.com\/wp-content\/uploads\/2026\/05\/verkaufsoffener-sonntag-brautmode-mannheim-gelinlik.png 768w\" sizes=\"auto, (max-width: 571px) 100vw, 571px\" \/><\/figure>\n<\/div>\n<\/div>\n\n\n\n<div class=\"wp-block-column is-vertically-aligned-stretch ext-animate--on is-layout-flow wp-block-column-is-layout-flow\">\n<div class=\"wp-block-group is-style-ext-preset--group--natural-1--item-card-1--align-start has-tertiary-background-color has-background is-vertical is-content-justification-stretch is-layout-flex wp-container-core-group-is-layout-4cb539e6 wp-block-group-is-layout-flex is-style-ext-preset--group--natural-1--item-card-1--align-start--7\" style=\"min-height:100%;padding-top:0;padding-right:0;padding-bottom:0;padding-left:0\">\n<figure class=\"wp-block-image size-large\"><a href=\"https:\/\/tolcu.com\/damatlik-brautigam\/\"><img loading=\"lazy\" decoding=\"async\" width=\"1024\" height=\"768\" src=\"https:\/\/tolcu.com\/wp-content\/uploads\/2026\/03\/2018-damatlik-mannheim-1024x768.jpg\" alt=\"\" class=\"wp-image-157\" style=\"aspect-ratio:1;object-fit:cover\" srcset=\"https:\/\/tolcu.com\/wp-content\/uploads\/2026\/03\/2018-damatlik-mannheim-1024x768.jpg 1024w, https:\/\/tolcu.com\/wp-content\/uploads\/2026\/03\/2018-damatlik-mannheim-300x225.jpg 300w, https:\/\/tolcu.com\/wp-content\/uploads\/2026\/03\/2018-damatlik-mannheim-768x576.jpg 768w, https:\/\/tolcu.com\/wp-content\/uploads\/2026\/03\/2018-damatlik-mannheim-1536x1152.jpg 1536w, https:\/\/tolcu.com\/wp-content\/uploads\/2026\/03\/2018-damatlik-mannheim.jpg 2048w\" sizes=\"auto, (max-width: 1024px) 100vw, 1024px\" \/><\/a><\/figure>\n\n\n\n<div class=\"wp-block-group is-style-default wp-container-content-9cfa9a5a is-vertical is-content-justification-stretch is-layout-flex wp-container-core-group-is-layout-2f2da33a wp-block-group-is-layout-flex\" style=\"margin-top:0;padding-top:1.5rem;padding-right:1.5rem;padding-bottom:1.5rem;padding-left:1.5rem\">\n<div class=\"wp-block-columns is-not-stacked-on-mobile is-layout-flex wp-container-core-columns-is-layout-ea69a204 wp-block-columns-is-layout-flex\">\n<div class=\"wp-block-column is-layout-flow wp-block-column-is-layout-flow\" style=\"flex-basis:66.66%\">\n<h3 class=\"wp-block-heading has-medium-font-size\">Costume du mari\u00e9 \u00e0 partir de<\/h3>\n\n\n\n<p style=\"margin-top:4px;margin-bottom:0;font-size:14px\">Costumes pour hommes Mannheim<\/p>\n\n\n\n<p class=\"ext-animate--on\">Prix TTC.<\/p>\n<\/div>\n\n\n\n<div class=\"wp-block-column is-layout-flow wp-block-column-is-layout-flow\" style=\"flex-basis:33.33%\">\n<h3 class=\"wp-block-heading has-text-align-right\" style=\"font-size:clamp(14px, 0.875rem + ((1vw - 3.2px) * 0.625), 20px);\">100,00 \u20ac*<\/h3>\n<\/div>\n<\/div>\n<\/div>\n<\/div>\n<\/div>\n<\/div>\n\n\n\n<div style=\"display: flex; justify-content: center;\">Publicit\u00e9 d'affiliation\n<a href=\"https:\/\/a.check24.net\/misc\/click.php?pid=63309&#038;aid=258&#038;deep=pauschalreisen-vergleich&#038;cat=9\" target=\"_blank\"><img loading=\"lazy\" decoding=\"async\" src=\"https:\/\/a.check24.net\/misc\/view.php?pid=63309&#038;aid=258&#038;cat=9\" width=\"300\" height=\"250\" style=\"max-width: 100%; height: auto;\" ><\/a>\n<\/div>\n<\/div>\n\n\n\n<div class=\"wp-block-group alignfull is-style-ext-preset--group--natural-1--section has-tertiary-background-color has-background has-global-padding is-layout-constrained wp-container-core-group-is-layout-e955bbaf wp-block-group-is-layout-constrained\" id=\"services\" style=\"margin-top:0;margin-bottom:0;padding-top:var(--wp--preset--spacing--70);padding-bottom:var(--wp--preset--spacing--70)\">\n<h2 class=\"wp-block-heading has-text-align-center ext-animate--on\">Une mode festive pour des moments inoubliables<\/h2>\n\n\n\n<p class=\"has-text-align-center ext-animate--on\" style=\"margin-top:1.5rem\">D\u00e9couvrez nos offres vari\u00e9es, qui s\u00e9duisent par leur qualit\u00e9 sup\u00e9rieure et leur excellent service.<\/p>\n\n\n\n<div class=\"wp-block-columns alignwide is-layout-flex wp-container-core-columns-is-layout-08c01c1c wp-block-columns-is-layout-flex\">\n<div class=\"wp-block-column is-vertically-aligned-stretch ext-animate--on is-layout-flow wp-container-core-column-is-layout-f5bb311e wp-block-column-is-layout-flow\">\n<div class=\"wp-block-group is-style-ext-preset--group--natural-1--item-card-1--align-center has-global-padding is-layout-constrained wp-block-group-is-layout-constrained is-style-ext-preset--group--natural-1--item-card-1--align-center--9\">\n<div class=\"wp-block-group is-style-default has-global-padding is-layout-constrained wp-block-group-is-layout-constrained\">\n<figure class=\"wp-block-image aligncenter size-large ext-aspect-landscape wp-duotone-primary-foreground\"><img decoding=\"async\" src=\"data:image\/svg+xml;base64,PHN2ZyB4bWxucz0iaHR0cDovL3d3dy53My5vcmcvMjAwMC9zdmciIHdpZHRoPSI0OCIgaGVpZ2h0PSI0OCIgZmlsbD0iIzAwMDAwMCIgdmlld0JveD0iMCAwIDI1NiAyNTYiPjxwYXRoIGQ9Ik0xNzIsNzZhNDQsNDQsMCwxLDAtNDQsNDRBNDQuMDUsNDQuMDUsMCwwLDAsMTcyLDc2Wm0tNDQsMjhhMjgsMjgsMCwxLDEsMjgtMjhBMjgsMjgsMCwwLDEsMTI4LDEwNFptNjAsMjRhNDQsNDQsMCwxLDAsNDQsNDRBNDQuMDUsNDQuMDUsMCwwLDAsMTg4LDEyOFptMCw3MmEyOCwyOCwwLDEsMSwyOC0yOEEyOCwyOCwwLDAsMSwxODgsMjAwWk02OCwxMjhhNDQsNDQsMCwxLDAsNDQsNDRBNDQuMDUsNDQuMDUsMCwwLDAsNjgsMTI4Wm0wLDcyYTI4LDI4LDAsMSwxLDI4LTI4QTI4LDI4LDAsMCwxLDY4LDIwMFoiPjwvcGF0aD48L3N2Zz4=\" alt=\"\" style=\"object-fit:cover\"\/><\/figure>\n\n\n\n<h3 class=\"wp-block-heading has-text-align-center\">Comment louer une robe de mari\u00e9e<\/h3>\n\n\n\n<p class=\"has-text-align-center\">Notre offre est faite sur mesure pour r\u00e9pondre parfaitement \u00e0 vos souhaits.<\/p>\n<\/div>\n<\/div>\n<\/div>\n\n\n\n<div class=\"wp-block-column is-vertically-aligned-stretch ext-animate--on is-layout-flow wp-container-core-column-is-layout-f5bb311e wp-block-column-is-layout-flow\">\n<div class=\"wp-block-group is-style-ext-preset--group--natural-1--item-card-1--align-center has-global-padding is-layout-constrained wp-block-group-is-layout-constrained is-style-ext-preset--group--natural-1--item-card-1--align-center--10\">\n<div class=\"wp-block-group is-style-default has-global-padding is-layout-constrained wp-block-group-is-layout-constrained\">\n<figure class=\"wp-block-image aligncenter size-large ext-aspect-landscape wp-duotone-primary-foreground\"><img decoding=\"async\" src=\"data:image\/svg+xml;base64,PHN2ZyB4bWxucz0iaHR0cDovL3d3dy53My5vcmcvMjAwMC9zdmciIHdpZHRoPSI0OCIgaGVpZ2h0PSI0OCIgZmlsbD0iIzAwMDAwMCIgdmlld0JveD0iMCAwIDI1NiAyNTYiPjxwYXRoIGQ9Ik04MCw0MGE0MCw0MCwwLDEsMCw0MCw0MEE0MCw0MCwwLDAsMCw4MCw0MFptMCw2NGEyNCwyNCwwLDEsMSwyNC0yNEEyNCwyNCwwLDAsMSw4MCwxMDRabTk2LDE2YTQwLDQwLDAsMSwwLTQwLTQwQTQwLDQwLDAsMCwwLDE3NiwxMjBabTAtNjRhMjQsMjQsMCwxLDEtMjQsMjRBMjQsMjQsMCwwLDEsMTc2LDU2Wk04MCwxMzZhNDAsNDAsMCwxLDAsNDAsNDBBNDAsNDAsMCwwLDAsODAsMTM2Wm0wLDY0YTI0LDI0LDAsMSwxLDI0LTI0QTI0LDI0LDAsMCwxLDgwLDIwMFptOTYtNjRhNDAsNDAsMCwxLDAsNDAsNDBBNDAsNDAsMCwwLDAsMTc2LDEzNlptMCw2NGEyNCwyNCwwLDEsMSwyNC0yNEEyNCwyNCwwLDAsMSwxNzYsMjAwWiI+PC9wYXRoPjwvc3ZnPg==\" alt=\"\" style=\"object-fit:cover\"\/><\/figure>\n\n\n\n<h3 class=\"wp-block-heading has-text-align-center\">Robes de mari\u00e9e\/jupes de bal\/caftans sur mesure<\/h3>\n\n\n\n<p class=\"has-text-align-center\">Nous garantissons des fabrications individuelles avec une finition de premi\u00e8re qualit\u00e9.<\/p>\n<\/div>\n<\/div>\n<\/div>\n\n\n\n<div class=\"wp-block-column is-vertically-aligned-stretch ext-animate--on is-layout-flow wp-container-core-column-is-layout-f5bb311e wp-block-column-is-layout-flow\">\n<div class=\"wp-block-group is-style-ext-preset--group--natural-1--item-card-1--align-center has-global-padding is-layout-constrained wp-block-group-is-layout-constrained is-style-ext-preset--group--natural-1--item-card-1--align-center--11\">\n<div class=\"wp-block-group is-style-default has-global-padding is-layout-constrained wp-block-group-is-layout-constrained\">\n<figure class=\"wp-block-image aligncenter size-large ext-aspect-landscape wp-duotone-primary-foreground\"><img decoding=\"async\" src=\"data:image\/svg+xml;base64,PHN2ZyB4bWxucz0iaHR0cDovL3d3dy53My5vcmcvMjAwMC9zdmciIHdpZHRoPSI0OCIgaGVpZ2h0PSI0OCIgZmlsbD0iIzAwMDAwMCIgdmlld0JveD0iMCAwIDI1NiAyNTYiPjxwYXRoIGQ9Ik04MCw0MGE0MCw0MCwwLDEsMCw0MCw0MEE0MCw0MCwwLDAsMCw4MCw0MFptMCw2NGEyNCwyNCwwLDEsMSwyNC0yNEEyNCwyNCwwLDAsMSw4MCwxMDRabTk2LDE2YTQwLDQwLDAsMSwwLTQwLTQwQTQwLDQwLDAsMCwwLDE3NiwxMjBabTAtNjRhMjQsMjQsMCwxLDEtMjQsMjRBMjQsMjQsMCwwLDEsMTc2LDU2Wk04MCwxMzZhNDAsNDAsMCwxLDAsNDAsNDBBNDAsNDAsMCwwLDAsODAsMTM2Wm0wLDY0YTI0LDI0LDAsMSwxLDI0LTI0QTI0LDI0LDAsMCwxLDgwLDIwMFptMTM2LTI0YTgsOCwwLDAsMS04LDhIMTg0djI0YTgsOCwwLDAsMS0xNiwwVjE4NEgxNDRhOCw4LDAsMCwxLDAtMTZoMjRWMTQ0YTgsOCwwLDAsMSwxNiwwdjI0aDI0QTgsOCwwLDAsMSwyMTYsMTc2WiI+PC9wYXRoPjwvc3ZnPg==\" alt=\"\" style=\"object-fit:cover\"\/><\/figure>\n\n\n\n<h3 class=\"wp-block-heading has-text-align-center\">Mode de soir\u00e9e pour toutes les occasions<\/h3>\n\n\n\n<p class=\"has-text-align-center\">Notre collection vous propose des designs exclusifs pour des performances parfaites.<\/p>\n<\/div>\n<\/div>\n<\/div>\n<\/div>\n<\/div>\n\n\n\n<div style=\"display: flex; justify-content: center;\">Publicit\u00e9 d'affiliation\n<a href=\"https:\/\/a.check24.net\/misc\/click.php?pid=63309&#038;aid=213&#038;deep=mietwagen-preisvergleich&#038;cat=10\" target=\"_blank\"><img loading=\"lazy\" decoding=\"async\" src=\"https:\/\/a.check24.net\/misc\/view.php?pid=63309&#038;aid=213&#038;cat=10\" width=\"300\" height=\"250\" style=\"max-width: 100%; height: auto;\" ><\/a>\n\n\n\n<figure class=\"wp-block-image size-full is-resized ext-animate--on\"><a href=\"http:\/\/reklamto.de\"><img loading=\"lazy\" decoding=\"async\" width=\"788\" height=\"488\" src=\"https:\/\/tolcu.com\/wp-content\/uploads\/2026\/04\/deutsch-turkische-werbung-reklam-ubersetzer-bedava-almanya-1.jpg\" alt=\"\" class=\"wp-image-2219\" style=\"aspect-ratio:2.992528320077127;width:344px;height:auto\" srcset=\"https:\/\/tolcu.com\/wp-content\/uploads\/2026\/04\/deutsch-turkische-werbung-reklam-ubersetzer-bedava-almanya-1.jpg 788w, https:\/\/tolcu.com\/wp-content\/uploads\/2026\/04\/deutsch-turkische-werbung-reklam-ubersetzer-bedava-almanya-1-300x186.jpg 300w, https:\/\/tolcu.com\/wp-content\/uploads\/2026\/04\/deutsch-turkische-werbung-reklam-ubersetzer-bedava-almanya-1-768x476.jpg 768w, https:\/\/tolcu.com\/wp-content\/uploads\/2026\/04\/deutsch-turkische-werbung-reklam-ubersetzer-bedava-almanya-1-18x12.jpg 18w\" sizes=\"auto, (max-width: 788px) 100vw, 788px\" \/><\/a><\/figure>","protected":false},"excerpt":{"rendered":"<p>Brautmoden Mannheim T\u00fcrkische Brautkleider Abendmoden Mannheim Abiballkleider Kaftan Abiye Exklusive Brautmode &amp; Anz\u00fcge f\u00fcr besondere Momente Entdecken Sie bei Tolcu Brautmode exklusive Kleider, elegante Abendmode und perfekt sitzende Br\u00e4utigamanz\u00fcge \u2013 f\u00fcr jeden Stil und jede Gr\u00f6\u00dfe, auch XXL. Exklusive Braut- und Abendmode in Mannheim Tolcu bietet hochwertige Braut- und Abendmode mit Fokus auf individuelle Beratung [&hellip;]<\/p>\n","protected":false},"author":1,"featured_media":0,"parent":0,"menu_order":0,"comment_status":"closed","ping_status":"closed","template":"no-title","meta":{"pgc_sgb_lightbox_settings":"","footnotes":""},"class_list":["post-27","page","type-page","status-publish","hentry"],"_links":{"self":[{"href":"https:\/\/tolcu.com\/fr\/wp-json\/wp\/v2\/pages\/27","targetHints":{"allow":["GET"]}}],"collection":[{"href":"https:\/\/tolcu.com\/fr\/wp-json\/wp\/v2\/pages"}],"about":[{"href":"https:\/\/tolcu.com\/fr\/wp-json\/wp\/v2\/types\/page"}],"author":[{"embeddable":true,"href":"https:\/\/tolcu.com\/fr\/wp-json\/wp\/v2\/users\/1"}],"replies":[{"embeddable":true,"href":"https:\/\/tolcu.com\/fr\/wp-json\/wp\/v2\/comments?post=27"}],"version-history":[{"count":86,"href":"https:\/\/tolcu.com\/fr\/wp-json\/wp\/v2\/pages\/27\/revisions"}],"predecessor-version":[{"id":2344,"href":"https:\/\/tolcu.com\/fr\/wp-json\/wp\/v2\/pages\/27\/revisions\/2344"}],"wp:attachment":[{"href":"https:\/\/tolcu.com\/fr\/wp-json\/wp\/v2\/media?parent=27"}],"curies":[{"name":"wp","href":"https:\/\/api.w.org\/{rel}","templated":true}]}}