{"id":1384,"date":"2026-03-17T09:23:28","date_gmt":"2026-03-17T09:23:28","guid":{"rendered":"https:\/\/tolcu.com\/?page_id=1384"},"modified":"2026-04-22T09:47:29","modified_gmt":"2026-04-22T09:47:29","slug":"hakkimizda-geli%cc%87nli%cc%87k-moda-magazasi","status":"publish","type":"page","link":"https:\/\/tolcu.com\/tr\/ueber-uns-brautmode-fachgeschaft\/","title":{"rendered":"Hakk\u0131m\u0131zda"},"content":{"rendered":"<div class=\"wp-block-group alignfull is-style-ext-preset--group--natural-1--section ext-animate--on has-background-background-color has-background has-global-padding is-layout-constrained wp-block-group-is-layout-constrained\" style=\"margin-top:0;margin-bottom:0;padding-top:var(--wp--preset--spacing--70);padding-bottom:var(--wp--preset--spacing--70)\">\n<div class=\"wp-block-columns alignwide are-vertically-aligned-center ext-animate--on is-layout-flex wp-container-core-columns-is-layout-174606dc wp-block-columns-is-layout-flex\">\n<div class=\"wp-block-column is-vertically-aligned-center ext-animate--on is-layout-flow wp-block-column-is-layout-flow\">\n<h2 class=\"wp-block-heading ext-animate--on\">2006'dan beri e\u015fsiz gelinlik modas\u0131 ile her d\u00fc\u011f\u00fcn\u00fc unutulmaz k\u0131l\u0131yoruz.<\/h2>\n\n\n\n<p class=\"ext-animate--on\" style=\"margin-top:1.5rem\">Almanya'da en iyi bilinen T\u00fcrk d\u00fc\u011f\u00fcn moda evlerinden biriyiz!<\/p>\n\n\n\n<p class=\"ext-animate--on\">Biz farkl\u0131y\u0131z - T\u00fcrkiye'deki gibi fiyatlarla en iyi fiyatlar ve en y\u00fcksek kalite.<\/p>\n\n\n\n<p class=\"ext-animate--on\">Kendi \u00fcr\u00fcnleri, kendi markas\u0131, kendi fiyatlar\u0131, kendi i\u015fi.<\/p>\n\n\n\n<p class=\"ext-animate--on\">Modehaus Tolcu 2006 y\u0131l\u0131ndan bu yana deneyim ve hizmeti temsil etmektedir.<\/p>\n\n\n\n<p class=\"ext-animate--on\">Daniela Katzenberger'in ziyareti de dahil olmak \u00fczere Alman televizyonundan (SWR &amp; VOX) iyi bilinmektedir.<\/p>\n\n\n\n<p class=\"ext-animate--on\">Alman televizyonundan iyi bilinir:<\/p>\n\n\n\n<p class=\"ext-animate--on\">A\u015fk\u0131n d\u00fc\u015ft\u00fc\u011f\u00fc yer - Her \u00e7ift farkl\u0131d\u0131r (VOX)<\/p>\n\n\n\n<p class=\"ext-animate--on\">T\u00fcller i\u00e7indeki ev - Bilal ve d\u00fc\u011f\u00fcn ma\u011fazas\u0131 (SWR-BW)<\/p>\n\n\n\n<p class=\"ext-animate--on\">Ludwigshafen \u00e7evresinde - Anavatana ke\u015fif gezisi (SWR-BW)<br>Alman sunucu ve model Daniela Katzenberger de bizi ziyaret etti.<\/p>\n\n\n\n<p class=\"ext-animate--on\">T\u00fcl ve G\u00f6zya\u015flar\u0131 Aras\u0131nda (VOX)<\/p>\n\n\n\n<p class=\"ext-animate--on\">Siz hayal edin - biz m\u00fckemmel elbisenizi dikelim: gelinlik, k\u0131na elbisesi, kaftan, ni\u015fan elbisesi veya nikah dairesi elbisesi.<br>\u015eeffaf ya da kapal\u0131, denizk\u0131z\u0131, prenses ya da A kesim.<\/p>\n\n\n\n<p class=\"ext-animate--on\">Modehaus Tolcu, Avrupa'da en iyi bilinen T\u00fcrk gelinlik moda sitelerinden biridir.<\/p>\n\n\n\n<p class=\"ext-animate--on\" style=\"margin-top:1.5rem\">Almanya'n\u0131n her yerinden ve \u0130svi\u00e7re, Avusturya, Fransa, Bel\u00e7ika, Hollanda, Danimarka, \u0130talya, \u0130ngiltere ve M\u0131s\u0131r gibi di\u011fer bir\u00e7ok \u00fclkeden m\u00fc\u015fteriler.<\/p>\n\n\n\n<p class=\"ext-animate--on\">Tolcu tescilli bir ticari markad\u0131r<\/p>\n<\/div>\n\n\n\n<div class=\"wp-block-column is-vertically-aligned-center ext-animate--on is-layout-flow wp-block-column-is-layout-flow\">\n<figure class=\"wp-block-image size-full is-style-ext-preset--image--natural-1--image-1--content-left ext-animate--on is-style-ext-preset--image--natural-1--image-1--content-left--2\"><img loading=\"lazy\" decoding=\"async\" width=\"1080\" height=\"1005\" src=\"https:\/\/tolcu.com\/wp-content\/uploads\/2026\/03\/Screenshot_20260318_122446_Instagram.jpg\" alt=\"\" class=\"wp-image-1944\" srcset=\"https:\/\/tolcu.com\/wp-content\/uploads\/2026\/03\/Screenshot_20260318_122446_Instagram.jpg 1080w, https:\/\/tolcu.com\/wp-content\/uploads\/2026\/03\/Screenshot_20260318_122446_Instagram-300x279.jpg 300w, https:\/\/tolcu.com\/wp-content\/uploads\/2026\/03\/Screenshot_20260318_122446_Instagram-1024x953.jpg 1024w, https:\/\/tolcu.com\/wp-content\/uploads\/2026\/03\/Screenshot_20260318_122446_Instagram-768x715.jpg 768w\" sizes=\"auto, (max-width: 1080px) 100vw, 1080px\" \/><\/figure>\n<\/div>\n<\/div>\n\n\n\n<div style=\"display: flex; justify-content: center;\">Sat\u0131\u015f Ortakl\u0131\u011f\u0131 Reklamc\u0131l\u0131\u011f\u0131\n<a href=\"https:\/\/a.check24.net\/misc\/click.php?pid=63309&#038;aid=258&#038;deep=pauschalreisen-vergleich&#038;cat=9\" target=\"_blank\"><img loading=\"lazy\" decoding=\"async\" src=\"https:\/\/a.check24.net\/misc\/view.php?pid=63309&#038;aid=258&#038;cat=9\" width=\"300\" height=\"250\" style=\"max-width: 100%; height: auto;\" ><\/a>\n<\/div>\n<\/div>\n\n\n\n<div class=\"wp-block-group alignfull is-style-ext-preset--group--natural-1--section ext-animate--on has-background-background-color has-background has-global-padding is-layout-constrained wp-container-core-group-is-layout-f72f1611 wp-block-group-is-layout-constrained\" style=\"margin-top:0;margin-bottom:0;padding-top:var(--wp--preset--spacing--70);padding-bottom:var(--wp--preset--spacing--70)\">\n<div class=\"wp-block-group alignwide ext-is-logical-start ext-animate--on has-global-padding is-content-justification-left is-layout-constrained wp-container-core-group-is-layout-6729bdbe wp-block-group-is-layout-constrained\">\n<h2 class=\"wp-block-heading ext-animate--on\">2006'dan beri benzersiz gelinlik modas\u0131 ile hayalinizdeki d\u00fc\u011f\u00fcn\u00fc tasarl\u0131yoruz.<\/h2>\n\n\n\n<p class=\"has-text-align-left ext-animate--on\">Klasikten XXL'e kadar her tarza uygun gelinlik \u00e7e\u015fitlerimizi ke\u015ffedin.<\/p>\n<\/div>\n<\/div>\n\n\n\n<div class=\"wp-block-group alignfull is-style-ext-preset--group--natural-1--section ext-animate--on has-background-background-color has-background has-global-padding is-layout-constrained wp-block-group-is-layout-constrained\" style=\"margin-top:0;margin-bottom:0;padding-top:var(--wp--preset--spacing--70);padding-bottom:var(--wp--preset--spacing--70)\"><\/div>","protected":false},"excerpt":{"rendered":"<p>Seit 2006 machen wir jede Hochzeit mit einzigartiger Brautmode unvergesslich. Wir sind eines der bekanntesten t\u00fcrkischen Hochzeitsmodeh\u00e4user in Deutschland! Wir sind anders \u2013 beste Preise &amp; h\u00f6chste Qualit\u00e4t, zu Preisen wie in der T\u00fcrkei. Eigene Produkte, eigene Marke, eigene Preise, eigenes Gesch\u00e4ft. Modehaus Tolcu steht seit 2006 f\u00fcr Erfahrung und Service. Bekannt aus dem deutschen [&hellip;]<\/p>\n","protected":false},"author":1,"featured_media":0,"parent":0,"menu_order":0,"comment_status":"closed","ping_status":"closed","template":"page-with-title","meta":{"pgc_sgb_lightbox_settings":"","footnotes":""},"class_list":["post-1384","page","type-page","status-publish","hentry"],"_links":{"self":[{"href":"https:\/\/tolcu.com\/tr\/wp-json\/wp\/v2\/pages\/1384","targetHints":{"allow":["GET"]}}],"collection":[{"href":"https:\/\/tolcu.com\/tr\/wp-json\/wp\/v2\/pages"}],"about":[{"href":"https:\/\/tolcu.com\/tr\/wp-json\/wp\/v2\/types\/page"}],"author":[{"embeddable":true,"href":"https:\/\/tolcu.com\/tr\/wp-json\/wp\/v2\/users\/1"}],"replies":[{"embeddable":true,"href":"https:\/\/tolcu.com\/tr\/wp-json\/wp\/v2\/comments?post=1384"}],"version-history":[{"count":3,"href":"https:\/\/tolcu.com\/tr\/wp-json\/wp\/v2\/pages\/1384\/revisions"}],"predecessor-version":[{"id":2313,"href":"https:\/\/tolcu.com\/tr\/wp-json\/wp\/v2\/pages\/1384\/revisions\/2313"}],"wp:attachment":[{"href":"https:\/\/tolcu.com\/tr\/wp-json\/wp\/v2\/media?parent=1384"}],"curies":[{"name":"wp","href":"https:\/\/api.w.org\/{rel}","templated":true}]}}