{"id":24,"date":"2026-03-15T13:14:16","date_gmt":"2026-03-15T13:14:16","guid":{"rendered":"https:\/\/tolcu.com\/portfolio\/"},"modified":"2026-05-11T12:48:27","modified_gmt":"2026-05-11T12:48:27","slug":"damatlik-geli%cc%87nli%cc%87k","status":"publish","type":"page","link":"https:\/\/tolcu.com\/tr\/damatlik-brautigam\/","title":{"rendered":"Erkek tak\u0131m elbise Damatl\u0131k Mannheim"},"content":{"rendered":"<div class=\"wp-block-group alignfull is-style-ext-preset--group--natural-1--section has-background-background-color has-background has-global-padding is-layout-constrained wp-container-core-group-is-layout-7276a2bb wp-block-group-is-layout-constrained\" style=\"margin-top:0;margin-bottom:0;padding-top:var(--wp--preset--spacing--60);padding-right:var(--wp--preset--spacing--30);padding-bottom:var(--wp--preset--spacing--60);padding-left:var(--wp--preset--spacing--30)\">\n<div class=\"wp-block-columns alignwide are-vertically-aligned-center is-layout-flex wp-container-core-columns-is-layout-47c06fe3 wp-block-columns-is-layout-flex\">\n<div class=\"wp-block-column is-vertically-aligned-center is-layout-flow wp-container-core-column-is-layout-f5bb311e wp-block-column-is-layout-flow\" style=\"flex-basis:50%\">\n<figure class=\"wp-block-image size-full ext-animate--on\"><img loading=\"lazy\" decoding=\"async\" width=\"1024\" height=\"1024\" src=\"https:\/\/tolcu.com\/wp-content\/uploads\/2026\/03\/image-8.jpg\" alt=\"\" class=\"wp-image-938\" srcset=\"https:\/\/tolcu.com\/wp-content\/uploads\/2026\/03\/image-8.jpg 1024w, https:\/\/tolcu.com\/wp-content\/uploads\/2026\/03\/image-8-300x300.jpg 300w, https:\/\/tolcu.com\/wp-content\/uploads\/2026\/03\/image-8-150x150.jpg 150w, https:\/\/tolcu.com\/wp-content\/uploads\/2026\/03\/image-8-768x768.jpg 768w\" sizes=\"auto, (max-width: 1024px) 100vw, 1024px\" \/><\/figure>\n<\/div>\n\n\n\n<div class=\"wp-block-column is-vertically-aligned-center is-layout-flow wp-block-column-is-layout-flow\" style=\"flex-basis:60%\">\n<h1 class=\"wp-block-heading ext-animate--on has-large-font-size\">Damatl\u0131k &amp; Erkek Tak\u0131m Elbise Damatlik 2026 Mannheim yak\u0131n<\/h1>\n\n\n\n<h2 class=\"wp-block-heading ext-animate--on has-large-font-size\">D\u00fc\u011f\u00fcnler, ni\u015fanlar ve mezuniyet balolar\u0131 i\u00e7in \u015fenlikli erkek tak\u0131m elbiseleri<\/h2>\n\n\n\n<p class=\"ext-animate--on\">Tolcu.com, Mannheim yak\u0131nlar\u0131ndaki y\u00fcksek kaliteli damatl\u0131k, erkek tak\u0131m elbise ve bayram k\u0131yafetleri i\u00e7in \u00f6zel uzman ma\u011fazan\u0131zd\u0131r. Ki\u015fiselle\u015ftirilmi\u015f tavsiyeler, m\u00fckemmel uyum ve zamans\u0131z bir \u015f\u0131kl\u0131k sunuyoruz.<\/p>\n\n\n\n<p class=\"ext-animate--on\">\u0130ster damat, ister d\u00fc\u011f\u00fcn davetlisi, ister ni\u015fanl\u0131 ya da balo ziyaret\u00e7isi olun, Tolcu'da 2026'daki her \u00f6zel g\u00fcn i\u00e7in do\u011fru tak\u0131m elbiseyi bulacaks\u0131n\u0131z. \u00dcr\u00fcn yelpazemiz, y\u00fcksek kaliteli kuma\u015flar, modern kesimler ve birinci s\u0131n\u0131f i\u015f\u00e7ilikle etkileyen \u00f6zenle se\u00e7ilmi\u015f damatl\u0131k, Damatl\u0131k, Erkek Tak\u0131m\u0131, erkek tak\u0131m elbise ve festival etkinlik modas\u0131n\u0131 i\u00e7erir. Her tak\u0131m elbise, stil, konfor ve kalitenin m\u00fckemmel uyumunu sa\u011flamak i\u00e7in \u00f6zelle\u015ftirilir.<\/p>\n\n\n\n<p class=\"ext-animate--on\">Neden Tolcu.com Mannheim'da?<\/p>\n\n\n\n<p class=\"ext-animate--on\">Sahada ki\u015fisel dan\u0131\u015fmanl\u0131k<\/p>\n\n\n\n<p class=\"ext-animate--on\">\u00d6zel damatl\u0131klar ve \u015fenlikli erkek tak\u0131mlar\u0131<\/p>\n\n\n\n<p class=\"ext-animate--on\">D\u00fc\u011f\u00fcnler, ni\u015fanlar, mezuniyet balolar\u0131 veya \u00f6zel etkinlikler i\u00e7in modern ve klasik tasar\u0131mlar 2026<\/p>\n\n\n\n<p class=\"ext-animate--on\" style=\"margin-top:16px\">Mannheim yak\u0131nlar\u0131ndaki Tolcu'yu ziyaret edin ve d\u00fc\u011f\u00fcnler, ni\u015fanlar, balolar veya \u00f6zel g\u00fcnler i\u00e7in erkek modas\u0131n\u0131 en \u00fcst d\u00fczeyde deneyimleyin. Tolcu.com - damatl\u0131k, erkek tak\u0131m elbise ve festival etkinlik modas\u0131 i\u00e7in uzman\u0131n\u0131z 2026.<\/p>\n<\/div>\n<\/div>\n<\/div>\n\n\n\n<div class=\"wp-block-buttons ext-animate--on is-layout-flex wp-block-buttons-is-layout-flex\">\n<div class=\"wp-block-button\"><a class=\"wp-block-button__link has-text-align-center wp-element-button\" href=\"https:\/\/tolcu.com\/kontakt\/\">\u015eimdi randevu al\u0131n<\/a><\/div>\n<\/div>\n\n\n\n<div class=\"wp-block-group alignfull is-style-ext-preset--group--natural-1--section has-background-background-color has-background has-global-padding is-layout-constrained wp-container-core-group-is-layout-e955bbaf wp-block-group-is-layout-constrained\" style=\"margin-top:0;margin-bottom:0;padding-top:var(--wp--preset--spacing--70);padding-bottom:var(--wp--preset--spacing--70)\">\n<div style=\"display: flex; justify-content: center;\">Sat\u0131\u015f Ortakl\u0131\u011f\u0131 Reklamc\u0131l\u0131\u011f\u0131\n<a href=\"https:\/\/a.check24.net\/misc\/click.php?pid=63309&#038;aid=258&#038;deep=pauschalreisen-vergleich&#038;cat=9\" target=\"_blank\"><img loading=\"lazy\" decoding=\"async\" src=\"https:\/\/a.check24.net\/misc\/view.php?pid=63309&#038;aid=258&#038;cat=9\" width=\"300\" height=\"250\" style=\"max-width: 100%; height: auto;\" ><\/a>\n<\/div>\n\n\n\n<div class=\"wp-block-columns alignwide is-layout-flex wp-container-core-columns-is-layout-28f84493 wp-block-columns-is-layout-flex\">\n<div class=\"wp-block-column is-vertically-aligned-stretch ext-animate--on is-layout-flow wp-block-column-is-layout-flow\">\n<div class=\"wp-block-group is-style-default has-tertiary-background-color has-background is-vertical is-content-justification-stretch is-layout-flex wp-container-core-group-is-layout-4cb539e6 wp-block-group-is-layout-flex\" style=\"min-height:100%;padding-top:0;padding-right:0;padding-bottom:0;padding-left:0\">\n<figure class=\"wp-block-image size-full\"><img loading=\"lazy\" decoding=\"async\" width=\"951\" height=\"1186\" src=\"https:\/\/tolcu.com\/wp-content\/uploads\/2026\/03\/herrenanzug-braun-2026-mannheim-turkische.jpg\" alt=\"\" class=\"wp-image-2198\" style=\"aspect-ratio:1;object-fit:cover\"\/><\/figure>\n\n\n\n<div class=\"wp-block-group is-style-default wp-container-content-9cfa9a5a is-vertical is-content-justification-stretch is-layout-flex wp-container-core-group-is-layout-d1099038 wp-block-group-is-layout-flex\" style=\"margin-top:0;padding-top:1.5rem;padding-right:1.5rem;padding-bottom:1.5rem;padding-left:1.5rem\">\n<figure class=\"wp-block-image size-large ext-animate--on\"><img loading=\"lazy\" decoding=\"async\" width=\"576\" height=\"1024\" src=\"https:\/\/tolcu.com\/wp-content\/uploads\/2026\/03\/xx-uebergrosse-Herrenanzuge-576x1024.webp\" alt=\"\" class=\"wp-image-920\" srcset=\"https:\/\/tolcu.com\/wp-content\/uploads\/2026\/03\/xx-uebergrosse-Herrenanzuge-576x1024.webp 576w, https:\/\/tolcu.com\/wp-content\/uploads\/2026\/03\/xx-uebergrosse-Herrenanzuge-169x300.webp 169w, https:\/\/tolcu.com\/wp-content\/uploads\/2026\/03\/xx-uebergrosse-Herrenanzuge-768x1365.webp 768w, https:\/\/tolcu.com\/wp-content\/uploads\/2026\/03\/xx-uebergrosse-Herrenanzuge-864x1536.webp 864w, https:\/\/tolcu.com\/wp-content\/uploads\/2026\/03\/xx-uebergrosse-Herrenanzuge.webp 1080w\" sizes=\"auto, (max-width: 576px) 100vw, 576px\" \/><\/figure>\n<\/div>\n<\/div>\n<\/div>\n\n\n\n<div class=\"wp-block-column is-vertically-aligned-stretch ext-animate--on is-layout-flow wp-block-column-is-layout-flow\">\n<div class=\"wp-block-group is-style-ext-preset--group--natural-1--item-card-1--align-start has-tertiary-background-color has-background is-vertical is-content-justification-stretch is-layout-flex wp-container-core-group-is-layout-4cb539e6 wp-block-group-is-layout-flex is-style-ext-preset--group--natural-1--item-card-1--align-start--3\" style=\"min-height:100%;padding-top:0;padding-right:0;padding-bottom:0;padding-left:0\">\n<figure class=\"wp-block-image size-large\"><img loading=\"lazy\" decoding=\"async\" width=\"1024\" height=\"768\" src=\"https:\/\/tolcu.com\/wp-content\/uploads\/2026\/03\/2018-damatlik-mannheim-1-1024x768.jpg\" alt=\"\" class=\"wp-image-922\" style=\"aspect-ratio:1;object-fit:cover\" srcset=\"https:\/\/tolcu.com\/wp-content\/uploads\/2026\/03\/2018-damatlik-mannheim-1-1024x768.jpg 1024w, https:\/\/tolcu.com\/wp-content\/uploads\/2026\/03\/2018-damatlik-mannheim-1-300x225.jpg 300w, https:\/\/tolcu.com\/wp-content\/uploads\/2026\/03\/2018-damatlik-mannheim-1-768x576.jpg 768w, https:\/\/tolcu.com\/wp-content\/uploads\/2026\/03\/2018-damatlik-mannheim-1-1536x1152.jpg 1536w, https:\/\/tolcu.com\/wp-content\/uploads\/2026\/03\/2018-damatlik-mannheim-1.jpg 2048w\" sizes=\"auto, (max-width: 1024px) 100vw, 1024px\" \/><\/figure>\n\n\n\n<div class=\"wp-block-group is-style-default wp-container-content-9cfa9a5a is-vertical is-content-justification-stretch is-layout-flex wp-container-core-group-is-layout-2f2da33a wp-block-group-is-layout-flex\" style=\"margin-top:0;padding-top:1.5rem;padding-right:1.5rem;padding-bottom:1.5rem;padding-left:1.5rem\">\n<figure class=\"wp-block-image ext-animate--on\"><img loading=\"lazy\" decoding=\"async\" width=\"1024\" height=\"1024\" src=\"https:\/\/tolcu.com\/wp-content\/uploads\/2026\/03\/image-10.jpg\" alt=\"\" class=\"wp-image-946\" srcset=\"https:\/\/tolcu.com\/wp-content\/uploads\/2026\/03\/image-10.jpg 1024w, https:\/\/tolcu.com\/wp-content\/uploads\/2026\/03\/image-10-300x300.jpg 300w, https:\/\/tolcu.com\/wp-content\/uploads\/2026\/03\/image-10-150x150.jpg 150w, https:\/\/tolcu.com\/wp-content\/uploads\/2026\/03\/image-10-768x768.jpg 768w\" sizes=\"auto, (max-width: 1024px) 100vw, 1024px\" \/><\/figure>\n<\/div>\n<\/div>\n<\/div>\n<\/div>\n\n\n\n<figure class=\"wp-block-image size-large is-resized ext-animate--on\"><img loading=\"lazy\" decoding=\"async\" width=\"571\" height=\"1024\" src=\"https:\/\/tolcu.com\/wp-content\/uploads\/2026\/05\/verkaufsoffener-sonntag-brautmode-mannheim-gelinlik-3-571x1024.png\" alt=\"\" class=\"wp-image-2355\" style=\"aspect-ratio:0.5576266939105963;width:374px;height:auto\" srcset=\"https:\/\/tolcu.com\/wp-content\/uploads\/2026\/05\/verkaufsoffener-sonntag-brautmode-mannheim-gelinlik-3-571x1024.png 571w, https:\/\/tolcu.com\/wp-content\/uploads\/2026\/05\/verkaufsoffener-sonntag-brautmode-mannheim-gelinlik-3-167x300.png 167w, https:\/\/tolcu.com\/wp-content\/uploads\/2026\/05\/verkaufsoffener-sonntag-brautmode-mannheim-gelinlik-3-7x12.png 7w, https:\/\/tolcu.com\/wp-content\/uploads\/2026\/05\/verkaufsoffener-sonntag-brautmode-mannheim-gelinlik-3.png 768w\" sizes=\"auto, (max-width: 571px) 100vw, 571px\" \/><\/figure>\n<\/div>","protected":false},"excerpt":{"rendered":"<p>Br\u00e4utigam Anz\u00fcge &amp; Herrenanz\u00fcge Damatlik 2026 in der N\u00e4he von Mannheim Festliche Herrenanz\u00fcge f\u00fcr Hochzeit, Verlobung &amp; Abiball Tolcu.com ist Ihr exklusives Fachgesch\u00e4ft f\u00fcr hochwertige Br\u00e4utigam Anz\u00fcge, Herrenanz\u00fcge und festliche Kleidung in der N\u00e4he von Mannheim. Wir bieten pers\u00f6nliche Beratung, perfekte Passform und zeitlose Eleganz. Ob Br\u00e4utigam, Hochzeitsgast, Verlobter oder Abiballbesucher \u2013 bei Tolcu finden [&hellip;]<\/p>\n","protected":false},"author":1,"featured_media":0,"parent":0,"menu_order":0,"comment_status":"closed","ping_status":"closed","template":"page-with-title","meta":{"pgc_sgb_lightbox_settings":"","footnotes":""},"class_list":["post-24","page","type-page","status-publish","hentry"],"_links":{"self":[{"href":"https:\/\/tolcu.com\/tr\/wp-json\/wp\/v2\/pages\/24","targetHints":{"allow":["GET"]}}],"collection":[{"href":"https:\/\/tolcu.com\/tr\/wp-json\/wp\/v2\/pages"}],"about":[{"href":"https:\/\/tolcu.com\/tr\/wp-json\/wp\/v2\/types\/page"}],"author":[{"embeddable":true,"href":"https:\/\/tolcu.com\/tr\/wp-json\/wp\/v2\/users\/1"}],"replies":[{"embeddable":true,"href":"https:\/\/tolcu.com\/tr\/wp-json\/wp\/v2\/comments?post=24"}],"version-history":[{"count":8,"href":"https:\/\/tolcu.com\/tr\/wp-json\/wp\/v2\/pages\/24\/revisions"}],"predecessor-version":[{"id":2357,"href":"https:\/\/tolcu.com\/tr\/wp-json\/wp\/v2\/pages\/24\/revisions\/2357"}],"wp:attachment":[{"href":"https:\/\/tolcu.com\/tr\/wp-json\/wp\/v2\/media?parent=24"}],"curies":[{"name":"wp","href":"https:\/\/api.w.org\/{rel}","templated":true}]}}