{"id":27,"date":"2026-03-15T13:14:17","date_gmt":"2026-03-15T13:14:17","guid":{"rendered":"https:\/\/tolcu.com\/start\/"},"modified":"2026-04-15T20:41:52","modified_gmt":"2026-04-15T20:41:52","slug":"brautmoden-mannheim-tuerkisch","status":"publish","type":"page","link":"https:\/\/tolcu.com\/tr\/","title":{"rendered":"Mannheim Gelinlik"},"content":{"rendered":"<h1 class=\"wp-block-heading has-text-align-center ext-animate--on has-small-font-size\">Gelin Modas\u0131 Mannheim T\u00fcrk gelinlikleri<\/h1>\n\n\n\n<h2 class=\"wp-block-heading has-text-align-center ext-animate--on has-small-font-size\">Abiye giyim Mannheim balo elbiseleri kaftan Abiye<\/h2>\n\n\n\n<div class=\"wp-block-group alignfull ext-hero-section is-style-ext-preset--group--natural-1--section has-background-background-color has-background has-global-padding is-layout-constrained wp-container-core-group-is-layout-ebc3d855 wp-block-group-is-layout-constrained\" style=\"margin-top:0;margin-bottom:0;padding-top:0;padding-bottom:var(--wp--preset--spacing--70)\">\n<div class=\"wp-block-group alignfull ext-animate--on has-global-padding is-layout-constrained wp-block-group-is-layout-constrained\">\n<div class=\"wp-block-cover alignfull is-light ext-animate--on\" style=\"min-height:499px;aspect-ratio:unset;\"><img loading=\"lazy\" decoding=\"async\" width=\"1024\" height=\"1536\" class=\"wp-block-cover__image-background wp-image-1512 size-full\" alt=\"\" src=\"https:\/\/tolcu.com\/wp-content\/uploads\/2026\/03\/IMG-20260316-WA0049-3.jpg\" style=\"object-position:52% 26%\" data-object-fit=\"cover\" data-object-position=\"52% 26%\" srcset=\"https:\/\/tolcu.com\/wp-content\/uploads\/2026\/03\/IMG-20260316-WA0049-3.jpg 1024w, https:\/\/tolcu.com\/wp-content\/uploads\/2026\/03\/IMG-20260316-WA0049-3-200x300.jpg 200w, https:\/\/tolcu.com\/wp-content\/uploads\/2026\/03\/IMG-20260316-WA0049-3-683x1024.jpg 683w, https:\/\/tolcu.com\/wp-content\/uploads\/2026\/03\/IMG-20260316-WA0049-3-768x1152.jpg 768w\" sizes=\"auto, (max-width: 1024px) 100vw, 1024px\" \/><span aria-hidden=\"true\" class=\"wp-block-cover__background has-background-dim-0 has-background-dim\" style=\"background-color:#ac9d8c\"><\/span><div class=\"wp-block-cover__inner-container is-layout-flow wp-block-cover-is-layout-flow\">\n<p class=\"has-text-align-center has-large-font-size\"><\/p>\n<\/div><\/div>\n<\/div>\n\n\n\n<div class=\"wp-block-columns alignwide is-layout-flex wp-container-core-columns-is-layout-28f84493 wp-block-columns-is-layout-flex\">\n<div class=\"wp-block-column ext-animate--on is-layout-flow wp-block-column-is-layout-flow\">\n<h1 class=\"wp-block-heading alignwide ext-animate--off\">\u00d6zel anlar i\u00e7in se\u00e7kin gelinlik modas\u0131 ve damatl\u0131klar<\/h1>\n<\/div>\n\n\n\n<div class=\"wp-block-column ext-animate--on is-layout-flow wp-block-column-is-layout-flow\">\n<p class=\"ext-animate--off\">Tolcu Bridal Fashion'da XXL dahil her tarz ve her beden i\u00e7in \u00f6zel elbiseleri, zarif gece k\u0131yafetlerini ve m\u00fckemmel uyum sa\u011flayan damatl\u0131klar\u0131 ke\u015ffedin.<\/p>\n\n\n\n<div class=\"wp-block-buttons is-layout-flex wp-block-buttons-is-layout-flex\">\n<div class=\"wp-block-button is-style-ext-preset--button--natural-1--button-1 is-style-ext-preset--button--natural-1--button-1--2\"><a class=\"wp-block-button__link wp-element-button\" href=\"https:\/\/tolcu.com\/kontakt\">\u015eimdi randevu al\u0131n<\/a><\/div>\n<\/div>\n<\/div>\n<\/div>\n<\/div>\n\n\n\n<div class=\"wp-block-group alignfull is-style-ext-preset--group--natural-1--section has-tertiary-background-color has-background has-global-padding is-layout-constrained wp-container-core-group-is-layout-6714b1d7 wp-block-group-is-layout-constrained\" id=\"about\" style=\"margin-top:0;margin-bottom:0;padding-top:var(--wp--preset--spacing--70);padding-bottom:var(--wp--preset--spacing--70)\">\n<h2 class=\"wp-block-heading has-text-align-center ext-animate--on\">Mannheim'da \u00f6zel gelinlik ve gece k\u0131yafetleri<\/h2>\n\n\n\n<p class=\"has-text-align-center ext-animate--on\" style=\"margin-top:1.5rem\">Tolcu, her \u00f6zel g\u00fcn\u00fc \u015f\u0131k hale getirmek i\u00e7in ki\u015fiselle\u015ftirilmi\u015f tavsiyelere ve geni\u015f bir beden yelpazesine odaklanarak y\u00fcksek kaliteli gelinlik ve gece k\u0131yafetleri sunmaktad\u0131r.<\/p>\n<\/div>\n\n\n\n<div class=\"wp-block-group alignfull is-style-ext-preset--group--natural-1--section has-background-background-color has-background has-global-padding is-layout-constrained wp-container-core-group-is-layout-e955bbaf wp-block-group-is-layout-constrained\" style=\"margin-top:0;margin-bottom:0;padding-top:var(--wp--preset--spacing--70);padding-bottom:var(--wp--preset--spacing--70)\">\n<div class=\"wp-block-group alignwide ext-is-logical-start has-global-padding is-content-justification-left is-layout-constrained wp-container-core-group-is-layout-20186816 wp-block-group-is-layout-constrained\">\n<h2 class=\"wp-block-heading has-text-align-left ext-animate--on\">Her durum i\u00e7in zarif gelin ve gece k\u0131yafetleri<\/h2>\n\n\n\n<p class=\"has-text-align-left ext-animate--on\" style=\"margin-top:1.5rem\">Gelinlik uzman\u0131n\u0131z Tolcu Bridal Fashion in Mannheim'a ho\u015f geldiniz, <a href=\"https:\/\/tolcu.com\/abendkleider\/\" data-type=\"page\" data-id=\"26\">Gece k\u0131yafeti<\/a> ve b\u00fcy\u00fck bedenlerde de tak\u0131m elbise.<\/p>\n\n\n\n<p class=\"has-text-align-left ext-animate--on\" style=\"margin-top:1.5rem\">Tolcu Brautmode &amp; Festmode, \u0131smarlama ve b\u00fcy\u00fck bedenler de dahil olmak \u00fczere se\u00e7kin gelinlik, gece k\u0131yafeti ve bayram k\u0131yafetleri i\u00e7in ilk adresinizdir. Gelinlik, damatl\u0131k, abiye, balo elbiseleri, erkek tak\u0131m elbise ve damatl\u0131klardan olu\u015fan geni\u015f bir se\u00e7ki bulacaks\u0131n\u0131z. <a href=\"https:\/\/tolcu.com\/damatlik-brautigam\/\" data-type=\"page\" data-id=\"24\">Damat Tak\u0131mlar\u0131<\/a>, her \u015fey denemek ve sat\u0131n almak i\u00e7in sitede.<\/p>\n\n\n\n<p class=\"ext-animate--on\">Modern tasar\u0131mlar, g\u00fcncel trendler ve cazip, uygun fiyatlarla d\u00fczenli olarak yeni koleksiyonlar sunuyoruz. Tolcu'da, kaliteden \u00f6d\u00fcn vermeden her zaman yeni gelin ve parti k\u0131yafetlerine uygun ko\u015fullarda sahip olacaks\u0131n\u0131z.<\/p>\n\n\n\n<p class=\"ext-animate--on\">Geleneksel \u00fcr\u00fcnlere \u00f6zel bir \u00f6nem verilmektedir. <a href=\"https:\/\/tolcu.com\/abendkleider-abiye-mannheim-abendmoden\/\" data-type=\"page\" data-id=\"26\">T\u00fcrk bayram modas\u0131.<\/a> K\u0131na geceleri, ni\u015fan ve d\u00fc\u011f\u00fcn kutlamalar\u0131 i\u00e7in ideal olan zarif T\u00fcrk bindall\u0131lar\u0131, kaftanlar ve k\u0131na abiyeleri stoklar\u0131m\u0131zda mevcuttur. Stillerimiz en son koleksiyonlardan yenidir, y\u00fcksek standartlarda \u00fcretilmi\u015ftir ve \u00f6l\u00e7\u00fcye g\u00f6re yap\u0131l\u0131r veya istek \u00fczerine b\u00fcy\u00fck bedenlerde mevcuttur.<\/p>\n\n\n\n<p class=\"ext-animate--on\">Uzmanl\u0131k alanlar\u0131m\u0131z <a href=\"https:\/\/tolcu.com\/brautkleider-gelinlik-mannheim-turkische\/\" data-type=\"page\" data-id=\"25\">\u00f6zel geli\u0307nli\u0307kler<\/a>, Balo elbiseleri, kaftanlar ve k\u0131na gecesi elbiseleri - her beden ve her tarz i\u00e7in. \u0130ster standart beden ister b\u00fcy\u00fck beden olsun: Tolcu'da ki\u015fisel tavsiyelerden, yeni koleksiyonlardan ve uygun fiyatlardan faydalan\u0131rs\u0131n\u0131z.<\/p>\n\n\n\n<p class=\"ext-animate--on\">S\u00fcnnet kost\u00fcmleri, \u015f\u0131k davetiye kartlar\u0131, y\u00fcksek kaliteli bonbonlar ve sevgiyle tasarlanm\u0131\u015f konuk hediyeleri ile \u00fcr\u00fcn yelpazemizi tamaml\u0131yoruz - hepsi tek bir kaynaktan.<\/p>\n\n\n\n<p class=\"has-text-align-left ext-animate--on\" style=\"margin-top:1.5rem\">Tolcu Bridal Fashion &amp; Party Fashion'\u0131 ziyaret edin ve yeni koleksiyonlar\u0131 uygun fiyatlarla ke\u015ffedin - yerinde, bireysel ve y\u00fcksek kalite.<\/p>\n<\/div>\n\n\n\n<div class=\"wp-block-columns alignwide is-layout-flex wp-container-core-columns-is-layout-28f84493 wp-block-columns-is-layout-flex\">\n<div class=\"wp-block-column is-vertically-aligned-stretch ext-animate--on is-layout-flow wp-block-column-is-layout-flow\">\n<div class=\"wp-block-group is-style-ext-preset--group--natural-1--item-card-1--align-start has-tertiary-background-color has-background is-vertical is-content-justification-stretch is-layout-flex wp-container-core-group-is-layout-4cb539e6 wp-block-group-is-layout-flex is-style-ext-preset--group--natural-1--item-card-1--align-start--5\" style=\"min-height:100%;padding-top:0;padding-right:0;padding-bottom:0;padding-left:0\">\n<figure class=\"wp-block-image\"><a href=\"https:\/\/tolcu.com\/brautkleider-gelinlik-mannheim-turkische\/\"><img loading=\"lazy\" decoding=\"async\" width=\"1024\" height=\"1024\" src=\"https:\/\/tolcu.com\/wp-content\/uploads\/2026\/03\/image-4.jpg\" alt=\"Gelinlik Mannheim 880 Euro&#039;dan ba\u015flayan fiyatlarla\" class=\"wp-image-133\" style=\"aspect-ratio:1;object-fit:cover\" srcset=\"https:\/\/tolcu.com\/wp-content\/uploads\/2026\/03\/image-4.jpg 1024w, https:\/\/tolcu.com\/wp-content\/uploads\/2026\/03\/image-4-300x300.jpg 300w, https:\/\/tolcu.com\/wp-content\/uploads\/2026\/03\/image-4-150x150.jpg 150w, https:\/\/tolcu.com\/wp-content\/uploads\/2026\/03\/image-4-768x768.jpg 768w\" sizes=\"auto, (max-width: 1024px) 100vw, 1024px\" \/><\/a><\/figure>\n\n\n\n<div class=\"wp-block-group is-style-default wp-container-content-9cfa9a5a is-vertical is-content-justification-stretch is-layout-flex wp-container-core-group-is-layout-d1099038 wp-block-group-is-layout-flex\" style=\"margin-top:0;padding-top:1.5rem;padding-right:1.5rem;padding-bottom:1.5rem;padding-left:1.5rem\">\n<div class=\"wp-block-columns is-not-stacked-on-mobile is-layout-flex wp-container-core-columns-is-layout-ea69a204 wp-block-columns-is-layout-flex\">\n<div class=\"wp-block-column is-layout-flow wp-block-column-is-layout-flow\" style=\"flex-basis:66.66%\">\n<h3 class=\"wp-block-heading has-medium-font-size\">Gelinlikler<\/h3>\n\n\n\n<p style=\"margin-top:4px;margin-bottom:0;font-size:14px\">Gelin Modas\u0131 Mannheim<\/p>\n\n\n\n<p class=\"ext-animate--on\">KDV dahil fiyat.<\/p>\n<\/div>\n\n\n\n<div class=\"wp-block-column is-layout-flow wp-block-column-is-layout-flow\" style=\"flex-basis:33.33%\">\n<h3 class=\"wp-block-heading has-text-align-right\" style=\"font-size:clamp(14px, 0.875rem + ((1vw - 3.2px) * 0.625), 20px);\">880,00 \u20ac*<\/h3>\n<\/div>\n<\/div>\n<\/div>\n<\/div>\n<\/div>\n\n\n\n<div class=\"wp-block-column is-vertically-aligned-stretch ext-animate--on is-layout-flow wp-block-column-is-layout-flow\">\n<div class=\"wp-block-group is-style-ext-preset--group--natural-1--item-card-1--align-start has-tertiary-background-color has-background is-vertical is-content-justification-stretch is-layout-flex wp-container-core-group-is-layout-4cb539e6 wp-block-group-is-layout-flex is-style-ext-preset--group--natural-1--item-card-1--align-start--6\" style=\"min-height:100%;padding-top:0;padding-right:0;padding-bottom:0;padding-left:0\">\n<figure class=\"wp-block-image size-full has-custom-border is-style-default\" style=\"margin-top:0;margin-right:0;margin-bottom:0;margin-left:0\"><a href=\"https:\/\/tolcu.com\/abendkleider-abiye-mannheim-abendmoden\/\"><img loading=\"lazy\" decoding=\"async\" width=\"1080\" height=\"1920\" src=\"https:\/\/tolcu.com\/wp-content\/uploads\/2026\/03\/1000518798.jpg\" alt=\"\" class=\"wp-image-138\" style=\"border-style:none;border-width:0px;border-top-left-radius:0px;border-top-right-radius:0px;border-bottom-left-radius:0px;border-bottom-right-radius:0px;aspect-ratio:1;object-fit:cover\"\/><\/a><\/figure>\n\n\n\n<div class=\"wp-block-group is-style-default wp-container-content-9cfa9a5a is-vertical is-content-justification-stretch is-layout-flex wp-container-core-group-is-layout-d1099038 wp-block-group-is-layout-flex\" style=\"margin-top:0;padding-top:1.5rem;padding-right:1.5rem;padding-bottom:1.5rem;padding-left:1.5rem\">\n<div class=\"wp-block-columns is-not-stacked-on-mobile is-layout-flex wp-container-core-columns-is-layout-ea69a204 wp-block-columns-is-layout-flex\">\n<div class=\"wp-block-column is-layout-flow wp-block-column-is-layout-flow\" style=\"flex-basis:66.66%\">\n<h3 class=\"wp-block-heading has-medium-font-size\">Gece elbiseleri<\/h3>\n\n\n\n<p style=\"margin-top:4px;margin-bottom:0;font-size:14px\">Ak\u015fam modas\u0131 Mannnheim<\/p>\n\n\n\n<p class=\"ext-animate--on\">KDV dahil fiyat.<\/p>\n\n\n\n<p class=\"ext-animate--on\"><\/p>\n<\/div>\n\n\n\n<div class=\"wp-block-column is-layout-flow wp-block-column-is-layout-flow\" style=\"flex-basis:33.33%\">\n<h3 class=\"wp-block-heading has-text-align-right\" style=\"font-size:clamp(14px, 0.875rem + ((1vw - 3.2px) * 0.625), 20px);\">99,00 \u20ac*<\/h3>\n<\/div>\n<\/div>\n<\/div>\n<\/div>\n<\/div>\n\n\n\n<div class=\"wp-block-column is-vertically-aligned-stretch ext-animate--on is-layout-flow wp-block-column-is-layout-flow\">\n<div class=\"wp-block-group is-style-ext-preset--group--natural-1--item-card-1--align-start has-tertiary-background-color has-background is-vertical is-content-justification-stretch is-layout-flex wp-container-core-group-is-layout-4cb539e6 wp-block-group-is-layout-flex is-style-ext-preset--group--natural-1--item-card-1--align-start--7\" style=\"min-height:100%;padding-top:0;padding-right:0;padding-bottom:0;padding-left:0\">\n<figure class=\"wp-block-image size-large\"><a href=\"https:\/\/tolcu.com\/damatlik-brautigam\/\"><img loading=\"lazy\" decoding=\"async\" width=\"1024\" height=\"768\" src=\"https:\/\/tolcu.com\/wp-content\/uploads\/2026\/03\/2018-damatlik-mannheim-1024x768.jpg\" alt=\"\" class=\"wp-image-157\" style=\"aspect-ratio:1;object-fit:cover\" srcset=\"https:\/\/tolcu.com\/wp-content\/uploads\/2026\/03\/2018-damatlik-mannheim-1024x768.jpg 1024w, https:\/\/tolcu.com\/wp-content\/uploads\/2026\/03\/2018-damatlik-mannheim-300x225.jpg 300w, https:\/\/tolcu.com\/wp-content\/uploads\/2026\/03\/2018-damatlik-mannheim-768x576.jpg 768w, https:\/\/tolcu.com\/wp-content\/uploads\/2026\/03\/2018-damatlik-mannheim-1536x1152.jpg 1536w, https:\/\/tolcu.com\/wp-content\/uploads\/2026\/03\/2018-damatlik-mannheim.jpg 2048w\" sizes=\"auto, (max-width: 1024px) 100vw, 1024px\" \/><\/a><\/figure>\n\n\n\n<div class=\"wp-block-group is-style-default wp-container-content-9cfa9a5a is-vertical is-content-justification-stretch is-layout-flex wp-container-core-group-is-layout-2f2da33a wp-block-group-is-layout-flex\" style=\"margin-top:0;padding-top:1.5rem;padding-right:1.5rem;padding-bottom:1.5rem;padding-left:1.5rem\">\n<div class=\"wp-block-columns is-not-stacked-on-mobile is-layout-flex wp-container-core-columns-is-layout-ea69a204 wp-block-columns-is-layout-flex\">\n<div class=\"wp-block-column is-layout-flow wp-block-column-is-layout-flow\" style=\"flex-basis:66.66%\">\n<h3 class=\"wp-block-heading has-medium-font-size\">Damatl\u0131k<\/h3>\n\n\n\n<p style=\"margin-top:4px;margin-bottom:0;font-size:14px\">Erkek tak\u0131m elbiseleri Mannheim<\/p>\n\n\n\n<p class=\"ext-animate--on\">KDV dahil fiyat.<\/p>\n\n\n\n<p class=\"ext-animate--on\"><\/p>\n<\/div>\n\n\n\n<div class=\"wp-block-column is-layout-flow wp-block-column-is-layout-flow\" style=\"flex-basis:33.33%\">\n<h3 class=\"wp-block-heading has-text-align-right\" style=\"font-size:clamp(14px, 0.875rem + ((1vw - 3.2px) * 0.625), 20px);\">100,00 \u20ac*<\/h3>\n<\/div>\n<\/div>\n<\/div>\n<\/div>\n<\/div>\n<\/div>\n<\/div>\n\n\n\n<div class=\"wp-block-group alignfull is-style-ext-preset--group--natural-1--section has-tertiary-background-color has-background has-global-padding is-layout-constrained wp-container-core-group-is-layout-e955bbaf wp-block-group-is-layout-constrained\" id=\"services\" style=\"margin-top:0;margin-bottom:0;padding-top:var(--wp--preset--spacing--70);padding-bottom:var(--wp--preset--spacing--70)\">\n<h2 class=\"wp-block-heading has-text-align-center ext-animate--on\">Unutulmaz anlar i\u00e7in bayram modas\u0131<\/h2>\n\n\n\n<p class=\"has-text-align-center ext-animate--on\" style=\"margin-top:1.5rem\">En y\u00fcksek kalite ve m\u00fckemmel hizmetle g\u00f6z dolduran geni\u015f \u00fcr\u00fcn yelpazemizi ke\u015ffedin.<\/p>\n\n\n\n<div class=\"wp-block-columns alignwide is-layout-flex wp-container-core-columns-is-layout-08c01c1c wp-block-columns-is-layout-flex\">\n<div class=\"wp-block-column is-vertically-aligned-stretch ext-animate--on is-layout-flow wp-container-core-column-is-layout-f5bb311e wp-block-column-is-layout-flow\">\n<div class=\"wp-block-group is-style-ext-preset--group--natural-1--item-card-1--align-center has-global-padding is-layout-constrained wp-block-group-is-layout-constrained is-style-ext-preset--group--natural-1--item-card-1--align-center--9\">\n<div class=\"wp-block-group is-style-default has-global-padding is-layout-constrained wp-block-group-is-layout-constrained\">\n<figure class=\"wp-block-image aligncenter size-large ext-aspect-landscape wp-duotone-primary-foreground\"><img decoding=\"async\" src=\"data:image\/svg+xml;base64,PHN2ZyB4bWxucz0iaHR0cDovL3d3dy53My5vcmcvMjAwMC9zdmciIHdpZHRoPSI0OCIgaGVpZ2h0PSI0OCIgZmlsbD0iIzAwMDAwMCIgdmlld0JveD0iMCAwIDI1NiAyNTYiPjxwYXRoIGQ9Ik0xNzIsNzZhNDQsNDQsMCwxLDAtNDQsNDRBNDQuMDUsNDQuMDUsMCwwLDAsMTcyLDc2Wm0tNDQsMjhhMjgsMjgsMCwxLDEsMjgtMjhBMjgsMjgsMCwwLDEsMTI4LDEwNFptNjAsMjRhNDQsNDQsMCwxLDAsNDQsNDRBNDQuMDUsNDQuMDUsMCwwLDAsMTg4LDEyOFptMCw3MmEyOCwyOCwwLDEsMSwyOC0yOEEyOCwyOCwwLDAsMSwxODgsMjAwWk02OCwxMjhhNDQsNDQsMCwxLDAsNDQsNDRBNDQuMDUsNDQuMDUsMCwwLDAsNjgsMTI4Wm0wLDcyYTI4LDI4LDAsMSwxLDI4LTI4QTI4LDI4LDAsMCwxLDY4LDIwMFoiPjwvcGF0aD48L3N2Zz4=\" alt=\"\" style=\"object-fit:cover\"\/><\/figure>\n\n\n\n<h3 class=\"wp-block-heading has-text-align-center\">Gelinlik kiralama fiyatlar\u0131 gibi<\/h3>\n\n\n\n<p class=\"has-text-align-center\">Teklifimiz, isteklerinizi m\u00fckemmel bir \u015fekilde yerine getirmek i\u00e7in \u00f6zel olarak haz\u0131rlanm\u0131\u015ft\u0131r.<\/p>\n<\/div>\n<\/div>\n<\/div>\n\n\n\n<div class=\"wp-block-column is-vertically-aligned-stretch ext-animate--on is-layout-flow wp-container-core-column-is-layout-f5bb311e wp-block-column-is-layout-flow\">\n<div class=\"wp-block-group is-style-ext-preset--group--natural-1--item-card-1--align-center has-global-padding is-layout-constrained wp-block-group-is-layout-constrained is-style-ext-preset--group--natural-1--item-card-1--align-center--10\">\n<div class=\"wp-block-group is-style-default has-global-padding is-layout-constrained wp-block-group-is-layout-constrained\">\n<figure class=\"wp-block-image aligncenter size-large ext-aspect-landscape wp-duotone-primary-foreground\"><img decoding=\"async\" src=\"data:image\/svg+xml;base64,PHN2ZyB4bWxucz0iaHR0cDovL3d3dy53My5vcmcvMjAwMC9zdmciIHdpZHRoPSI0OCIgaGVpZ2h0PSI0OCIgZmlsbD0iIzAwMDAwMCIgdmlld0JveD0iMCAwIDI1NiAyNTYiPjxwYXRoIGQ9Ik04MCw0MGE0MCw0MCwwLDEsMCw0MCw0MEE0MCw0MCwwLDAsMCw4MCw0MFptMCw2NGEyNCwyNCwwLDEsMSwyNC0yNEEyNCwyNCwwLDAsMSw4MCwxMDRabTk2LDE2YTQwLDQwLDAsMSwwLTQwLTQwQTQwLDQwLDAsMCwwLDE3NiwxMjBabTAtNjRhMjQsMjQsMCwxLDEtMjQsMjRBMjQsMjQsMCwwLDEsMTc2LDU2Wk04MCwxMzZhNDAsNDAsMCwxLDAsNDAsNDBBNDAsNDAsMCwwLDAsODAsMTM2Wm0wLDY0YTI0LDI0LDAsMSwxLDI0LTI0QTI0LDI0LDAsMCwxLDgwLDIwMFptOTYtNjRhNDAsNDAsMCwxLDAsNDAsNDBBNDAsNDAsMCwwLDAsMTc2LDEzNlptMCw2NGEyNCwyNCwwLDEsMSwyNC0yNEEyNCwyNCwwLDAsMSwxNzYsMjAwWiI+PC9wYXRoPjwvc3ZnPg==\" alt=\"\" style=\"object-fit:cover\"\/><\/figure>\n\n\n\n<h3 class=\"wp-block-heading has-text-align-center\">\u00d6zel dikim gelinlik\/balo elbiseleri\/kaftanlar<\/h3>\n\n\n\n<p class=\"has-text-align-center\">Birinci s\u0131n\u0131f i\u015f\u00e7ilik ile \u00f6zelle\u015ftirilmi\u015f \u00fcr\u00fcnleri garanti ediyoruz.<\/p>\n<\/div>\n<\/div>\n<\/div>\n\n\n\n<div class=\"wp-block-column is-vertically-aligned-stretch ext-animate--on is-layout-flow wp-container-core-column-is-layout-f5bb311e wp-block-column-is-layout-flow\">\n<div class=\"wp-block-group is-style-ext-preset--group--natural-1--item-card-1--align-center has-global-padding is-layout-constrained wp-block-group-is-layout-constrained is-style-ext-preset--group--natural-1--item-card-1--align-center--11\">\n<div class=\"wp-block-group is-style-default has-global-padding is-layout-constrained wp-block-group-is-layout-constrained\">\n<figure class=\"wp-block-image aligncenter size-large ext-aspect-landscape wp-duotone-primary-foreground\"><img decoding=\"async\" src=\"data:image\/svg+xml;base64,PHN2ZyB4bWxucz0iaHR0cDovL3d3dy53My5vcmcvMjAwMC9zdmciIHdpZHRoPSI0OCIgaGVpZ2h0PSI0OCIgZmlsbD0iIzAwMDAwMCIgdmlld0JveD0iMCAwIDI1NiAyNTYiPjxwYXRoIGQ9Ik04MCw0MGE0MCw0MCwwLDEsMCw0MCw0MEE0MCw0MCwwLDAsMCw4MCw0MFptMCw2NGEyNCwyNCwwLDEsMSwyNC0yNEEyNCwyNCwwLDAsMSw4MCwxMDRabTk2LDE2YTQwLDQwLDAsMSwwLTQwLTQwQTQwLDQwLDAsMCwwLDE3NiwxMjBabTAtNjRhMjQsMjQsMCwxLDEtMjQsMjRBMjQsMjQsMCwwLDEsMTc2LDU2Wk04MCwxMzZhNDAsNDAsMCwxLDAsNDAsNDBBNDAsNDAsMCwwLDAsODAsMTM2Wm0wLDY0YTI0LDI0LDAsMSwxLDI0LTI0QTI0LDI0LDAsMCwxLDgwLDIwMFptMTM2LTI0YTgsOCwwLDAsMS04LDhIMTg0djI0YTgsOCwwLDAsMS0xNiwwVjE4NEgxNDRhOCw4LDAsMCwxLDAtMTZoMjRWMTQ0YTgsOCwwLDAsMSwxNiwwdjI0aDI0QTgsOCwwLDAsMSwyMTYsMTc2WiI+PC9wYXRoPjwvc3ZnPg==\" alt=\"\" style=\"object-fit:cover\"\/><\/figure>\n\n\n\n<h3 class=\"wp-block-heading has-text-align-center\">Her duruma uygun gece k\u0131yafetleri<\/h3>\n\n\n\n<p class=\"has-text-align-center\">Koleksiyonumuz size m\u00fckemmel g\u00f6r\u00fcn\u00fcmler i\u00e7in \u00f6zel tasar\u0131mlar sunuyor.<\/p>\n<\/div>\n<\/div>\n<\/div>\n<\/div>\n<\/div>\n\n\n\n<figure class=\"wp-block-image size-full is-resized ext-animate--on\"><a href=\"http:\/\/reklamto.de\"><img loading=\"lazy\" decoding=\"async\" width=\"788\" height=\"488\" src=\"https:\/\/tolcu.com\/wp-content\/uploads\/2026\/04\/deutsch-turkische-werbung-reklam-ubersetzer-bedava-almanya-1.jpg\" alt=\"\" class=\"wp-image-2219\" style=\"aspect-ratio:2.992528320077127;width:344px;height:auto\" srcset=\"https:\/\/tolcu.com\/wp-content\/uploads\/2026\/04\/deutsch-turkische-werbung-reklam-ubersetzer-bedava-almanya-1.jpg 788w, https:\/\/tolcu.com\/wp-content\/uploads\/2026\/04\/deutsch-turkische-werbung-reklam-ubersetzer-bedava-almanya-1-300x186.jpg 300w, https:\/\/tolcu.com\/wp-content\/uploads\/2026\/04\/deutsch-turkische-werbung-reklam-ubersetzer-bedava-almanya-1-768x476.jpg 768w, https:\/\/tolcu.com\/wp-content\/uploads\/2026\/04\/deutsch-turkische-werbung-reklam-ubersetzer-bedava-almanya-1-18x12.jpg 18w\" sizes=\"auto, (max-width: 788px) 100vw, 788px\" \/><\/a><\/figure>","protected":false},"excerpt":{"rendered":"<p>Brautmoden Mannheim T\u00fcrkische Brautkleider Abendmoden Mannheim Abiballkleider Kaftan Abiye Exklusive Brautmode &amp; Anz\u00fcge f\u00fcr besondere Momente Entdecken Sie bei Tolcu Brautmode exklusive Kleider, elegante Abendmode und perfekt sitzende Br\u00e4utigamanz\u00fcge \u2013 f\u00fcr jeden Stil und jede Gr\u00f6\u00dfe, auch XXL. Exklusive Braut- und Abendmode in Mannheim Tolcu bietet hochwertige Braut- und Abendmode mit Fokus auf individuelle Beratung [&hellip;]<\/p>\n","protected":false},"author":1,"featured_media":0,"parent":0,"menu_order":0,"comment_status":"closed","ping_status":"closed","template":"no-title","meta":{"pgc_sgb_lightbox_settings":"","footnotes":""},"class_list":["post-27","page","type-page","status-publish","hentry"],"_links":{"self":[{"href":"https:\/\/tolcu.com\/tr\/wp-json\/wp\/v2\/pages\/27","targetHints":{"allow":["GET"]}}],"collection":[{"href":"https:\/\/tolcu.com\/tr\/wp-json\/wp\/v2\/pages"}],"about":[{"href":"https:\/\/tolcu.com\/tr\/wp-json\/wp\/v2\/types\/page"}],"author":[{"embeddable":true,"href":"https:\/\/tolcu.com\/tr\/wp-json\/wp\/v2\/users\/1"}],"replies":[{"embeddable":true,"href":"https:\/\/tolcu.com\/tr\/wp-json\/wp\/v2\/comments?post=27"}],"version-history":[{"count":37,"href":"https:\/\/tolcu.com\/tr\/wp-json\/wp\/v2\/pages\/27\/revisions"}],"predecessor-version":[{"id":2223,"href":"https:\/\/tolcu.com\/tr\/wp-json\/wp\/v2\/pages\/27\/revisions\/2223"}],"wp:attachment":[{"href":"https:\/\/tolcu.com\/tr\/wp-json\/wp\/v2\/media?parent=27"}],"curies":[{"name":"wp","href":"https:\/\/api.w.org\/{rel}","templated":true}]}}